{"id":15811,"date":"2023-12-20T12:58:11","date_gmt":"2023-12-20T12:58:11","guid":{"rendered":"https:\/\/malatyaarti.com\/?post_type=product&#038;p=15811"},"modified":"2023-12-21T05:20:21","modified_gmt":"2023-12-21T05:20:21","slug":"dahua-ipc-eb5541-as-5mp-panoramik-fisheye-poe-ip-kamera","status":"publish","type":"product","link":"https:\/\/malatyaarti.com\/index.php\/urun\/dahua-ipc-eb5541-as-5mp-panoramik-fisheye-poe-ip-kamera\/","title":{"rendered":"DAHUA IPC-EB5541-AS 5MP PANORAMIK FISHEYE POE IP KAMERA"},"content":{"rendered":"<table>\n<tbody>\n<tr>\n<td class=\"text\">STOK NO<\/td>\n<td>78691<\/td>\n<\/tr>\n<tr>\n<td class=\"text\">MARKA<\/td>\n<td>DAHUA<\/td>\n<\/tr>\n<tr>\n<td class=\"text\">GARANT\u0130 S\u00dcRES\u0130<\/td>\n<td>24<\/td>\n<\/tr>\n<tr>\n<td class=\"text\">SENS\u00d6R T\u0130P\u0130<\/td>\n<td>1\/2.7\u201d5Megapixel progressive CMOS<\/td>\n<\/tr>\n<tr>\n<td class=\"text\">MAKS\u0130MUM \u00c7\u00d6Z\u00dcN\u00dcRL\u00dcK<\/td>\n<td>2592 (H) \u00d7 1944 (V)<\/td>\n<\/tr>\n<tr>\n<td class=\"text\">LENS<\/td>\n<td>Fixed-focal<\/td>\n<\/tr>\n<tr>\n<td class=\"text\">LENS MONTAJI<\/td>\n<td>M12<\/td>\n<\/tr>\n<tr>\n<td class=\"text\">M\u0130NUMUM AYDINLATMA<\/td>\n<td>0.006 Lux@F2.0 (Color, 30IRE)<\/td>\n<\/tr>\n<tr>\n<td class=\"text\">OBJEKT\u0130F HIZI<\/td>\n<td>Auto\/Manual 1\/3 s\u20131\/100,000 s<\/td>\n<\/tr>\n<tr>\n<td class=\"text\">GECE &amp; G\u00dcND\u00dcZ<\/td>\n<td>Color\/B\/W<\/td>\n<\/tr>\n<tr>\n<td class=\"text\">D\u0130J\u0130TAL G\u00dcR\u00dcLT\u00dc AZALTMA<\/td>\n<td>3D DNR<\/td>\n<\/tr>\n<tr>\n<td class=\"text\">GEN\u0130\u015e D\u0130NAM\u0130K ALAN<\/td>\n<td>120 dB<\/td>\n<\/tr>\n<tr>\n<td class=\"text\">V\u0130DEO SIKI\u015eTIRMA<\/td>\n<td>H.265; H.264; H.264H; H.264B; MJPEG (only supported by the sub stream)<\/td>\n<\/tr>\n<tr>\n<td class=\"text\">V\u0130DEO HIZI<\/td>\n<td>Main stream (2592 \u00d7 1944 @1\u201325\/30 fps)<br \/>\nsub stream (704 \u00d7 576 @1\u201325 fps\/704 \u00d7 480 @1\u201330 fps)<br \/>\nthird stream (1280 \u00d7 720 @1\u201325\/30 fps)H.264: 3 kbps\u20138192 kbps<br \/>\nH.265: 3 kbps\u20138192 kbps<\/td>\n<\/tr>\n<tr>\n<td class=\"text\">A\u011e DEPOLAMA ALANI<\/td>\n<td>FTP; SFTP; Micro SD card (support max. 256 G); NAS<\/td>\n<\/tr>\n<tr>\n<td class=\"text\">ALARM TET\u0130KLEY\u0130C\u0130<\/td>\n<td>Alarm Input : 1 channel in: 5mA 3V\u20135V DC<br \/>\nAlarm Output : 1 channel out: 300mA 12V DC<\/td>\n<\/tr>\n<tr>\n<td class=\"text\">PORTLAR<\/td>\n<td>RJ-45 (10\/100 Base-T)<\/td>\n<\/tr>\n<tr>\n<td class=\"text\">PROTOKOLLER<\/td>\n<td>IPv4; IPv6; HTTP; TCP; UDP; ARP; RTP; RTSP; RTCP; RTMP; SMTP; FTP; SFTP; DHCP; DNS; DDNS; QoS; UPnP; NTP; Multicast; ICMP; IGMP; NFS; PPPoE; SNMP<\/td>\n<\/tr>\n<tr>\n<td class=\"text\">STANDARTLAR<\/td>\n<td>IP67;<br \/>\nIK10<\/td>\n<\/tr>\n<tr>\n<td class=\"text\">G\u00dc\u00c7 GEREKS\u0130N\u0130M\u0130<\/td>\n<td>Basic power consumption: 3.7W (12V DC); 4.7W (PoE)<br \/>\nMax. power consumption (H.265 + intelligent function + WDR): 5.1W (12V DC); 6W (PoE)<\/td>\n<\/tr>\n<tr>\n<td class=\"text\">EK \u00d6ZELL\u0130KLER<\/td>\n<td>Dimensions : 62.0 mm \u00d7 ?110.0 mm (2.44&#8243; \u00d7 ?4.3&#8243;)<br \/>\nNet Weight : 387 g (0.9 lb)<\/td>\n<\/tr>\n<\/tbody>\n<\/table>\n","protected":false},"excerpt":{"rendered":"<p>STOK NO 78691 MARKA DAHUA GARANT\u0130 S\u00dcRES\u0130 24 SENS\u00d6R T\u0130P\u0130 1\/2.7\u201d5Megapixel progressive CMOS MAKS\u0130MUM \u00c7\u00d6Z\u00dcN\u00dcRL\u00dcK 2592 (H) \u00d7 1944 (V)<\/p>\n","protected":false},"featured_media":15812,"comment_status":"open","ping_status":"closed","template":"","meta":[],"product_brand":[],"product_cat":[73],"product_tag":[],"class_list":{"0":"post-15811","1":"product","2":"type-product","3":"status-publish","4":"has-post-thumbnail","6":"product_cat-guvenlik-urunleri","8":"first","9":"instock","10":"shipping-taxable","11":"product-type-simple"},"yoast_head":"<!-- This site is optimized with the Yoast SEO plugin v27.5 - https:\/\/yoast.com\/product\/yoast-seo-wordpress\/ -->\n<title>DAHUA IPC-EB5541-AS 5MP PANORAMIK FISHEYE POE IP KAMERA - Malatya Art\u0131 Bilgisayar &ndash; FortiGate, G&uuml;venlik Kameras\u0131 ve A\u011f &Ccedil;&ouml;z&uuml;mleri<\/title>\n<meta name=\"robots\" content=\"index, follow, max-snippet:-1, max-image-preview:large, max-video-preview:-1\" \/>\n<link rel=\"canonical\" href=\"https:\/\/malatyaarti.com\/index.php\/urun\/dahua-ipc-eb5541-as-5mp-panoramik-fisheye-poe-ip-kamera\/\" \/>\n<meta property=\"og:locale\" content=\"tr_TR\" \/>\n<meta property=\"og:type\" content=\"article\" \/>\n<meta property=\"og:title\" content=\"DAHUA IPC-EB5541-AS 5MP PANORAMIK FISHEYE POE IP KAMERA - Malatya Art\u0131 Bilgisayar &ndash; FortiGate, G&uuml;venlik Kameras\u0131 ve A\u011f &Ccedil;&ouml;z&uuml;mleri\" \/>\n<meta property=\"og:description\" content=\"STOK NO 78691 MARKA DAHUA GARANT\u0130 S\u00dcRES\u0130 24 SENS\u00d6R T\u0130P\u0130 1\/2.7\u201d5Megapixel progressive CMOS MAKS\u0130MUM \u00c7\u00d6Z\u00dcN\u00dcRL\u00dcK 2592 (H) \u00d7 1944 (V)\" \/>\n<meta property=\"og:url\" content=\"https:\/\/malatyaarti.com\/index.php\/urun\/dahua-ipc-eb5541-as-5mp-panoramik-fisheye-poe-ip-kamera\/\" \/>\n<meta property=\"og:site_name\" content=\"Malatya Art\u0131 Bilgisayar &ndash; FortiGate, G&uuml;venlik Kameras\u0131 ve A\u011f &Ccedil;&ouml;z&uuml;mleri\" \/>\n<meta property=\"article:publisher\" content=\"https:\/\/www.facebook.com\/malatyaarti\" \/>\n<meta property=\"article:modified_time\" content=\"2023-12-21T05:20:21+00:00\" \/>\n<meta property=\"og:image\" content=\"https:\/\/malatyaarti.com\/wp-content\/uploads\/2023\/12\/DAHUA-IPC-EB5541-AS-5MP-PANORAMIK-FISHEYE-POE-IP-KAMERA.jpeg\" \/>\n\t<meta property=\"og:image:width\" content=\"225\" \/>\n\t<meta property=\"og:image:height\" content=\"225\" \/>\n\t<meta property=\"og:image:type\" content=\"image\/jpeg\" \/>\n<meta name=\"twitter:card\" content=\"summary_large_image\" \/>\n<meta name=\"twitter:label1\" content=\"Tahmini okuma s\u00fcresi\" \/>\n\t<meta name=\"twitter:data1\" content=\"1 dakika\" \/>\n<script type=\"application\/ld+json\" class=\"yoast-schema-graph\">{\"@context\":\"https:\\\/\\\/schema.org\",\"@graph\":[{\"@type\":\"WebPage\",\"@id\":\"https:\\\/\\\/malatyaarti.com\\\/index.php\\\/urun\\\/dahua-ipc-eb5541-as-5mp-panoramik-fisheye-poe-ip-kamera\\\/\",\"url\":\"https:\\\/\\\/malatyaarti.com\\\/index.php\\\/urun\\\/dahua-ipc-eb5541-as-5mp-panoramik-fisheye-poe-ip-kamera\\\/\",\"name\":\"DAHUA IPC-EB5541-AS 5MP PANORAMIK FISHEYE POE IP KAMERA - Malatya Art\u0131 Bilgisayar &ndash; FortiGate, G&uuml;venlik Kameras\u0131 ve A\u011f &Ccedil;&ouml;z&uuml;mleri\",\"isPartOf\":{\"@id\":\"https:\\\/\\\/malatyaarti.com\\\/#website\"},\"primaryImageOfPage\":{\"@id\":\"https:\\\/\\\/malatyaarti.com\\\/index.php\\\/urun\\\/dahua-ipc-eb5541-as-5mp-panoramik-fisheye-poe-ip-kamera\\\/#primaryimage\"},\"image\":{\"@id\":\"https:\\\/\\\/malatyaarti.com\\\/index.php\\\/urun\\\/dahua-ipc-eb5541-as-5mp-panoramik-fisheye-poe-ip-kamera\\\/#primaryimage\"},\"thumbnailUrl\":\"https:\\\/\\\/malatyaarti.com\\\/wp-content\\\/uploads\\\/2023\\\/12\\\/DAHUA-IPC-EB5541-AS-5MP-PANORAMIK-FISHEYE-POE-IP-KAMERA.jpeg\",\"datePublished\":\"2023-12-20T12:58:11+00:00\",\"dateModified\":\"2023-12-21T05:20:21+00:00\",\"breadcrumb\":{\"@id\":\"https:\\\/\\\/malatyaarti.com\\\/index.php\\\/urun\\\/dahua-ipc-eb5541-as-5mp-panoramik-fisheye-poe-ip-kamera\\\/#breadcrumb\"},\"inLanguage\":\"tr\",\"potentialAction\":[{\"@type\":\"ReadAction\",\"target\":[\"https:\\\/\\\/malatyaarti.com\\\/index.php\\\/urun\\\/dahua-ipc-eb5541-as-5mp-panoramik-fisheye-poe-ip-kamera\\\/\"]}]},{\"@type\":\"ImageObject\",\"inLanguage\":\"tr\",\"@id\":\"https:\\\/\\\/malatyaarti.com\\\/index.php\\\/urun\\\/dahua-ipc-eb5541-as-5mp-panoramik-fisheye-poe-ip-kamera\\\/#primaryimage\",\"url\":\"https:\\\/\\\/malatyaarti.com\\\/wp-content\\\/uploads\\\/2023\\\/12\\\/DAHUA-IPC-EB5541-AS-5MP-PANORAMIK-FISHEYE-POE-IP-KAMERA.jpeg\",\"contentUrl\":\"https:\\\/\\\/malatyaarti.com\\\/wp-content\\\/uploads\\\/2023\\\/12\\\/DAHUA-IPC-EB5541-AS-5MP-PANORAMIK-FISHEYE-POE-IP-KAMERA.jpeg\",\"width\":225,\"height\":225},{\"@type\":\"BreadcrumbList\",\"@id\":\"https:\\\/\\\/malatyaarti.com\\\/index.php\\\/urun\\\/dahua-ipc-eb5541-as-5mp-panoramik-fisheye-poe-ip-kamera\\\/#breadcrumb\",\"itemListElement\":[{\"@type\":\"ListItem\",\"position\":1,\"name\":\"Anasayfa\",\"item\":\"https:\\\/\\\/malatyaarti.com\\\/\"},{\"@type\":\"ListItem\",\"position\":2,\"name\":\"\u00dcr\u00fcnler\",\"item\":\"https:\\\/\\\/malatyaarti.com\\\/index.php\\\/shop\\\/\"},{\"@type\":\"ListItem\",\"position\":3,\"name\":\"DAHUA IPC-EB5541-AS 5MP PANORAMIK FISHEYE POE IP KAMERA\"}]},{\"@type\":\"WebSite\",\"@id\":\"https:\\\/\\\/malatyaarti.com\\\/#website\",\"url\":\"https:\\\/\\\/malatyaarti.com\\\/\",\"name\":\"Malatya Art\u0131 Bilgisayar \u2013 FortiGate, G\u00fcvenlik Kameras\u0131 ve A\u011f \u00c7\u00f6z\u00fcmleri\",\"description\":\"Malatya&rsquo;da FortiGate Firewall, G&uuml;venlik Kameras\u0131 ve A\u011f &Ccedil;&ouml;z&uuml;mlerinde Profesyonel Hizmet!\",\"publisher\":{\"@id\":\"https:\\\/\\\/malatyaarti.com\\\/#organization\"},\"potentialAction\":[{\"@type\":\"SearchAction\",\"target\":{\"@type\":\"EntryPoint\",\"urlTemplate\":\"https:\\\/\\\/malatyaarti.com\\\/?s={search_term_string}\"},\"query-input\":{\"@type\":\"PropertyValueSpecification\",\"valueRequired\":true,\"valueName\":\"search_term_string\"}}],\"inLanguage\":\"tr\"},{\"@type\":\"Organization\",\"@id\":\"https:\\\/\\\/malatyaarti.com\\\/#organization\",\"name\":\"Malatya Art\u0131 Bilgisayar \u2013 FortiGate, G\u00fcvenlik Kameras\u0131 ve A\u011f \u00c7\u00f6z\u00fcmleri\",\"url\":\"https:\\\/\\\/malatyaarti.com\\\/\",\"logo\":{\"@type\":\"ImageObject\",\"inLanguage\":\"tr\",\"@id\":\"https:\\\/\\\/malatyaarti.com\\\/#\\\/schema\\\/logo\\\/image\\\/\",\"url\":\"https:\\\/\\\/malatyaarti.com\\\/wp-content\\\/uploads\\\/2025\\\/03\\\/malatya-arti-bilgisayar-fortigate-firewall-guvelik-kamerasi-sunucu-server.webp\",\"contentUrl\":\"https:\\\/\\\/malatyaarti.com\\\/wp-content\\\/uploads\\\/2025\\\/03\\\/malatya-arti-bilgisayar-fortigate-firewall-guvelik-kamerasi-sunucu-server.webp\",\"width\":700,\"height\":700,\"caption\":\"Malatya Art\u0131 Bilgisayar \u2013 FortiGate, G\u00fcvenlik Kameras\u0131 ve A\u011f \u00c7\u00f6z\u00fcmleri\"},\"image\":{\"@id\":\"https:\\\/\\\/malatyaarti.com\\\/#\\\/schema\\\/logo\\\/image\\\/\"},\"sameAs\":[\"https:\\\/\\\/www.facebook.com\\\/malatyaarti\"]}]}<\/script>\n<!-- \/ Yoast SEO plugin. -->","yoast_head_json":{"title":"DAHUA IPC-EB5541-AS 5MP PANORAMIK FISHEYE POE IP KAMERA - Malatya Art\u0131 Bilgisayar &ndash; FortiGate, G&uuml;venlik Kameras\u0131 ve A\u011f &Ccedil;&ouml;z&uuml;mleri","robots":{"index":"index","follow":"follow","max-snippet":"max-snippet:-1","max-image-preview":"max-image-preview:large","max-video-preview":"max-video-preview:-1"},"canonical":"https:\/\/malatyaarti.com\/index.php\/urun\/dahua-ipc-eb5541-as-5mp-panoramik-fisheye-poe-ip-kamera\/","og_locale":"tr_TR","og_type":"article","og_title":"DAHUA IPC-EB5541-AS 5MP PANORAMIK FISHEYE POE IP KAMERA - Malatya Art\u0131 Bilgisayar &ndash; FortiGate, G&uuml;venlik Kameras\u0131 ve A\u011f &Ccedil;&ouml;z&uuml;mleri","og_description":"STOK NO 78691 MARKA DAHUA GARANT\u0130 S\u00dcRES\u0130 24 SENS\u00d6R T\u0130P\u0130 1\/2.7\u201d5Megapixel progressive CMOS MAKS\u0130MUM \u00c7\u00d6Z\u00dcN\u00dcRL\u00dcK 2592 (H) \u00d7 1944 (V)","og_url":"https:\/\/malatyaarti.com\/index.php\/urun\/dahua-ipc-eb5541-as-5mp-panoramik-fisheye-poe-ip-kamera\/","og_site_name":"Malatya Art\u0131 Bilgisayar &ndash; FortiGate, G&uuml;venlik Kameras\u0131 ve A\u011f &Ccedil;&ouml;z&uuml;mleri","article_publisher":"https:\/\/www.facebook.com\/malatyaarti","article_modified_time":"2023-12-21T05:20:21+00:00","og_image":[{"width":225,"height":225,"url":"https:\/\/malatyaarti.com\/wp-content\/uploads\/2023\/12\/DAHUA-IPC-EB5541-AS-5MP-PANORAMIK-FISHEYE-POE-IP-KAMERA.jpeg","type":"image\/jpeg"}],"twitter_card":"summary_large_image","twitter_misc":{"Tahmini okuma s\u00fcresi":"1 dakika"},"schema":{"@context":"https:\/\/schema.org","@graph":[{"@type":"WebPage","@id":"https:\/\/malatyaarti.com\/index.php\/urun\/dahua-ipc-eb5541-as-5mp-panoramik-fisheye-poe-ip-kamera\/","url":"https:\/\/malatyaarti.com\/index.php\/urun\/dahua-ipc-eb5541-as-5mp-panoramik-fisheye-poe-ip-kamera\/","name":"DAHUA IPC-EB5541-AS 5MP PANORAMIK FISHEYE POE IP KAMERA - Malatya Art\u0131 Bilgisayar &ndash; FortiGate, G&uuml;venlik Kameras\u0131 ve A\u011f &Ccedil;&ouml;z&uuml;mleri","isPartOf":{"@id":"https:\/\/malatyaarti.com\/#website"},"primaryImageOfPage":{"@id":"https:\/\/malatyaarti.com\/index.php\/urun\/dahua-ipc-eb5541-as-5mp-panoramik-fisheye-poe-ip-kamera\/#primaryimage"},"image":{"@id":"https:\/\/malatyaarti.com\/index.php\/urun\/dahua-ipc-eb5541-as-5mp-panoramik-fisheye-poe-ip-kamera\/#primaryimage"},"thumbnailUrl":"https:\/\/malatyaarti.com\/wp-content\/uploads\/2023\/12\/DAHUA-IPC-EB5541-AS-5MP-PANORAMIK-FISHEYE-POE-IP-KAMERA.jpeg","datePublished":"2023-12-20T12:58:11+00:00","dateModified":"2023-12-21T05:20:21+00:00","breadcrumb":{"@id":"https:\/\/malatyaarti.com\/index.php\/urun\/dahua-ipc-eb5541-as-5mp-panoramik-fisheye-poe-ip-kamera\/#breadcrumb"},"inLanguage":"tr","potentialAction":[{"@type":"ReadAction","target":["https:\/\/malatyaarti.com\/index.php\/urun\/dahua-ipc-eb5541-as-5mp-panoramik-fisheye-poe-ip-kamera\/"]}]},{"@type":"ImageObject","inLanguage":"tr","@id":"https:\/\/malatyaarti.com\/index.php\/urun\/dahua-ipc-eb5541-as-5mp-panoramik-fisheye-poe-ip-kamera\/#primaryimage","url":"https:\/\/malatyaarti.com\/wp-content\/uploads\/2023\/12\/DAHUA-IPC-EB5541-AS-5MP-PANORAMIK-FISHEYE-POE-IP-KAMERA.jpeg","contentUrl":"https:\/\/malatyaarti.com\/wp-content\/uploads\/2023\/12\/DAHUA-IPC-EB5541-AS-5MP-PANORAMIK-FISHEYE-POE-IP-KAMERA.jpeg","width":225,"height":225},{"@type":"BreadcrumbList","@id":"https:\/\/malatyaarti.com\/index.php\/urun\/dahua-ipc-eb5541-as-5mp-panoramik-fisheye-poe-ip-kamera\/#breadcrumb","itemListElement":[{"@type":"ListItem","position":1,"name":"Anasayfa","item":"https:\/\/malatyaarti.com\/"},{"@type":"ListItem","position":2,"name":"\u00dcr\u00fcnler","item":"https:\/\/malatyaarti.com\/index.php\/shop\/"},{"@type":"ListItem","position":3,"name":"DAHUA IPC-EB5541-AS 5MP PANORAMIK FISHEYE POE IP KAMERA"}]},{"@type":"WebSite","@id":"https:\/\/malatyaarti.com\/#website","url":"https:\/\/malatyaarti.com\/","name":"Malatya Art\u0131 Bilgisayar \u2013 FortiGate, G\u00fcvenlik Kameras\u0131 ve A\u011f \u00c7\u00f6z\u00fcmleri","description":"Malatya&rsquo;da FortiGate Firewall, G&uuml;venlik Kameras\u0131 ve A\u011f &Ccedil;&ouml;z&uuml;mlerinde Profesyonel Hizmet!","publisher":{"@id":"https:\/\/malatyaarti.com\/#organization"},"potentialAction":[{"@type":"SearchAction","target":{"@type":"EntryPoint","urlTemplate":"https:\/\/malatyaarti.com\/?s={search_term_string}"},"query-input":{"@type":"PropertyValueSpecification","valueRequired":true,"valueName":"search_term_string"}}],"inLanguage":"tr"},{"@type":"Organization","@id":"https:\/\/malatyaarti.com\/#organization","name":"Malatya Art\u0131 Bilgisayar \u2013 FortiGate, G\u00fcvenlik Kameras\u0131 ve A\u011f \u00c7\u00f6z\u00fcmleri","url":"https:\/\/malatyaarti.com\/","logo":{"@type":"ImageObject","inLanguage":"tr","@id":"https:\/\/malatyaarti.com\/#\/schema\/logo\/image\/","url":"https:\/\/malatyaarti.com\/wp-content\/uploads\/2025\/03\/malatya-arti-bilgisayar-fortigate-firewall-guvelik-kamerasi-sunucu-server.webp","contentUrl":"https:\/\/malatyaarti.com\/wp-content\/uploads\/2025\/03\/malatya-arti-bilgisayar-fortigate-firewall-guvelik-kamerasi-sunucu-server.webp","width":700,"height":700,"caption":"Malatya Art\u0131 Bilgisayar \u2013 FortiGate, G\u00fcvenlik Kameras\u0131 ve A\u011f \u00c7\u00f6z\u00fcmleri"},"image":{"@id":"https:\/\/malatyaarti.com\/#\/schema\/logo\/image\/"},"sameAs":["https:\/\/www.facebook.com\/malatyaarti"]}]}},"_links":{"self":[{"href":"https:\/\/malatyaarti.com\/index.php\/wp-json\/wp\/v2\/product\/15811","targetHints":{"allow":["GET"]}}],"collection":[{"href":"https:\/\/malatyaarti.com\/index.php\/wp-json\/wp\/v2\/product"}],"about":[{"href":"https:\/\/malatyaarti.com\/index.php\/wp-json\/wp\/v2\/types\/product"}],"replies":[{"embeddable":true,"href":"https:\/\/malatyaarti.com\/index.php\/wp-json\/wp\/v2\/comments?post=15811"}],"version-history":[{"count":2,"href":"https:\/\/malatyaarti.com\/index.php\/wp-json\/wp\/v2\/product\/15811\/revisions"}],"predecessor-version":[{"id":16093,"href":"https:\/\/malatyaarti.com\/index.php\/wp-json\/wp\/v2\/product\/15811\/revisions\/16093"}],"wp:featuredmedia":[{"embeddable":true,"href":"https:\/\/malatyaarti.com\/index.php\/wp-json\/wp\/v2\/media\/15812"}],"wp:attachment":[{"href":"https:\/\/malatyaarti.com\/index.php\/wp-json\/wp\/v2\/media?parent=15811"}],"wp:term":[{"taxonomy":"product_brand","embeddable":true,"href":"https:\/\/malatyaarti.com\/index.php\/wp-json\/wp\/v2\/product_brand?post=15811"},{"taxonomy":"product_cat","embeddable":true,"href":"https:\/\/malatyaarti.com\/index.php\/wp-json\/wp\/v2\/product_cat?post=15811"},{"taxonomy":"product_tag","embeddable":true,"href":"https:\/\/malatyaarti.com\/index.php\/wp-json\/wp\/v2\/product_tag?post=15811"}],"curies":[{"name":"wp","href":"https:\/\/api.w.org\/{rel}","templated":true}]}}