{"id":15803,"date":"2023-12-20T12:57:05","date_gmt":"2023-12-20T12:57:05","guid":{"rendered":"https:\/\/malatyaarti.com\/?post_type=product&#038;p=15803"},"modified":"2024-07-08T13:45:33","modified_gmt":"2024-07-08T13:45:33","slug":"dahua-ipc-hdbw2231rp-zas-2mp-2-7-13-5mm-motorize-verifocal-dome-poe-ip-kamera","status":"publish","type":"product","link":"https:\/\/malatyaarti.com\/index.php\/urun\/dahua-ipc-hdbw2231rp-zas-2mp-2-7-13-5mm-motorize-verifocal-dome-poe-ip-kamera\/","title":{"rendered":"DAHUA IPC-HDBW2231RP-ZAS 2MP 2.7-13.5MM MOTORIZE VERIFOCAL DOME POE IP KAMERA"},"content":{"rendered":"<table>\n<tbody>\n<tr>\n<td class=\"text\">STOK NO<\/td>\n<td>69412<\/td>\n<\/tr>\n<tr>\n<td class=\"text\">MARKA<\/td>\n<td>DAHUA<\/td>\n<\/tr>\n<tr>\n<td class=\"text\">GARANT\u0130 S\u00dcRES\u0130<\/td>\n<td>24<\/td>\n<\/tr>\n<tr>\n<td class=\"text\">SENS\u00d6R T\u0130P\u0130<\/td>\n<td>1\/2.8&#8243; CMOS<\/td>\n<\/tr>\n<tr>\n<td class=\"text\">MAKS\u0130MUM \u00c7\u00d6Z\u00dcN\u00dcRL\u00dcK<\/td>\n<td>2 MP<\/td>\n<\/tr>\n<tr>\n<td class=\"text\">LENS<\/td>\n<td>2.7mm\u201313.5mm<\/td>\n<\/tr>\n<tr>\n<td class=\"text\">LENS MONTAJI<\/td>\n<td>?14<\/td>\n<\/tr>\n<tr>\n<td class=\"text\">M\u0130NUMUM AYDINLATMA<\/td>\n<td>0.002 Lux@F1.6 (Color, 30 IRE)<br \/>\n0.0002 Lux@F1.6 (B\/W, 30 IRE)<br \/>\n0 Lux (Illuminator on)<\/td>\n<\/tr>\n<tr>\n<td class=\"text\">OBJEKT\u0130F HIZI<\/td>\n<td>Auto\/Manual 1\/3 s\u20131\/100,000 s<\/td>\n<\/tr>\n<tr>\n<td class=\"text\">GECE &amp; G\u00dcND\u00dcZ<\/td>\n<td>Auto(ICR)\/Color\/B\/W<\/td>\n<\/tr>\n<tr>\n<td class=\"text\">D\u0130J\u0130TAL G\u00dcR\u00dcLT\u00dc AZALTMA<\/td>\n<td>3D NR<\/td>\n<\/tr>\n<tr>\n<td class=\"text\">GEN\u0130\u015e D\u0130NAM\u0130K ALAN<\/td>\n<td>120 dB<\/td>\n<\/tr>\n<tr>\n<td class=\"text\">V\u0130DEO SIKI\u015eTIRMA<\/td>\n<td>H.265; H.264; H.264B; MJPEG (Only supported by the sub stream)<\/td>\n<\/tr>\n<tr>\n<td class=\"text\">V\u0130DEO HIZI<\/td>\n<td>CBR\/VBR<\/td>\n<\/tr>\n<tr>\n<td class=\"text\">A\u011e DEPOLAMA ALANI<\/td>\n<td>FTP; SFTP; Micro SD card (support max. 256 G); NAS<\/td>\n<\/tr>\n<tr>\n<td class=\"text\">PORTLAR<\/td>\n<td>RJ-45 (10\/100 Base-T)<\/td>\n<\/tr>\n<tr>\n<td class=\"text\">PROTOKOLLER<\/td>\n<td>IPv4; IPv6; HTTP; TCP; UDP; ARP; RTP; RTSP; RTCP; RTMP; SMTP; FTP; SFTP; DHCP; DNS; DDNS; QoS; UPnP; NTP; Multicast; ICMP; IGMP; NFS; PPPoE; Boujour<\/td>\n<\/tr>\n<tr>\n<td class=\"text\">STANDARTLAR<\/td>\n<td>IP67<br \/>\nIK10<\/td>\n<\/tr>\n<tr>\n<td class=\"text\">GECE G\u00d6R\u00dc MESAFES\u0130<\/td>\n<td>40 m<\/td>\n<\/tr>\n<tr>\n<td class=\"text\">G\u00dc\u00c7 GEREKS\u0130N\u0130M\u0130<\/td>\n<td>Power Supply : 12 V DC\/PoE<br \/>\nPower Consumption :<br \/>\nBasic: 2 W (12 V DC); 2.7 W (PoE)<br \/>\nMax. (ICR + H.265 + max. resolution + main stream + IR intensity + WDR + IVS + vari-focal); 5.8 W (12 V DC); 6.4 W (PoE)<\/td>\n<\/tr>\n<tr>\n<td class=\"text\">EK \u00d6ZELL\u0130KLER<\/td>\n<td>Product Dimensions : 88.9 mm \u00d7 ?122 mm (3.5&#8243; \u00d7 ?4.8&#8243;)<br \/>\nNet Weight : 0.47 kg (1.0 lb)<\/td>\n<\/tr>\n<\/tbody>\n<\/table>\n","protected":false},"excerpt":{"rendered":"<p>STOK NO 69412 MARKA DAHUA GARANT\u0130 S\u00dcRES\u0130 24 SENS\u00d6R T\u0130P\u0130 1\/2.8&#8243; CMOS MAKS\u0130MUM \u00c7\u00d6Z\u00dcN\u00dcRL\u00dcK 2 MP LENS 2.7mm\u201313.5mm LENS MONTAJI<\/p>\n","protected":false},"featured_media":15809,"comment_status":"open","ping_status":"closed","template":"","meta":[],"product_brand":[],"product_cat":[73],"product_tag":[],"class_list":{"0":"post-15803","1":"product","2":"type-product","3":"status-publish","4":"has-post-thumbnail","6":"product_cat-guvenlik-urunleri","8":"first","9":"instock","10":"shipping-taxable","11":"product-type-simple"},"yoast_head":"<!-- This site is optimized with the Yoast SEO plugin v27.5 - https:\/\/yoast.com\/product\/yoast-seo-wordpress\/ -->\n<title>DAHUA IPC-HDBW2231RP-ZAS 2MP 2.7-13.5MM MOTORIZE VERIFOCAL DOME POE IP KAMERA - Malatya Art\u0131 Bilgisayar &ndash; FortiGate, G&uuml;venlik Kameras\u0131 ve A\u011f &Ccedil;&ouml;z&uuml;mleri<\/title>\n<meta name=\"robots\" content=\"index, follow, max-snippet:-1, max-image-preview:large, max-video-preview:-1\" \/>\n<link rel=\"canonical\" href=\"https:\/\/malatyaarti.com\/index.php\/urun\/dahua-ipc-hdbw2231rp-zas-2mp-2-7-13-5mm-motorize-verifocal-dome-poe-ip-kamera\/\" \/>\n<meta property=\"og:locale\" content=\"tr_TR\" \/>\n<meta property=\"og:type\" content=\"article\" \/>\n<meta property=\"og:title\" content=\"DAHUA IPC-HDBW2231RP-ZAS 2MP 2.7-13.5MM MOTORIZE VERIFOCAL DOME POE IP KAMERA - Malatya Art\u0131 Bilgisayar &ndash; FortiGate, G&uuml;venlik Kameras\u0131 ve A\u011f &Ccedil;&ouml;z&uuml;mleri\" \/>\n<meta property=\"og:description\" content=\"STOK NO 69412 MARKA DAHUA GARANT\u0130 S\u00dcRES\u0130 24 SENS\u00d6R T\u0130P\u0130 1\/2.8&#8243; CMOS MAKS\u0130MUM \u00c7\u00d6Z\u00dcN\u00dcRL\u00dcK 2 MP LENS 2.7mm\u201313.5mm LENS MONTAJI\" \/>\n<meta property=\"og:url\" content=\"https:\/\/malatyaarti.com\/index.php\/urun\/dahua-ipc-hdbw2231rp-zas-2mp-2-7-13-5mm-motorize-verifocal-dome-poe-ip-kamera\/\" \/>\n<meta property=\"og:site_name\" content=\"Malatya Art\u0131 Bilgisayar &ndash; FortiGate, G&uuml;venlik Kameras\u0131 ve A\u011f &Ccedil;&ouml;z&uuml;mleri\" \/>\n<meta property=\"article:publisher\" content=\"https:\/\/www.facebook.com\/malatyaarti\" \/>\n<meta property=\"article:modified_time\" content=\"2024-07-08T13:45:33+00:00\" \/>\n<meta property=\"og:image\" content=\"https:\/\/malatyaarti.com\/wp-content\/uploads\/2023\/12\/DAHUA-IPC-HDBW2231RP-ZAS-2MP-2.7-13.5MM-MOTORIZE-VERIFOCAL-DOME-POE-IP-KAMERA.jpeg\" \/>\n\t<meta property=\"og:image:width\" content=\"225\" \/>\n\t<meta property=\"og:image:height\" content=\"225\" \/>\n\t<meta property=\"og:image:type\" content=\"image\/jpeg\" \/>\n<meta name=\"twitter:card\" content=\"summary_large_image\" \/>\n<meta name=\"twitter:label1\" content=\"Tahmini okuma s\u00fcresi\" \/>\n\t<meta name=\"twitter:data1\" content=\"1 dakika\" \/>\n<script type=\"application\/ld+json\" class=\"yoast-schema-graph\">{\"@context\":\"https:\\\/\\\/schema.org\",\"@graph\":[{\"@type\":\"WebPage\",\"@id\":\"https:\\\/\\\/malatyaarti.com\\\/index.php\\\/urun\\\/dahua-ipc-hdbw2231rp-zas-2mp-2-7-13-5mm-motorize-verifocal-dome-poe-ip-kamera\\\/\",\"url\":\"https:\\\/\\\/malatyaarti.com\\\/index.php\\\/urun\\\/dahua-ipc-hdbw2231rp-zas-2mp-2-7-13-5mm-motorize-verifocal-dome-poe-ip-kamera\\\/\",\"name\":\"DAHUA IPC-HDBW2231RP-ZAS 2MP 2.7-13.5MM MOTORIZE VERIFOCAL DOME POE IP KAMERA - Malatya Art\u0131 Bilgisayar &ndash; FortiGate, G&uuml;venlik Kameras\u0131 ve A\u011f &Ccedil;&ouml;z&uuml;mleri\",\"isPartOf\":{\"@id\":\"https:\\\/\\\/malatyaarti.com\\\/#website\"},\"primaryImageOfPage\":{\"@id\":\"https:\\\/\\\/malatyaarti.com\\\/index.php\\\/urun\\\/dahua-ipc-hdbw2231rp-zas-2mp-2-7-13-5mm-motorize-verifocal-dome-poe-ip-kamera\\\/#primaryimage\"},\"image\":{\"@id\":\"https:\\\/\\\/malatyaarti.com\\\/index.php\\\/urun\\\/dahua-ipc-hdbw2231rp-zas-2mp-2-7-13-5mm-motorize-verifocal-dome-poe-ip-kamera\\\/#primaryimage\"},\"thumbnailUrl\":\"https:\\\/\\\/malatyaarti.com\\\/wp-content\\\/uploads\\\/2023\\\/12\\\/DAHUA-IPC-HDBW2231RP-ZAS-2MP-2.7-13.5MM-MOTORIZE-VERIFOCAL-DOME-POE-IP-KAMERA.jpeg\",\"datePublished\":\"2023-12-20T12:57:05+00:00\",\"dateModified\":\"2024-07-08T13:45:33+00:00\",\"breadcrumb\":{\"@id\":\"https:\\\/\\\/malatyaarti.com\\\/index.php\\\/urun\\\/dahua-ipc-hdbw2231rp-zas-2mp-2-7-13-5mm-motorize-verifocal-dome-poe-ip-kamera\\\/#breadcrumb\"},\"inLanguage\":\"tr\",\"potentialAction\":[{\"@type\":\"ReadAction\",\"target\":[\"https:\\\/\\\/malatyaarti.com\\\/index.php\\\/urun\\\/dahua-ipc-hdbw2231rp-zas-2mp-2-7-13-5mm-motorize-verifocal-dome-poe-ip-kamera\\\/\"]}]},{\"@type\":\"ImageObject\",\"inLanguage\":\"tr\",\"@id\":\"https:\\\/\\\/malatyaarti.com\\\/index.php\\\/urun\\\/dahua-ipc-hdbw2231rp-zas-2mp-2-7-13-5mm-motorize-verifocal-dome-poe-ip-kamera\\\/#primaryimage\",\"url\":\"https:\\\/\\\/malatyaarti.com\\\/wp-content\\\/uploads\\\/2023\\\/12\\\/DAHUA-IPC-HDBW2231RP-ZAS-2MP-2.7-13.5MM-MOTORIZE-VERIFOCAL-DOME-POE-IP-KAMERA.jpeg\",\"contentUrl\":\"https:\\\/\\\/malatyaarti.com\\\/wp-content\\\/uploads\\\/2023\\\/12\\\/DAHUA-IPC-HDBW2231RP-ZAS-2MP-2.7-13.5MM-MOTORIZE-VERIFOCAL-DOME-POE-IP-KAMERA.jpeg\",\"width\":225,\"height\":225},{\"@type\":\"BreadcrumbList\",\"@id\":\"https:\\\/\\\/malatyaarti.com\\\/index.php\\\/urun\\\/dahua-ipc-hdbw2231rp-zas-2mp-2-7-13-5mm-motorize-verifocal-dome-poe-ip-kamera\\\/#breadcrumb\",\"itemListElement\":[{\"@type\":\"ListItem\",\"position\":1,\"name\":\"Anasayfa\",\"item\":\"https:\\\/\\\/malatyaarti.com\\\/\"},{\"@type\":\"ListItem\",\"position\":2,\"name\":\"\u00dcr\u00fcnler\",\"item\":\"https:\\\/\\\/malatyaarti.com\\\/index.php\\\/shop\\\/\"},{\"@type\":\"ListItem\",\"position\":3,\"name\":\"DAHUA IPC-HDBW2231RP-ZAS 2MP 2.7-13.5MM MOTORIZE VERIFOCAL DOME POE IP KAMERA\"}]},{\"@type\":\"WebSite\",\"@id\":\"https:\\\/\\\/malatyaarti.com\\\/#website\",\"url\":\"https:\\\/\\\/malatyaarti.com\\\/\",\"name\":\"Malatya Art\u0131 Bilgisayar \u2013 FortiGate, G\u00fcvenlik Kameras\u0131 ve A\u011f \u00c7\u00f6z\u00fcmleri\",\"description\":\"Malatya&rsquo;da FortiGate Firewall, G&uuml;venlik Kameras\u0131 ve A\u011f &Ccedil;&ouml;z&uuml;mlerinde Profesyonel Hizmet!\",\"publisher\":{\"@id\":\"https:\\\/\\\/malatyaarti.com\\\/#organization\"},\"potentialAction\":[{\"@type\":\"SearchAction\",\"target\":{\"@type\":\"EntryPoint\",\"urlTemplate\":\"https:\\\/\\\/malatyaarti.com\\\/?s={search_term_string}\"},\"query-input\":{\"@type\":\"PropertyValueSpecification\",\"valueRequired\":true,\"valueName\":\"search_term_string\"}}],\"inLanguage\":\"tr\"},{\"@type\":\"Organization\",\"@id\":\"https:\\\/\\\/malatyaarti.com\\\/#organization\",\"name\":\"Malatya Art\u0131 Bilgisayar \u2013 FortiGate, G\u00fcvenlik Kameras\u0131 ve A\u011f \u00c7\u00f6z\u00fcmleri\",\"url\":\"https:\\\/\\\/malatyaarti.com\\\/\",\"logo\":{\"@type\":\"ImageObject\",\"inLanguage\":\"tr\",\"@id\":\"https:\\\/\\\/malatyaarti.com\\\/#\\\/schema\\\/logo\\\/image\\\/\",\"url\":\"https:\\\/\\\/malatyaarti.com\\\/wp-content\\\/uploads\\\/2025\\\/03\\\/malatya-arti-bilgisayar-fortigate-firewall-guvelik-kamerasi-sunucu-server.webp\",\"contentUrl\":\"https:\\\/\\\/malatyaarti.com\\\/wp-content\\\/uploads\\\/2025\\\/03\\\/malatya-arti-bilgisayar-fortigate-firewall-guvelik-kamerasi-sunucu-server.webp\",\"width\":700,\"height\":700,\"caption\":\"Malatya Art\u0131 Bilgisayar \u2013 FortiGate, G\u00fcvenlik Kameras\u0131 ve A\u011f \u00c7\u00f6z\u00fcmleri\"},\"image\":{\"@id\":\"https:\\\/\\\/malatyaarti.com\\\/#\\\/schema\\\/logo\\\/image\\\/\"},\"sameAs\":[\"https:\\\/\\\/www.facebook.com\\\/malatyaarti\"]}]}<\/script>\n<!-- \/ Yoast SEO plugin. -->","yoast_head_json":{"title":"DAHUA IPC-HDBW2231RP-ZAS 2MP 2.7-13.5MM MOTORIZE VERIFOCAL DOME POE IP KAMERA - Malatya Art\u0131 Bilgisayar &ndash; FortiGate, G&uuml;venlik Kameras\u0131 ve A\u011f &Ccedil;&ouml;z&uuml;mleri","robots":{"index":"index","follow":"follow","max-snippet":"max-snippet:-1","max-image-preview":"max-image-preview:large","max-video-preview":"max-video-preview:-1"},"canonical":"https:\/\/malatyaarti.com\/index.php\/urun\/dahua-ipc-hdbw2231rp-zas-2mp-2-7-13-5mm-motorize-verifocal-dome-poe-ip-kamera\/","og_locale":"tr_TR","og_type":"article","og_title":"DAHUA IPC-HDBW2231RP-ZAS 2MP 2.7-13.5MM MOTORIZE VERIFOCAL DOME POE IP KAMERA - Malatya Art\u0131 Bilgisayar &ndash; FortiGate, G&uuml;venlik Kameras\u0131 ve A\u011f &Ccedil;&ouml;z&uuml;mleri","og_description":"STOK NO 69412 MARKA DAHUA GARANT\u0130 S\u00dcRES\u0130 24 SENS\u00d6R T\u0130P\u0130 1\/2.8&#8243; CMOS MAKS\u0130MUM \u00c7\u00d6Z\u00dcN\u00dcRL\u00dcK 2 MP LENS 2.7mm\u201313.5mm LENS MONTAJI","og_url":"https:\/\/malatyaarti.com\/index.php\/urun\/dahua-ipc-hdbw2231rp-zas-2mp-2-7-13-5mm-motorize-verifocal-dome-poe-ip-kamera\/","og_site_name":"Malatya Art\u0131 Bilgisayar &ndash; FortiGate, G&uuml;venlik Kameras\u0131 ve A\u011f &Ccedil;&ouml;z&uuml;mleri","article_publisher":"https:\/\/www.facebook.com\/malatyaarti","article_modified_time":"2024-07-08T13:45:33+00:00","og_image":[{"width":225,"height":225,"url":"https:\/\/malatyaarti.com\/wp-content\/uploads\/2023\/12\/DAHUA-IPC-HDBW2231RP-ZAS-2MP-2.7-13.5MM-MOTORIZE-VERIFOCAL-DOME-POE-IP-KAMERA.jpeg","type":"image\/jpeg"}],"twitter_card":"summary_large_image","twitter_misc":{"Tahmini okuma s\u00fcresi":"1 dakika"},"schema":{"@context":"https:\/\/schema.org","@graph":[{"@type":"WebPage","@id":"https:\/\/malatyaarti.com\/index.php\/urun\/dahua-ipc-hdbw2231rp-zas-2mp-2-7-13-5mm-motorize-verifocal-dome-poe-ip-kamera\/","url":"https:\/\/malatyaarti.com\/index.php\/urun\/dahua-ipc-hdbw2231rp-zas-2mp-2-7-13-5mm-motorize-verifocal-dome-poe-ip-kamera\/","name":"DAHUA IPC-HDBW2231RP-ZAS 2MP 2.7-13.5MM MOTORIZE VERIFOCAL DOME POE IP KAMERA - Malatya Art\u0131 Bilgisayar &ndash; FortiGate, G&uuml;venlik Kameras\u0131 ve A\u011f &Ccedil;&ouml;z&uuml;mleri","isPartOf":{"@id":"https:\/\/malatyaarti.com\/#website"},"primaryImageOfPage":{"@id":"https:\/\/malatyaarti.com\/index.php\/urun\/dahua-ipc-hdbw2231rp-zas-2mp-2-7-13-5mm-motorize-verifocal-dome-poe-ip-kamera\/#primaryimage"},"image":{"@id":"https:\/\/malatyaarti.com\/index.php\/urun\/dahua-ipc-hdbw2231rp-zas-2mp-2-7-13-5mm-motorize-verifocal-dome-poe-ip-kamera\/#primaryimage"},"thumbnailUrl":"https:\/\/malatyaarti.com\/wp-content\/uploads\/2023\/12\/DAHUA-IPC-HDBW2231RP-ZAS-2MP-2.7-13.5MM-MOTORIZE-VERIFOCAL-DOME-POE-IP-KAMERA.jpeg","datePublished":"2023-12-20T12:57:05+00:00","dateModified":"2024-07-08T13:45:33+00:00","breadcrumb":{"@id":"https:\/\/malatyaarti.com\/index.php\/urun\/dahua-ipc-hdbw2231rp-zas-2mp-2-7-13-5mm-motorize-verifocal-dome-poe-ip-kamera\/#breadcrumb"},"inLanguage":"tr","potentialAction":[{"@type":"ReadAction","target":["https:\/\/malatyaarti.com\/index.php\/urun\/dahua-ipc-hdbw2231rp-zas-2mp-2-7-13-5mm-motorize-verifocal-dome-poe-ip-kamera\/"]}]},{"@type":"ImageObject","inLanguage":"tr","@id":"https:\/\/malatyaarti.com\/index.php\/urun\/dahua-ipc-hdbw2231rp-zas-2mp-2-7-13-5mm-motorize-verifocal-dome-poe-ip-kamera\/#primaryimage","url":"https:\/\/malatyaarti.com\/wp-content\/uploads\/2023\/12\/DAHUA-IPC-HDBW2231RP-ZAS-2MP-2.7-13.5MM-MOTORIZE-VERIFOCAL-DOME-POE-IP-KAMERA.jpeg","contentUrl":"https:\/\/malatyaarti.com\/wp-content\/uploads\/2023\/12\/DAHUA-IPC-HDBW2231RP-ZAS-2MP-2.7-13.5MM-MOTORIZE-VERIFOCAL-DOME-POE-IP-KAMERA.jpeg","width":225,"height":225},{"@type":"BreadcrumbList","@id":"https:\/\/malatyaarti.com\/index.php\/urun\/dahua-ipc-hdbw2231rp-zas-2mp-2-7-13-5mm-motorize-verifocal-dome-poe-ip-kamera\/#breadcrumb","itemListElement":[{"@type":"ListItem","position":1,"name":"Anasayfa","item":"https:\/\/malatyaarti.com\/"},{"@type":"ListItem","position":2,"name":"\u00dcr\u00fcnler","item":"https:\/\/malatyaarti.com\/index.php\/shop\/"},{"@type":"ListItem","position":3,"name":"DAHUA IPC-HDBW2231RP-ZAS 2MP 2.7-13.5MM MOTORIZE VERIFOCAL DOME POE IP KAMERA"}]},{"@type":"WebSite","@id":"https:\/\/malatyaarti.com\/#website","url":"https:\/\/malatyaarti.com\/","name":"Malatya Art\u0131 Bilgisayar \u2013 FortiGate, G\u00fcvenlik Kameras\u0131 ve A\u011f \u00c7\u00f6z\u00fcmleri","description":"Malatya&rsquo;da FortiGate Firewall, G&uuml;venlik Kameras\u0131 ve A\u011f &Ccedil;&ouml;z&uuml;mlerinde Profesyonel Hizmet!","publisher":{"@id":"https:\/\/malatyaarti.com\/#organization"},"potentialAction":[{"@type":"SearchAction","target":{"@type":"EntryPoint","urlTemplate":"https:\/\/malatyaarti.com\/?s={search_term_string}"},"query-input":{"@type":"PropertyValueSpecification","valueRequired":true,"valueName":"search_term_string"}}],"inLanguage":"tr"},{"@type":"Organization","@id":"https:\/\/malatyaarti.com\/#organization","name":"Malatya Art\u0131 Bilgisayar \u2013 FortiGate, G\u00fcvenlik Kameras\u0131 ve A\u011f \u00c7\u00f6z\u00fcmleri","url":"https:\/\/malatyaarti.com\/","logo":{"@type":"ImageObject","inLanguage":"tr","@id":"https:\/\/malatyaarti.com\/#\/schema\/logo\/image\/","url":"https:\/\/malatyaarti.com\/wp-content\/uploads\/2025\/03\/malatya-arti-bilgisayar-fortigate-firewall-guvelik-kamerasi-sunucu-server.webp","contentUrl":"https:\/\/malatyaarti.com\/wp-content\/uploads\/2025\/03\/malatya-arti-bilgisayar-fortigate-firewall-guvelik-kamerasi-sunucu-server.webp","width":700,"height":700,"caption":"Malatya Art\u0131 Bilgisayar \u2013 FortiGate, G\u00fcvenlik Kameras\u0131 ve A\u011f \u00c7\u00f6z\u00fcmleri"},"image":{"@id":"https:\/\/malatyaarti.com\/#\/schema\/logo\/image\/"},"sameAs":["https:\/\/www.facebook.com\/malatyaarti"]}]}},"_links":{"self":[{"href":"https:\/\/malatyaarti.com\/index.php\/wp-json\/wp\/v2\/product\/15803","targetHints":{"allow":["GET"]}}],"collection":[{"href":"https:\/\/malatyaarti.com\/index.php\/wp-json\/wp\/v2\/product"}],"about":[{"href":"https:\/\/malatyaarti.com\/index.php\/wp-json\/wp\/v2\/types\/product"}],"replies":[{"embeddable":true,"href":"https:\/\/malatyaarti.com\/index.php\/wp-json\/wp\/v2\/comments?post=15803"}],"version-history":[{"count":1,"href":"https:\/\/malatyaarti.com\/index.php\/wp-json\/wp\/v2\/product\/15803\/revisions"}],"predecessor-version":[{"id":15810,"href":"https:\/\/malatyaarti.com\/index.php\/wp-json\/wp\/v2\/product\/15803\/revisions\/15810"}],"wp:featuredmedia":[{"embeddable":true,"href":"https:\/\/malatyaarti.com\/index.php\/wp-json\/wp\/v2\/media\/15809"}],"wp:attachment":[{"href":"https:\/\/malatyaarti.com\/index.php\/wp-json\/wp\/v2\/media?parent=15803"}],"wp:term":[{"taxonomy":"product_brand","embeddable":true,"href":"https:\/\/malatyaarti.com\/index.php\/wp-json\/wp\/v2\/product_brand?post=15803"},{"taxonomy":"product_cat","embeddable":true,"href":"https:\/\/malatyaarti.com\/index.php\/wp-json\/wp\/v2\/product_cat?post=15803"},{"taxonomy":"product_tag","embeddable":true,"href":"https:\/\/malatyaarti.com\/index.php\/wp-json\/wp\/v2\/product_tag?post=15803"}],"curies":[{"name":"wp","href":"https:\/\/api.w.org\/{rel}","templated":true}]}}