{"id":15801,"date":"2023-12-20T12:55:15","date_gmt":"2023-12-20T12:55:15","guid":{"rendered":"https:\/\/malatyaarti.com\/?post_type=product&#038;p=15801"},"modified":"2023-12-20T12:55:15","modified_gmt":"2023-12-20T12:55:15","slug":"dahua-dh-sd6al245u-hni-ir-2mp-3-95-177-7mm-45x-300m-ir-ptz-starlight-ip-kamera","status":"publish","type":"product","link":"https:\/\/malatyaarti.com\/index.php\/urun\/dahua-dh-sd6al245u-hni-ir-2mp-3-95-177-7mm-45x-300m-ir-ptz-starlight-ip-kamera\/","title":{"rendered":"DAHUA DH-SD6AL245U-HNI-IR 2MP 3.95-177.7MM 45X 300M IR PTZ STARLIGHT IP KAMERA"},"content":{"rendered":"<table>\n<tbody>\n<tr>\n<td class=\"text\">STOK NO<\/td>\n<td>76627<\/td>\n<\/tr>\n<tr>\n<td class=\"text\">MARKA<\/td>\n<td>DAHUA<\/td>\n<\/tr>\n<tr>\n<td class=\"text\">GARANT\u0130 S\u00dcRES\u0130<\/td>\n<td>24<\/td>\n<\/tr>\n<tr>\n<td class=\"text\">SENS\u00d6R T\u0130P\u0130<\/td>\n<td>1\/2.8&#8243; STARVIS\u2122 CMOS<\/td>\n<\/tr>\n<tr>\n<td class=\"text\">MAKS\u0130MUM \u00c7\u00d6Z\u00dcN\u00dcRL\u00dcK<\/td>\n<td>1920(H) x 1080(V), 2 Megapixels<\/td>\n<\/tr>\n<tr>\n<td class=\"text\">LENS<\/td>\n<td>3.95mm~177.7mm<\/td>\n<\/tr>\n<tr>\n<td class=\"text\">M\u0130NUMUM AYDINLATMA<\/td>\n<td>Color: 0.005Lux@F1.6; B\/W: 0.0005Lux@F1.6;<br \/>\n0Lux@F1.6 (IR on)<\/td>\n<\/tr>\n<tr>\n<td class=\"text\">OBJEKT\u0130F HIZI<\/td>\n<td>1\/1s~1\/30,000s<\/td>\n<\/tr>\n<tr>\n<td class=\"text\">GECE &amp; G\u00dcND\u00dcZ<\/td>\n<td>Auto(ICR) \/ Color \/ B\/W<\/td>\n<\/tr>\n<tr>\n<td class=\"text\">D\u0130J\u0130TAL G\u00dcR\u00dcLT\u00dc AZALTMA<\/td>\n<td>More than 56dB<\/td>\n<\/tr>\n<tr>\n<td class=\"text\">GEN\u0130\u015e D\u0130NAM\u0130K ALAN<\/td>\n<td>120 dB<\/td>\n<\/tr>\n<tr>\n<td class=\"text\">V\u0130DEO SIKI\u015eTIRMA<\/td>\n<td>H.265+\/H.265\/H.264+\/H.264<\/td>\n<\/tr>\n<tr>\n<td class=\"text\">V\u0130DEO HIZI<\/td>\n<td>H.265\/H.264: 448K ~ 8192Kbps<\/td>\n<\/tr>\n<tr>\n<td class=\"text\">A\u011e DEPOLAMA ALANI<\/td>\n<td>NAS (Network Attached Storage),Local PC for<br \/>\ninstant recording, Micro SD card 256GB<\/td>\n<\/tr>\n<tr>\n<td class=\"text\">PORTLAR<\/td>\n<td>Video Interface 1 port(BNC, 1.0V[p-p], 75?)<br \/>\nRS485 1<br \/>\nAudio I\/O 1\/1<br \/>\nAlarm I\/O 7\/2<\/td>\n<\/tr>\n<tr>\n<td class=\"text\">PROTOKOLLER<\/td>\n<td>DH-SD, Pelco-P\/D (Auto recognition)<\/td>\n<\/tr>\n<tr>\n<td class=\"text\">STANDARTLAR<\/td>\n<td>IP67<\/td>\n<\/tr>\n<tr>\n<td class=\"text\">GECE G\u00d6R\u00dc MESAFES\u0130<\/td>\n<td>Distance up to 300m (984ft)<\/td>\n<\/tr>\n<tr>\n<td class=\"text\">G\u00dc\u00c7 GEREKS\u0130N\u0130M\u0130<\/td>\n<td>24W, 38W (IR on)<\/td>\n<\/tr>\n<tr>\n<td class=\"text\">EK \u00d6ZELL\u0130KLER<\/td>\n<td>Dimensions ?240(mm) x 357(mm)<br \/>\nNet Weight 6.75kg(14.88lb)<br \/>\nGross Weight 10.5kg(23.15lb)<\/td>\n<\/tr>\n<\/tbody>\n<\/table>\n","protected":false},"excerpt":{"rendered":"<p>STOK NO 76627 MARKA DAHUA GARANT\u0130 S\u00dcRES\u0130 24 SENS\u00d6R T\u0130P\u0130 1\/2.8&#8243; STARVIS\u2122 CMOS MAKS\u0130MUM \u00c7\u00d6Z\u00dcN\u00dcRL\u00dcK 1920(H) x 1080(V), 2 Megapixels<\/p>\n","protected":false},"featured_media":15804,"comment_status":"open","ping_status":"closed","template":"","meta":[],"product_brand":[],"product_cat":[73],"product_tag":[],"class_list":{"0":"post-15801","1":"product","2":"type-product","3":"status-publish","4":"has-post-thumbnail","6":"product_cat-guvenlik-urunleri","8":"first","9":"instock","10":"shipping-taxable","11":"product-type-simple"},"yoast_head":"<!-- This site is optimized with the Yoast SEO plugin v27.5 - https:\/\/yoast.com\/product\/yoast-seo-wordpress\/ -->\n<title>DAHUA DH-SD6AL245U-HNI-IR 2MP 3.95-177.7MM 45X 300M IR PTZ STARLIGHT IP KAMERA - Malatya Art\u0131 Bilgisayar &ndash; FortiGate, G&uuml;venlik Kameras\u0131 ve A\u011f &Ccedil;&ouml;z&uuml;mleri<\/title>\n<meta name=\"robots\" content=\"index, follow, max-snippet:-1, max-image-preview:large, max-video-preview:-1\" \/>\n<link rel=\"canonical\" href=\"https:\/\/malatyaarti.com\/index.php\/urun\/dahua-dh-sd6al245u-hni-ir-2mp-3-95-177-7mm-45x-300m-ir-ptz-starlight-ip-kamera\/\" \/>\n<meta property=\"og:locale\" content=\"tr_TR\" \/>\n<meta property=\"og:type\" content=\"article\" \/>\n<meta property=\"og:title\" content=\"DAHUA DH-SD6AL245U-HNI-IR 2MP 3.95-177.7MM 45X 300M IR PTZ STARLIGHT IP KAMERA - Malatya Art\u0131 Bilgisayar &ndash; FortiGate, G&uuml;venlik Kameras\u0131 ve A\u011f &Ccedil;&ouml;z&uuml;mleri\" \/>\n<meta property=\"og:description\" content=\"STOK NO 76627 MARKA DAHUA GARANT\u0130 S\u00dcRES\u0130 24 SENS\u00d6R T\u0130P\u0130 1\/2.8&#8243; STARVIS\u2122 CMOS MAKS\u0130MUM \u00c7\u00d6Z\u00dcN\u00dcRL\u00dcK 1920(H) x 1080(V), 2 Megapixels\" \/>\n<meta property=\"og:url\" content=\"https:\/\/malatyaarti.com\/index.php\/urun\/dahua-dh-sd6al245u-hni-ir-2mp-3-95-177-7mm-45x-300m-ir-ptz-starlight-ip-kamera\/\" \/>\n<meta property=\"og:site_name\" content=\"Malatya Art\u0131 Bilgisayar &ndash; FortiGate, G&uuml;venlik Kameras\u0131 ve A\u011f &Ccedil;&ouml;z&uuml;mleri\" \/>\n<meta property=\"article:publisher\" content=\"https:\/\/www.facebook.com\/malatyaarti\" \/>\n<meta property=\"og:image\" content=\"https:\/\/malatyaarti.com\/wp-content\/uploads\/2023\/12\/DAHUA-DH-SD6AL245U-HNI-IR-2MP-3.95-177.7MM-45X-300M-IR-PTZ-STARLIGHT-IP-KAMERA.jpeg\" \/>\n\t<meta property=\"og:image:width\" content=\"225\" \/>\n\t<meta property=\"og:image:height\" content=\"225\" \/>\n\t<meta property=\"og:image:type\" content=\"image\/jpeg\" \/>\n<meta name=\"twitter:card\" content=\"summary_large_image\" \/>\n<meta name=\"twitter:label1\" content=\"Tahmini okuma s\u00fcresi\" \/>\n\t<meta name=\"twitter:data1\" content=\"1 dakika\" \/>\n<script type=\"application\/ld+json\" class=\"yoast-schema-graph\">{\"@context\":\"https:\\\/\\\/schema.org\",\"@graph\":[{\"@type\":\"WebPage\",\"@id\":\"https:\\\/\\\/malatyaarti.com\\\/index.php\\\/urun\\\/dahua-dh-sd6al245u-hni-ir-2mp-3-95-177-7mm-45x-300m-ir-ptz-starlight-ip-kamera\\\/\",\"url\":\"https:\\\/\\\/malatyaarti.com\\\/index.php\\\/urun\\\/dahua-dh-sd6al245u-hni-ir-2mp-3-95-177-7mm-45x-300m-ir-ptz-starlight-ip-kamera\\\/\",\"name\":\"DAHUA DH-SD6AL245U-HNI-IR 2MP 3.95-177.7MM 45X 300M IR PTZ STARLIGHT IP KAMERA - Malatya Art\u0131 Bilgisayar &ndash; FortiGate, G&uuml;venlik Kameras\u0131 ve A\u011f &Ccedil;&ouml;z&uuml;mleri\",\"isPartOf\":{\"@id\":\"https:\\\/\\\/malatyaarti.com\\\/#website\"},\"primaryImageOfPage\":{\"@id\":\"https:\\\/\\\/malatyaarti.com\\\/index.php\\\/urun\\\/dahua-dh-sd6al245u-hni-ir-2mp-3-95-177-7mm-45x-300m-ir-ptz-starlight-ip-kamera\\\/#primaryimage\"},\"image\":{\"@id\":\"https:\\\/\\\/malatyaarti.com\\\/index.php\\\/urun\\\/dahua-dh-sd6al245u-hni-ir-2mp-3-95-177-7mm-45x-300m-ir-ptz-starlight-ip-kamera\\\/#primaryimage\"},\"thumbnailUrl\":\"https:\\\/\\\/malatyaarti.com\\\/wp-content\\\/uploads\\\/2023\\\/12\\\/DAHUA-DH-SD6AL245U-HNI-IR-2MP-3.95-177.7MM-45X-300M-IR-PTZ-STARLIGHT-IP-KAMERA.jpeg\",\"datePublished\":\"2023-12-20T12:55:15+00:00\",\"breadcrumb\":{\"@id\":\"https:\\\/\\\/malatyaarti.com\\\/index.php\\\/urun\\\/dahua-dh-sd6al245u-hni-ir-2mp-3-95-177-7mm-45x-300m-ir-ptz-starlight-ip-kamera\\\/#breadcrumb\"},\"inLanguage\":\"tr\",\"potentialAction\":[{\"@type\":\"ReadAction\",\"target\":[\"https:\\\/\\\/malatyaarti.com\\\/index.php\\\/urun\\\/dahua-dh-sd6al245u-hni-ir-2mp-3-95-177-7mm-45x-300m-ir-ptz-starlight-ip-kamera\\\/\"]}]},{\"@type\":\"ImageObject\",\"inLanguage\":\"tr\",\"@id\":\"https:\\\/\\\/malatyaarti.com\\\/index.php\\\/urun\\\/dahua-dh-sd6al245u-hni-ir-2mp-3-95-177-7mm-45x-300m-ir-ptz-starlight-ip-kamera\\\/#primaryimage\",\"url\":\"https:\\\/\\\/malatyaarti.com\\\/wp-content\\\/uploads\\\/2023\\\/12\\\/DAHUA-DH-SD6AL245U-HNI-IR-2MP-3.95-177.7MM-45X-300M-IR-PTZ-STARLIGHT-IP-KAMERA.jpeg\",\"contentUrl\":\"https:\\\/\\\/malatyaarti.com\\\/wp-content\\\/uploads\\\/2023\\\/12\\\/DAHUA-DH-SD6AL245U-HNI-IR-2MP-3.95-177.7MM-45X-300M-IR-PTZ-STARLIGHT-IP-KAMERA.jpeg\",\"width\":225,\"height\":225},{\"@type\":\"BreadcrumbList\",\"@id\":\"https:\\\/\\\/malatyaarti.com\\\/index.php\\\/urun\\\/dahua-dh-sd6al245u-hni-ir-2mp-3-95-177-7mm-45x-300m-ir-ptz-starlight-ip-kamera\\\/#breadcrumb\",\"itemListElement\":[{\"@type\":\"ListItem\",\"position\":1,\"name\":\"Anasayfa\",\"item\":\"https:\\\/\\\/malatyaarti.com\\\/\"},{\"@type\":\"ListItem\",\"position\":2,\"name\":\"\u00dcr\u00fcnler\",\"item\":\"https:\\\/\\\/malatyaarti.com\\\/index.php\\\/shop\\\/\"},{\"@type\":\"ListItem\",\"position\":3,\"name\":\"DAHUA DH-SD6AL245U-HNI-IR 2MP 3.95-177.7MM 45X 300M IR PTZ STARLIGHT IP KAMERA\"}]},{\"@type\":\"WebSite\",\"@id\":\"https:\\\/\\\/malatyaarti.com\\\/#website\",\"url\":\"https:\\\/\\\/malatyaarti.com\\\/\",\"name\":\"Malatya Art\u0131 Bilgisayar \u2013 FortiGate, G\u00fcvenlik Kameras\u0131 ve A\u011f \u00c7\u00f6z\u00fcmleri\",\"description\":\"Malatya&rsquo;da FortiGate Firewall, G&uuml;venlik Kameras\u0131 ve A\u011f &Ccedil;&ouml;z&uuml;mlerinde Profesyonel Hizmet!\",\"publisher\":{\"@id\":\"https:\\\/\\\/malatyaarti.com\\\/#organization\"},\"potentialAction\":[{\"@type\":\"SearchAction\",\"target\":{\"@type\":\"EntryPoint\",\"urlTemplate\":\"https:\\\/\\\/malatyaarti.com\\\/?s={search_term_string}\"},\"query-input\":{\"@type\":\"PropertyValueSpecification\",\"valueRequired\":true,\"valueName\":\"search_term_string\"}}],\"inLanguage\":\"tr\"},{\"@type\":\"Organization\",\"@id\":\"https:\\\/\\\/malatyaarti.com\\\/#organization\",\"name\":\"Malatya Art\u0131 Bilgisayar \u2013 FortiGate, G\u00fcvenlik Kameras\u0131 ve A\u011f \u00c7\u00f6z\u00fcmleri\",\"url\":\"https:\\\/\\\/malatyaarti.com\\\/\",\"logo\":{\"@type\":\"ImageObject\",\"inLanguage\":\"tr\",\"@id\":\"https:\\\/\\\/malatyaarti.com\\\/#\\\/schema\\\/logo\\\/image\\\/\",\"url\":\"https:\\\/\\\/malatyaarti.com\\\/wp-content\\\/uploads\\\/2025\\\/03\\\/malatya-arti-bilgisayar-fortigate-firewall-guvelik-kamerasi-sunucu-server.webp\",\"contentUrl\":\"https:\\\/\\\/malatyaarti.com\\\/wp-content\\\/uploads\\\/2025\\\/03\\\/malatya-arti-bilgisayar-fortigate-firewall-guvelik-kamerasi-sunucu-server.webp\",\"width\":700,\"height\":700,\"caption\":\"Malatya Art\u0131 Bilgisayar \u2013 FortiGate, G\u00fcvenlik Kameras\u0131 ve A\u011f \u00c7\u00f6z\u00fcmleri\"},\"image\":{\"@id\":\"https:\\\/\\\/malatyaarti.com\\\/#\\\/schema\\\/logo\\\/image\\\/\"},\"sameAs\":[\"https:\\\/\\\/www.facebook.com\\\/malatyaarti\"]}]}<\/script>\n<!-- \/ Yoast SEO plugin. -->","yoast_head_json":{"title":"DAHUA DH-SD6AL245U-HNI-IR 2MP 3.95-177.7MM 45X 300M IR PTZ STARLIGHT IP KAMERA - Malatya Art\u0131 Bilgisayar &ndash; FortiGate, G&uuml;venlik Kameras\u0131 ve A\u011f &Ccedil;&ouml;z&uuml;mleri","robots":{"index":"index","follow":"follow","max-snippet":"max-snippet:-1","max-image-preview":"max-image-preview:large","max-video-preview":"max-video-preview:-1"},"canonical":"https:\/\/malatyaarti.com\/index.php\/urun\/dahua-dh-sd6al245u-hni-ir-2mp-3-95-177-7mm-45x-300m-ir-ptz-starlight-ip-kamera\/","og_locale":"tr_TR","og_type":"article","og_title":"DAHUA DH-SD6AL245U-HNI-IR 2MP 3.95-177.7MM 45X 300M IR PTZ STARLIGHT IP KAMERA - Malatya Art\u0131 Bilgisayar &ndash; FortiGate, G&uuml;venlik Kameras\u0131 ve A\u011f &Ccedil;&ouml;z&uuml;mleri","og_description":"STOK NO 76627 MARKA DAHUA GARANT\u0130 S\u00dcRES\u0130 24 SENS\u00d6R T\u0130P\u0130 1\/2.8&#8243; STARVIS\u2122 CMOS MAKS\u0130MUM \u00c7\u00d6Z\u00dcN\u00dcRL\u00dcK 1920(H) x 1080(V), 2 Megapixels","og_url":"https:\/\/malatyaarti.com\/index.php\/urun\/dahua-dh-sd6al245u-hni-ir-2mp-3-95-177-7mm-45x-300m-ir-ptz-starlight-ip-kamera\/","og_site_name":"Malatya Art\u0131 Bilgisayar &ndash; FortiGate, G&uuml;venlik Kameras\u0131 ve A\u011f &Ccedil;&ouml;z&uuml;mleri","article_publisher":"https:\/\/www.facebook.com\/malatyaarti","og_image":[{"width":225,"height":225,"url":"https:\/\/malatyaarti.com\/wp-content\/uploads\/2023\/12\/DAHUA-DH-SD6AL245U-HNI-IR-2MP-3.95-177.7MM-45X-300M-IR-PTZ-STARLIGHT-IP-KAMERA.jpeg","type":"image\/jpeg"}],"twitter_card":"summary_large_image","twitter_misc":{"Tahmini okuma s\u00fcresi":"1 dakika"},"schema":{"@context":"https:\/\/schema.org","@graph":[{"@type":"WebPage","@id":"https:\/\/malatyaarti.com\/index.php\/urun\/dahua-dh-sd6al245u-hni-ir-2mp-3-95-177-7mm-45x-300m-ir-ptz-starlight-ip-kamera\/","url":"https:\/\/malatyaarti.com\/index.php\/urun\/dahua-dh-sd6al245u-hni-ir-2mp-3-95-177-7mm-45x-300m-ir-ptz-starlight-ip-kamera\/","name":"DAHUA DH-SD6AL245U-HNI-IR 2MP 3.95-177.7MM 45X 300M IR PTZ STARLIGHT IP KAMERA - Malatya Art\u0131 Bilgisayar &ndash; FortiGate, G&uuml;venlik Kameras\u0131 ve A\u011f &Ccedil;&ouml;z&uuml;mleri","isPartOf":{"@id":"https:\/\/malatyaarti.com\/#website"},"primaryImageOfPage":{"@id":"https:\/\/malatyaarti.com\/index.php\/urun\/dahua-dh-sd6al245u-hni-ir-2mp-3-95-177-7mm-45x-300m-ir-ptz-starlight-ip-kamera\/#primaryimage"},"image":{"@id":"https:\/\/malatyaarti.com\/index.php\/urun\/dahua-dh-sd6al245u-hni-ir-2mp-3-95-177-7mm-45x-300m-ir-ptz-starlight-ip-kamera\/#primaryimage"},"thumbnailUrl":"https:\/\/malatyaarti.com\/wp-content\/uploads\/2023\/12\/DAHUA-DH-SD6AL245U-HNI-IR-2MP-3.95-177.7MM-45X-300M-IR-PTZ-STARLIGHT-IP-KAMERA.jpeg","datePublished":"2023-12-20T12:55:15+00:00","breadcrumb":{"@id":"https:\/\/malatyaarti.com\/index.php\/urun\/dahua-dh-sd6al245u-hni-ir-2mp-3-95-177-7mm-45x-300m-ir-ptz-starlight-ip-kamera\/#breadcrumb"},"inLanguage":"tr","potentialAction":[{"@type":"ReadAction","target":["https:\/\/malatyaarti.com\/index.php\/urun\/dahua-dh-sd6al245u-hni-ir-2mp-3-95-177-7mm-45x-300m-ir-ptz-starlight-ip-kamera\/"]}]},{"@type":"ImageObject","inLanguage":"tr","@id":"https:\/\/malatyaarti.com\/index.php\/urun\/dahua-dh-sd6al245u-hni-ir-2mp-3-95-177-7mm-45x-300m-ir-ptz-starlight-ip-kamera\/#primaryimage","url":"https:\/\/malatyaarti.com\/wp-content\/uploads\/2023\/12\/DAHUA-DH-SD6AL245U-HNI-IR-2MP-3.95-177.7MM-45X-300M-IR-PTZ-STARLIGHT-IP-KAMERA.jpeg","contentUrl":"https:\/\/malatyaarti.com\/wp-content\/uploads\/2023\/12\/DAHUA-DH-SD6AL245U-HNI-IR-2MP-3.95-177.7MM-45X-300M-IR-PTZ-STARLIGHT-IP-KAMERA.jpeg","width":225,"height":225},{"@type":"BreadcrumbList","@id":"https:\/\/malatyaarti.com\/index.php\/urun\/dahua-dh-sd6al245u-hni-ir-2mp-3-95-177-7mm-45x-300m-ir-ptz-starlight-ip-kamera\/#breadcrumb","itemListElement":[{"@type":"ListItem","position":1,"name":"Anasayfa","item":"https:\/\/malatyaarti.com\/"},{"@type":"ListItem","position":2,"name":"\u00dcr\u00fcnler","item":"https:\/\/malatyaarti.com\/index.php\/shop\/"},{"@type":"ListItem","position":3,"name":"DAHUA DH-SD6AL245U-HNI-IR 2MP 3.95-177.7MM 45X 300M IR PTZ STARLIGHT IP KAMERA"}]},{"@type":"WebSite","@id":"https:\/\/malatyaarti.com\/#website","url":"https:\/\/malatyaarti.com\/","name":"Malatya Art\u0131 Bilgisayar \u2013 FortiGate, G\u00fcvenlik Kameras\u0131 ve A\u011f \u00c7\u00f6z\u00fcmleri","description":"Malatya&rsquo;da FortiGate Firewall, G&uuml;venlik Kameras\u0131 ve A\u011f &Ccedil;&ouml;z&uuml;mlerinde Profesyonel Hizmet!","publisher":{"@id":"https:\/\/malatyaarti.com\/#organization"},"potentialAction":[{"@type":"SearchAction","target":{"@type":"EntryPoint","urlTemplate":"https:\/\/malatyaarti.com\/?s={search_term_string}"},"query-input":{"@type":"PropertyValueSpecification","valueRequired":true,"valueName":"search_term_string"}}],"inLanguage":"tr"},{"@type":"Organization","@id":"https:\/\/malatyaarti.com\/#organization","name":"Malatya Art\u0131 Bilgisayar \u2013 FortiGate, G\u00fcvenlik Kameras\u0131 ve A\u011f \u00c7\u00f6z\u00fcmleri","url":"https:\/\/malatyaarti.com\/","logo":{"@type":"ImageObject","inLanguage":"tr","@id":"https:\/\/malatyaarti.com\/#\/schema\/logo\/image\/","url":"https:\/\/malatyaarti.com\/wp-content\/uploads\/2025\/03\/malatya-arti-bilgisayar-fortigate-firewall-guvelik-kamerasi-sunucu-server.webp","contentUrl":"https:\/\/malatyaarti.com\/wp-content\/uploads\/2025\/03\/malatya-arti-bilgisayar-fortigate-firewall-guvelik-kamerasi-sunucu-server.webp","width":700,"height":700,"caption":"Malatya Art\u0131 Bilgisayar \u2013 FortiGate, G\u00fcvenlik Kameras\u0131 ve A\u011f \u00c7\u00f6z\u00fcmleri"},"image":{"@id":"https:\/\/malatyaarti.com\/#\/schema\/logo\/image\/"},"sameAs":["https:\/\/www.facebook.com\/malatyaarti"]}]}},"_links":{"self":[{"href":"https:\/\/malatyaarti.com\/index.php\/wp-json\/wp\/v2\/product\/15801","targetHints":{"allow":["GET"]}}],"collection":[{"href":"https:\/\/malatyaarti.com\/index.php\/wp-json\/wp\/v2\/product"}],"about":[{"href":"https:\/\/malatyaarti.com\/index.php\/wp-json\/wp\/v2\/types\/product"}],"replies":[{"embeddable":true,"href":"https:\/\/malatyaarti.com\/index.php\/wp-json\/wp\/v2\/comments?post=15801"}],"version-history":[{"count":1,"href":"https:\/\/malatyaarti.com\/index.php\/wp-json\/wp\/v2\/product\/15801\/revisions"}],"predecessor-version":[{"id":15805,"href":"https:\/\/malatyaarti.com\/index.php\/wp-json\/wp\/v2\/product\/15801\/revisions\/15805"}],"wp:featuredmedia":[{"embeddable":true,"href":"https:\/\/malatyaarti.com\/index.php\/wp-json\/wp\/v2\/media\/15804"}],"wp:attachment":[{"href":"https:\/\/malatyaarti.com\/index.php\/wp-json\/wp\/v2\/media?parent=15801"}],"wp:term":[{"taxonomy":"product_brand","embeddable":true,"href":"https:\/\/malatyaarti.com\/index.php\/wp-json\/wp\/v2\/product_brand?post=15801"},{"taxonomy":"product_cat","embeddable":true,"href":"https:\/\/malatyaarti.com\/index.php\/wp-json\/wp\/v2\/product_cat?post=15801"},{"taxonomy":"product_tag","embeddable":true,"href":"https:\/\/malatyaarti.com\/index.php\/wp-json\/wp\/v2\/product_tag?post=15801"}],"curies":[{"name":"wp","href":"https:\/\/api.w.org\/{rel}","templated":true}]}}