{"id":15789,"date":"2023-12-20T12:52:49","date_gmt":"2023-12-20T12:52:49","guid":{"rendered":"https:\/\/malatyaarti.com\/?post_type=product&#038;p=15789"},"modified":"2023-12-20T12:52:49","modified_gmt":"2023-12-20T12:52:49","slug":"dahua-sd49225db-hny-2mp-25x-100m-ptz-starlight-poe-ip-kamera","status":"publish","type":"product","link":"https:\/\/malatyaarti.com\/index.php\/urun\/dahua-sd49225db-hny-2mp-25x-100m-ptz-starlight-poe-ip-kamera\/","title":{"rendered":"DAHUA SD49225DB-HNY 2MP 25X 100M PTZ STARLIGHT POE IP KAMERA"},"content":{"rendered":"<table>\n<tbody>\n<tr>\n<td class=\"text\">TOK NO<\/td>\n<td>78734<\/td>\n<\/tr>\n<tr>\n<td class=\"text\">MARKA<\/td>\n<td>DAHUA<\/td>\n<\/tr>\n<tr>\n<td class=\"text\">GARANT\u0130 S\u00dcRES\u0130<\/td>\n<td>24<\/td>\n<\/tr>\n<tr>\n<td class=\"text\">SENS\u00d6R T\u0130P\u0130<\/td>\n<td>1\/2.8&#8243; CMOS<\/td>\n<\/tr>\n<tr>\n<td class=\"text\">MAKS\u0130MUM \u00c7\u00d6Z\u00dcN\u00dcRL\u00dcK<\/td>\n<td>1080p (1920 \u00d7 1080); 960p (1280 \u00d7 960); 720p (1280 \u00d7 720); D1 (704 \u00d7 576\/704 \u00d7 480); VGA (640 \u00d7 480); CIF (352 \u00d7 288\/352 \u00d7 240)<\/td>\n<\/tr>\n<tr>\n<td class=\"text\">LENS<\/td>\n<td>4.8 mm 25x<\/td>\n<\/tr>\n<tr>\n<td class=\"text\">M\u0130NUMUM AYDINLATMA<\/td>\n<td>Color: 0.005 lux@F1.6<br \/>\nB\/W: 0.0005 lux@F1.6<br \/>\n0 lux (IR light on)<\/td>\n<\/tr>\n<tr>\n<td class=\"text\">OBJEKT\u0130F HIZI<\/td>\n<td>1\/1 s\u20131\/30,000 s<\/td>\n<\/tr>\n<tr>\n<td class=\"text\">GECE &amp; G\u00dcND\u00dcZ<\/td>\n<td>Auto (ICR)\/Color\/B\/W<\/td>\n<\/tr>\n<tr>\n<td class=\"text\">D\u0130J\u0130TAL G\u00dcR\u00dcLT\u00dc AZALTMA<\/td>\n<td>2D NR; 3D NR<\/td>\n<\/tr>\n<tr>\n<td class=\"text\">GEN\u0130\u015e D\u0130NAM\u0130K ALAN<\/td>\n<td>120dB<\/td>\n<\/tr>\n<tr>\n<td class=\"text\">V\u0130DEO SIKI\u015eTIRMA<\/td>\n<td>Smart H.265+;H.265;Smart H.264+;H.264;H.264B;MJPEG(Sub Stream)<\/td>\n<\/tr>\n<tr>\n<td class=\"text\">V\u0130DEO HIZI<\/td>\n<td>Main stream: 1080p\/960p\/720p@(1\u201325\/30 fps)<br \/>\nSub stream 1: D1\/VGA\/CIF@(1\u201325\/30 fps)<br \/>\nSub stream 2: 1080p\/960p\/720p@(1\u201325\/30 fps)<\/td>\n<\/tr>\n<tr>\n<td class=\"text\">RES\u0130M AYARLARI<\/td>\n<td>1920(H) x 1080(V), 2 Megapixels<\/td>\n<\/tr>\n<tr>\n<td class=\"text\">A\u011e DEPOLAMA ALANI<\/td>\n<td>FTP; Micro SD card (512 GB); NAS<\/td>\n<\/tr>\n<tr>\n<td class=\"text\">ALARM TET\u0130KLEY\u0130C\u0130<\/td>\n<td>Motion\/Tampering detection; audio detection; network disconnection detection; IP conflict detection; memory card state detection; memory space detection; power exception detection<\/td>\n<\/tr>\n<tr>\n<td class=\"text\">PORTLAR<\/td>\n<td>RJ-45 (10\/100 Base-T)<\/td>\n<\/tr>\n<tr>\n<td class=\"text\">PROTOKOLLER<\/td>\n<td>HTTP;HTTPS;TCP\/IP;IPv4;RTSP;UDP;SMTP;NTP;<br \/>\nDHCP;DNS;DDNS;IPv6;802.1x;SSL;Qos;FTP;<br \/>\nUPnP;ICMP;SNMP;SNMPv1\/v2c\/v3(MIB-2);<br \/>\nIGMP;ARP;RTCP;RTP;PPPoE;IP Filter;RTMP;Bonjour;TCP;SMB;NFS<\/td>\n<\/tr>\n<tr>\n<td class=\"text\">GECE G\u00d6R\u00dc MESAFES\u0130<\/td>\n<td>100 m (328.08 ft) (IR)<\/td>\n<\/tr>\n<tr>\n<td class=\"text\">G\u00dc\u00c7 GEREKS\u0130N\u0130M\u0130<\/td>\n<td>Power Supply 12 VDC\/3 A (\u00b1 10%) PoE (802.3at)<br \/>\nPower Consumption Basic: 12 W Max.: 20 W (IR light)<\/td>\n<\/tr>\n<tr>\n<td class=\"text\">EK \u00d6ZELL\u0130KLER<\/td>\n<td>Product Dimensions : 270.4 mm \u00d7 ?160.0 mm<br \/>\nNet Weight : 2.4 kg (5.29 lb)<\/td>\n<\/tr>\n<\/tbody>\n<\/table>\n","protected":false},"excerpt":{"rendered":"<p>TOK NO 78734 MARKA DAHUA GARANT\u0130 S\u00dcRES\u0130 24 SENS\u00d6R T\u0130P\u0130 1\/2.8&#8243; CMOS MAKS\u0130MUM \u00c7\u00d6Z\u00dcN\u00dcRL\u00dcK 1080p (1920 \u00d7 1080); 960p (1280<\/p>\n","protected":false},"featured_media":15797,"comment_status":"open","ping_status":"closed","template":"","meta":[],"product_brand":[],"product_cat":[73],"product_tag":[],"class_list":{"0":"post-15789","1":"product","2":"type-product","3":"status-publish","4":"has-post-thumbnail","6":"product_cat-guvenlik-urunleri","8":"first","9":"instock","10":"shipping-taxable","11":"product-type-simple"},"yoast_head":"<!-- This site is optimized with the Yoast SEO plugin v27.4 - https:\/\/yoast.com\/product\/yoast-seo-wordpress\/ -->\n<title>DAHUA SD49225DB-HNY 2MP 25X 100M PTZ STARLIGHT POE IP KAMERA - Malatya Art\u0131 Bilgisayar &ndash; FortiGate, G&uuml;venlik Kameras\u0131 ve A\u011f &Ccedil;&ouml;z&uuml;mleri<\/title>\n<meta name=\"robots\" content=\"index, follow, max-snippet:-1, max-image-preview:large, max-video-preview:-1\" \/>\n<link rel=\"canonical\" href=\"https:\/\/malatyaarti.com\/index.php\/urun\/dahua-sd49225db-hny-2mp-25x-100m-ptz-starlight-poe-ip-kamera\/\" \/>\n<meta property=\"og:locale\" content=\"tr_TR\" \/>\n<meta property=\"og:type\" content=\"article\" \/>\n<meta property=\"og:title\" content=\"DAHUA SD49225DB-HNY 2MP 25X 100M PTZ STARLIGHT POE IP KAMERA - Malatya Art\u0131 Bilgisayar &ndash; FortiGate, G&uuml;venlik Kameras\u0131 ve A\u011f &Ccedil;&ouml;z&uuml;mleri\" \/>\n<meta property=\"og:description\" content=\"TOK NO 78734 MARKA DAHUA GARANT\u0130 S\u00dcRES\u0130 24 SENS\u00d6R T\u0130P\u0130 1\/2.8&#8243; CMOS MAKS\u0130MUM \u00c7\u00d6Z\u00dcN\u00dcRL\u00dcK 1080p (1920 \u00d7 1080); 960p (1280\" \/>\n<meta property=\"og:url\" content=\"https:\/\/malatyaarti.com\/index.php\/urun\/dahua-sd49225db-hny-2mp-25x-100m-ptz-starlight-poe-ip-kamera\/\" \/>\n<meta property=\"og:site_name\" content=\"Malatya Art\u0131 Bilgisayar &ndash; FortiGate, G&uuml;venlik Kameras\u0131 ve A\u011f &Ccedil;&ouml;z&uuml;mleri\" \/>\n<meta property=\"article:publisher\" content=\"https:\/\/www.facebook.com\/malatyaarti\" \/>\n<meta property=\"og:image\" content=\"https:\/\/malatyaarti.com\/wp-content\/uploads\/2023\/12\/DAHUA-SD49225DB-HNY-2MP-25X-100M-PTZ-STARLIGHT-POE-IP-KAMERA.webp\" \/>\n\t<meta property=\"og:image:width\" content=\"1000\" \/>\n\t<meta property=\"og:image:height\" content=\"1000\" \/>\n\t<meta property=\"og:image:type\" content=\"image\/webp\" \/>\n<meta name=\"twitter:card\" content=\"summary_large_image\" \/>\n<meta name=\"twitter:label1\" content=\"Tahmini okuma s\u00fcresi\" \/>\n\t<meta name=\"twitter:data1\" content=\"1 dakika\" \/>\n<script type=\"application\/ld+json\" class=\"yoast-schema-graph\">{\"@context\":\"https:\\\/\\\/schema.org\",\"@graph\":[{\"@type\":\"WebPage\",\"@id\":\"https:\\\/\\\/malatyaarti.com\\\/index.php\\\/urun\\\/dahua-sd49225db-hny-2mp-25x-100m-ptz-starlight-poe-ip-kamera\\\/\",\"url\":\"https:\\\/\\\/malatyaarti.com\\\/index.php\\\/urun\\\/dahua-sd49225db-hny-2mp-25x-100m-ptz-starlight-poe-ip-kamera\\\/\",\"name\":\"DAHUA SD49225DB-HNY 2MP 25X 100M PTZ STARLIGHT POE IP KAMERA - Malatya Art\u0131 Bilgisayar &ndash; FortiGate, G&uuml;venlik Kameras\u0131 ve A\u011f &Ccedil;&ouml;z&uuml;mleri\",\"isPartOf\":{\"@id\":\"https:\\\/\\\/malatyaarti.com\\\/#website\"},\"primaryImageOfPage\":{\"@id\":\"https:\\\/\\\/malatyaarti.com\\\/index.php\\\/urun\\\/dahua-sd49225db-hny-2mp-25x-100m-ptz-starlight-poe-ip-kamera\\\/#primaryimage\"},\"image\":{\"@id\":\"https:\\\/\\\/malatyaarti.com\\\/index.php\\\/urun\\\/dahua-sd49225db-hny-2mp-25x-100m-ptz-starlight-poe-ip-kamera\\\/#primaryimage\"},\"thumbnailUrl\":\"https:\\\/\\\/malatyaarti.com\\\/wp-content\\\/uploads\\\/2023\\\/12\\\/DAHUA-SD49225DB-HNY-2MP-25X-100M-PTZ-STARLIGHT-POE-IP-KAMERA.webp\",\"datePublished\":\"2023-12-20T12:52:49+00:00\",\"breadcrumb\":{\"@id\":\"https:\\\/\\\/malatyaarti.com\\\/index.php\\\/urun\\\/dahua-sd49225db-hny-2mp-25x-100m-ptz-starlight-poe-ip-kamera\\\/#breadcrumb\"},\"inLanguage\":\"tr\",\"potentialAction\":[{\"@type\":\"ReadAction\",\"target\":[\"https:\\\/\\\/malatyaarti.com\\\/index.php\\\/urun\\\/dahua-sd49225db-hny-2mp-25x-100m-ptz-starlight-poe-ip-kamera\\\/\"]}]},{\"@type\":\"ImageObject\",\"inLanguage\":\"tr\",\"@id\":\"https:\\\/\\\/malatyaarti.com\\\/index.php\\\/urun\\\/dahua-sd49225db-hny-2mp-25x-100m-ptz-starlight-poe-ip-kamera\\\/#primaryimage\",\"url\":\"https:\\\/\\\/malatyaarti.com\\\/wp-content\\\/uploads\\\/2023\\\/12\\\/DAHUA-SD49225DB-HNY-2MP-25X-100M-PTZ-STARLIGHT-POE-IP-KAMERA.webp\",\"contentUrl\":\"https:\\\/\\\/malatyaarti.com\\\/wp-content\\\/uploads\\\/2023\\\/12\\\/DAHUA-SD49225DB-HNY-2MP-25X-100M-PTZ-STARLIGHT-POE-IP-KAMERA.webp\",\"width\":1000,\"height\":1000},{\"@type\":\"BreadcrumbList\",\"@id\":\"https:\\\/\\\/malatyaarti.com\\\/index.php\\\/urun\\\/dahua-sd49225db-hny-2mp-25x-100m-ptz-starlight-poe-ip-kamera\\\/#breadcrumb\",\"itemListElement\":[{\"@type\":\"ListItem\",\"position\":1,\"name\":\"Anasayfa\",\"item\":\"https:\\\/\\\/malatyaarti.com\\\/\"},{\"@type\":\"ListItem\",\"position\":2,\"name\":\"\u00dcr\u00fcnler\",\"item\":\"https:\\\/\\\/malatyaarti.com\\\/index.php\\\/shop\\\/\"},{\"@type\":\"ListItem\",\"position\":3,\"name\":\"DAHUA SD49225DB-HNY 2MP 25X 100M PTZ STARLIGHT POE IP KAMERA\"}]},{\"@type\":\"WebSite\",\"@id\":\"https:\\\/\\\/malatyaarti.com\\\/#website\",\"url\":\"https:\\\/\\\/malatyaarti.com\\\/\",\"name\":\"Malatya Art\u0131 Bilgisayar \u2013 FortiGate, G\u00fcvenlik Kameras\u0131 ve A\u011f \u00c7\u00f6z\u00fcmleri\",\"description\":\"Malatya&rsquo;da FortiGate Firewall, G&uuml;venlik Kameras\u0131 ve A\u011f &Ccedil;&ouml;z&uuml;mlerinde Profesyonel Hizmet!\",\"publisher\":{\"@id\":\"https:\\\/\\\/malatyaarti.com\\\/#organization\"},\"potentialAction\":[{\"@type\":\"SearchAction\",\"target\":{\"@type\":\"EntryPoint\",\"urlTemplate\":\"https:\\\/\\\/malatyaarti.com\\\/?s={search_term_string}\"},\"query-input\":{\"@type\":\"PropertyValueSpecification\",\"valueRequired\":true,\"valueName\":\"search_term_string\"}}],\"inLanguage\":\"tr\"},{\"@type\":\"Organization\",\"@id\":\"https:\\\/\\\/malatyaarti.com\\\/#organization\",\"name\":\"Malatya Art\u0131 Bilgisayar \u2013 FortiGate, G\u00fcvenlik Kameras\u0131 ve A\u011f \u00c7\u00f6z\u00fcmleri\",\"url\":\"https:\\\/\\\/malatyaarti.com\\\/\",\"logo\":{\"@type\":\"ImageObject\",\"inLanguage\":\"tr\",\"@id\":\"https:\\\/\\\/malatyaarti.com\\\/#\\\/schema\\\/logo\\\/image\\\/\",\"url\":\"https:\\\/\\\/malatyaarti.com\\\/wp-content\\\/uploads\\\/2025\\\/03\\\/malatya-arti-bilgisayar-fortigate-firewall-guvelik-kamerasi-sunucu-server.webp\",\"contentUrl\":\"https:\\\/\\\/malatyaarti.com\\\/wp-content\\\/uploads\\\/2025\\\/03\\\/malatya-arti-bilgisayar-fortigate-firewall-guvelik-kamerasi-sunucu-server.webp\",\"width\":700,\"height\":700,\"caption\":\"Malatya Art\u0131 Bilgisayar \u2013 FortiGate, G\u00fcvenlik Kameras\u0131 ve A\u011f \u00c7\u00f6z\u00fcmleri\"},\"image\":{\"@id\":\"https:\\\/\\\/malatyaarti.com\\\/#\\\/schema\\\/logo\\\/image\\\/\"},\"sameAs\":[\"https:\\\/\\\/www.facebook.com\\\/malatyaarti\"]}]}<\/script>\n<!-- \/ Yoast SEO plugin. -->","yoast_head_json":{"title":"DAHUA SD49225DB-HNY 2MP 25X 100M PTZ STARLIGHT POE IP KAMERA - Malatya Art\u0131 Bilgisayar &ndash; FortiGate, G&uuml;venlik Kameras\u0131 ve A\u011f &Ccedil;&ouml;z&uuml;mleri","robots":{"index":"index","follow":"follow","max-snippet":"max-snippet:-1","max-image-preview":"max-image-preview:large","max-video-preview":"max-video-preview:-1"},"canonical":"https:\/\/malatyaarti.com\/index.php\/urun\/dahua-sd49225db-hny-2mp-25x-100m-ptz-starlight-poe-ip-kamera\/","og_locale":"tr_TR","og_type":"article","og_title":"DAHUA SD49225DB-HNY 2MP 25X 100M PTZ STARLIGHT POE IP KAMERA - Malatya Art\u0131 Bilgisayar &ndash; FortiGate, G&uuml;venlik Kameras\u0131 ve A\u011f &Ccedil;&ouml;z&uuml;mleri","og_description":"TOK NO 78734 MARKA DAHUA GARANT\u0130 S\u00dcRES\u0130 24 SENS\u00d6R T\u0130P\u0130 1\/2.8&#8243; CMOS MAKS\u0130MUM \u00c7\u00d6Z\u00dcN\u00dcRL\u00dcK 1080p (1920 \u00d7 1080); 960p (1280","og_url":"https:\/\/malatyaarti.com\/index.php\/urun\/dahua-sd49225db-hny-2mp-25x-100m-ptz-starlight-poe-ip-kamera\/","og_site_name":"Malatya Art\u0131 Bilgisayar &ndash; FortiGate, G&uuml;venlik Kameras\u0131 ve A\u011f &Ccedil;&ouml;z&uuml;mleri","article_publisher":"https:\/\/www.facebook.com\/malatyaarti","og_image":[{"width":1000,"height":1000,"url":"https:\/\/malatyaarti.com\/wp-content\/uploads\/2023\/12\/DAHUA-SD49225DB-HNY-2MP-25X-100M-PTZ-STARLIGHT-POE-IP-KAMERA.webp","type":"image\/webp"}],"twitter_card":"summary_large_image","twitter_misc":{"Tahmini okuma s\u00fcresi":"1 dakika"},"schema":{"@context":"https:\/\/schema.org","@graph":[{"@type":"WebPage","@id":"https:\/\/malatyaarti.com\/index.php\/urun\/dahua-sd49225db-hny-2mp-25x-100m-ptz-starlight-poe-ip-kamera\/","url":"https:\/\/malatyaarti.com\/index.php\/urun\/dahua-sd49225db-hny-2mp-25x-100m-ptz-starlight-poe-ip-kamera\/","name":"DAHUA SD49225DB-HNY 2MP 25X 100M PTZ STARLIGHT POE IP KAMERA - Malatya Art\u0131 Bilgisayar &ndash; FortiGate, G&uuml;venlik Kameras\u0131 ve A\u011f &Ccedil;&ouml;z&uuml;mleri","isPartOf":{"@id":"https:\/\/malatyaarti.com\/#website"},"primaryImageOfPage":{"@id":"https:\/\/malatyaarti.com\/index.php\/urun\/dahua-sd49225db-hny-2mp-25x-100m-ptz-starlight-poe-ip-kamera\/#primaryimage"},"image":{"@id":"https:\/\/malatyaarti.com\/index.php\/urun\/dahua-sd49225db-hny-2mp-25x-100m-ptz-starlight-poe-ip-kamera\/#primaryimage"},"thumbnailUrl":"https:\/\/malatyaarti.com\/wp-content\/uploads\/2023\/12\/DAHUA-SD49225DB-HNY-2MP-25X-100M-PTZ-STARLIGHT-POE-IP-KAMERA.webp","datePublished":"2023-12-20T12:52:49+00:00","breadcrumb":{"@id":"https:\/\/malatyaarti.com\/index.php\/urun\/dahua-sd49225db-hny-2mp-25x-100m-ptz-starlight-poe-ip-kamera\/#breadcrumb"},"inLanguage":"tr","potentialAction":[{"@type":"ReadAction","target":["https:\/\/malatyaarti.com\/index.php\/urun\/dahua-sd49225db-hny-2mp-25x-100m-ptz-starlight-poe-ip-kamera\/"]}]},{"@type":"ImageObject","inLanguage":"tr","@id":"https:\/\/malatyaarti.com\/index.php\/urun\/dahua-sd49225db-hny-2mp-25x-100m-ptz-starlight-poe-ip-kamera\/#primaryimage","url":"https:\/\/malatyaarti.com\/wp-content\/uploads\/2023\/12\/DAHUA-SD49225DB-HNY-2MP-25X-100M-PTZ-STARLIGHT-POE-IP-KAMERA.webp","contentUrl":"https:\/\/malatyaarti.com\/wp-content\/uploads\/2023\/12\/DAHUA-SD49225DB-HNY-2MP-25X-100M-PTZ-STARLIGHT-POE-IP-KAMERA.webp","width":1000,"height":1000},{"@type":"BreadcrumbList","@id":"https:\/\/malatyaarti.com\/index.php\/urun\/dahua-sd49225db-hny-2mp-25x-100m-ptz-starlight-poe-ip-kamera\/#breadcrumb","itemListElement":[{"@type":"ListItem","position":1,"name":"Anasayfa","item":"https:\/\/malatyaarti.com\/"},{"@type":"ListItem","position":2,"name":"\u00dcr\u00fcnler","item":"https:\/\/malatyaarti.com\/index.php\/shop\/"},{"@type":"ListItem","position":3,"name":"DAHUA SD49225DB-HNY 2MP 25X 100M PTZ STARLIGHT POE IP KAMERA"}]},{"@type":"WebSite","@id":"https:\/\/malatyaarti.com\/#website","url":"https:\/\/malatyaarti.com\/","name":"Malatya Art\u0131 Bilgisayar \u2013 FortiGate, G\u00fcvenlik Kameras\u0131 ve A\u011f \u00c7\u00f6z\u00fcmleri","description":"Malatya&rsquo;da FortiGate Firewall, G&uuml;venlik Kameras\u0131 ve A\u011f &Ccedil;&ouml;z&uuml;mlerinde Profesyonel Hizmet!","publisher":{"@id":"https:\/\/malatyaarti.com\/#organization"},"potentialAction":[{"@type":"SearchAction","target":{"@type":"EntryPoint","urlTemplate":"https:\/\/malatyaarti.com\/?s={search_term_string}"},"query-input":{"@type":"PropertyValueSpecification","valueRequired":true,"valueName":"search_term_string"}}],"inLanguage":"tr"},{"@type":"Organization","@id":"https:\/\/malatyaarti.com\/#organization","name":"Malatya Art\u0131 Bilgisayar \u2013 FortiGate, G\u00fcvenlik Kameras\u0131 ve A\u011f \u00c7\u00f6z\u00fcmleri","url":"https:\/\/malatyaarti.com\/","logo":{"@type":"ImageObject","inLanguage":"tr","@id":"https:\/\/malatyaarti.com\/#\/schema\/logo\/image\/","url":"https:\/\/malatyaarti.com\/wp-content\/uploads\/2025\/03\/malatya-arti-bilgisayar-fortigate-firewall-guvelik-kamerasi-sunucu-server.webp","contentUrl":"https:\/\/malatyaarti.com\/wp-content\/uploads\/2025\/03\/malatya-arti-bilgisayar-fortigate-firewall-guvelik-kamerasi-sunucu-server.webp","width":700,"height":700,"caption":"Malatya Art\u0131 Bilgisayar \u2013 FortiGate, G\u00fcvenlik Kameras\u0131 ve A\u011f \u00c7\u00f6z\u00fcmleri"},"image":{"@id":"https:\/\/malatyaarti.com\/#\/schema\/logo\/image\/"},"sameAs":["https:\/\/www.facebook.com\/malatyaarti"]}]}},"_links":{"self":[{"href":"https:\/\/malatyaarti.com\/index.php\/wp-json\/wp\/v2\/product\/15789","targetHints":{"allow":["GET"]}}],"collection":[{"href":"https:\/\/malatyaarti.com\/index.php\/wp-json\/wp\/v2\/product"}],"about":[{"href":"https:\/\/malatyaarti.com\/index.php\/wp-json\/wp\/v2\/types\/product"}],"replies":[{"embeddable":true,"href":"https:\/\/malatyaarti.com\/index.php\/wp-json\/wp\/v2\/comments?post=15789"}],"version-history":[{"count":1,"href":"https:\/\/malatyaarti.com\/index.php\/wp-json\/wp\/v2\/product\/15789\/revisions"}],"predecessor-version":[{"id":15798,"href":"https:\/\/malatyaarti.com\/index.php\/wp-json\/wp\/v2\/product\/15789\/revisions\/15798"}],"wp:featuredmedia":[{"embeddable":true,"href":"https:\/\/malatyaarti.com\/index.php\/wp-json\/wp\/v2\/media\/15797"}],"wp:attachment":[{"href":"https:\/\/malatyaarti.com\/index.php\/wp-json\/wp\/v2\/media?parent=15789"}],"wp:term":[{"taxonomy":"product_brand","embeddable":true,"href":"https:\/\/malatyaarti.com\/index.php\/wp-json\/wp\/v2\/product_brand?post=15789"},{"taxonomy":"product_cat","embeddable":true,"href":"https:\/\/malatyaarti.com\/index.php\/wp-json\/wp\/v2\/product_cat?post=15789"},{"taxonomy":"product_tag","embeddable":true,"href":"https:\/\/malatyaarti.com\/index.php\/wp-json\/wp\/v2\/product_tag?post=15789"}],"curies":[{"name":"wp","href":"https:\/\/api.w.org\/{rel}","templated":true}]}}