{"id":15787,"date":"2023-12-20T12:51:03","date_gmt":"2023-12-20T12:51:03","guid":{"rendered":"https:\/\/malatyaarti.com\/?post_type=product&#038;p=15787"},"modified":"2023-12-20T12:51:03","modified_gmt":"2023-12-20T12:51:03","slug":"dahua-ipc-hdbw1230e-s-0280b-2mp-2-8mm-dwdr-ir-dome-h-265-poe-ip-kamera","status":"publish","type":"product","link":"https:\/\/malatyaarti.com\/index.php\/urun\/dahua-ipc-hdbw1230e-s-0280b-2mp-2-8mm-dwdr-ir-dome-h-265-poe-ip-kamera\/","title":{"rendered":"DAHUA IPC-HDBW1230E-S-0280B 2MP 2.8MM DWDR IR DOME H.265+ POE IP KAMERA"},"content":{"rendered":"<table>\n<tbody>\n<tr>\n<td class=\"text\">STOK NO<\/td>\n<td>68342<\/td>\n<\/tr>\n<tr>\n<td class=\"text\">MARKA<\/td>\n<td>DAHUA<\/td>\n<\/tr>\n<tr>\n<td class=\"text\">GARANT\u0130 S\u00dcRES\u0130<\/td>\n<td>24<\/td>\n<\/tr>\n<tr>\n<td class=\"text\">SENS\u00d6R T\u0130P\u0130<\/td>\n<td>1\/2.8\u201d 2Megapiksel progresif CMOS<\/td>\n<\/tr>\n<tr>\n<td class=\"text\">MAKS\u0130MUM \u00c7\u00d6Z\u00dcN\u00dcRL\u00dcK<\/td>\n<td>2 MP<\/td>\n<\/tr>\n<tr>\n<td class=\"text\">LENS<\/td>\n<td>2.8 mm<\/td>\n<\/tr>\n<tr>\n<td class=\"text\">LENS MONTAJI<\/td>\n<td>Board-in<\/td>\n<\/tr>\n<tr>\n<td class=\"text\">M\u0130NUMUM AYDINLATMA<\/td>\n<td>0.009Lux \/ F2.0 (Renkli, 1 \/ 3s, 30IRE)<br \/>\n0.07Lux \/ F2.0 (Renkli, 1 \/ 30s, 30IRE)<br \/>\n0Lux \/ F2.0 (IR)<\/td>\n<\/tr>\n<tr>\n<td class=\"text\">GECE &amp; G\u00dcND\u00dcZ<\/td>\n<td>Otomatik (ICR) \/ Renkli \/ S \/ B<\/td>\n<\/tr>\n<tr>\n<td class=\"text\">GEN\u0130\u015e D\u0130NAM\u0130K ALAN<\/td>\n<td>DWDR<\/td>\n<\/tr>\n<tr>\n<td class=\"text\">V\u0130DEO SIKI\u015eTIRMA<\/td>\n<td>H.265 \/ H.264H \/ MJPEG (Alt Ak\u0131\u015f)<\/td>\n<\/tr>\n<tr>\n<td class=\"text\">V\u0130DEO HIZI<\/td>\n<td>Ana Ak\u0131\u015f: 1080P (1 ~ 25 \/ 30fps)<br \/>\nAlt Ak\u0131\u015f: D1 (1 ~ 25 \/ 30fps)<\/td>\n<\/tr>\n<tr>\n<td class=\"text\">A\u011e DEPOLAMA ALANI<\/td>\n<td>NAS<br \/>\nAn\u0131nda kay\u0131t i\u00e7in yerel PC<br \/>\nMikro SD Kart 128GB<\/td>\n<\/tr>\n<tr>\n<td class=\"text\">ALARM TET\u0130KLEY\u0130C\u0130<\/td>\n<td>Yok<\/td>\n<\/tr>\n<tr>\n<td class=\"text\">PORTLAR<\/td>\n<td>RJ-45 (10\/100Base-T)<\/td>\n<\/tr>\n<tr>\n<td class=\"text\">PROTOKOLLER<\/td>\n<td>HTTP;HTTPs;TCP;ARP;RTSP;RTP;RTCP;UDP;SMTP;<br \/>\nFTP;DHCP;DNS;DDNS;PPPoE;IPv4\/v6;QoS;UPnP;<br \/>\nNTP;Bonjour;IEEE 802.1x;Multicast;ICMP;IGMP;<br \/>\nTLS,SNMP<\/td>\n<\/tr>\n<tr>\n<td class=\"text\">STANDARTLAR<\/td>\n<td>&#8211;<\/td>\n<\/tr>\n<tr>\n<td class=\"text\">G\u00dc\u00c7 GEREKS\u0130N\u0130M\u0130<\/td>\n<td>DC12V, PoE (802.3af)<\/td>\n<\/tr>\n<tr>\n<td class=\"text\">EK \u00d6ZELL\u0130KLER<\/td>\n<td>\u00c7al\u0131\u015fma Ko\u015fullar\u0131 -30 \u00b0 C ~ + 60 \u00b0 C (-22 \u00b0 F ~ + 140 \u00b0 F) \/% 95\u2019den daha d\u00fc\u015f\u00fck RH<\/td>\n<\/tr>\n<\/tbody>\n<\/table>\n","protected":false},"excerpt":{"rendered":"<p>STOK NO 68342 MARKA DAHUA GARANT\u0130 S\u00dcRES\u0130 24 SENS\u00d6R T\u0130P\u0130 1\/2.8\u201d 2Megapiksel progresif CMOS MAKS\u0130MUM \u00c7\u00d6Z\u00dcN\u00dcRL\u00dcK 2 MP LENS 2.8<\/p>\n","protected":false},"featured_media":15795,"comment_status":"open","ping_status":"closed","template":"","meta":[],"product_brand":[],"product_cat":[73],"product_tag":[],"class_list":{"0":"post-15787","1":"product","2":"type-product","3":"status-publish","4":"has-post-thumbnail","6":"product_cat-guvenlik-urunleri","8":"first","9":"instock","10":"shipping-taxable","11":"product-type-simple"},"yoast_head":"<!-- This site is optimized with the Yoast SEO plugin v27.5 - https:\/\/yoast.com\/product\/yoast-seo-wordpress\/ -->\n<title>DAHUA IPC-HDBW1230E-S-0280B 2MP 2.8MM DWDR IR DOME H.265+ POE IP KAMERA - Malatya Art\u0131 Bilgisayar &ndash; FortiGate, G&uuml;venlik Kameras\u0131 ve A\u011f &Ccedil;&ouml;z&uuml;mleri<\/title>\n<meta name=\"robots\" content=\"index, follow, max-snippet:-1, max-image-preview:large, max-video-preview:-1\" \/>\n<link rel=\"canonical\" href=\"https:\/\/malatyaarti.com\/index.php\/urun\/dahua-ipc-hdbw1230e-s-0280b-2mp-2-8mm-dwdr-ir-dome-h-265-poe-ip-kamera\/\" \/>\n<meta property=\"og:locale\" content=\"tr_TR\" \/>\n<meta property=\"og:type\" content=\"article\" \/>\n<meta property=\"og:title\" content=\"DAHUA IPC-HDBW1230E-S-0280B 2MP 2.8MM DWDR IR DOME H.265+ POE IP KAMERA - Malatya Art\u0131 Bilgisayar &ndash; FortiGate, G&uuml;venlik Kameras\u0131 ve A\u011f &Ccedil;&ouml;z&uuml;mleri\" \/>\n<meta property=\"og:description\" content=\"STOK NO 68342 MARKA DAHUA GARANT\u0130 S\u00dcRES\u0130 24 SENS\u00d6R T\u0130P\u0130 1\/2.8\u201d 2Megapiksel progresif CMOS MAKS\u0130MUM \u00c7\u00d6Z\u00dcN\u00dcRL\u00dcK 2 MP LENS 2.8\" \/>\n<meta property=\"og:url\" content=\"https:\/\/malatyaarti.com\/index.php\/urun\/dahua-ipc-hdbw1230e-s-0280b-2mp-2-8mm-dwdr-ir-dome-h-265-poe-ip-kamera\/\" \/>\n<meta property=\"og:site_name\" content=\"Malatya Art\u0131 Bilgisayar &ndash; FortiGate, G&uuml;venlik Kameras\u0131 ve A\u011f &Ccedil;&ouml;z&uuml;mleri\" \/>\n<meta property=\"article:publisher\" content=\"https:\/\/www.facebook.com\/malatyaarti\" \/>\n<meta property=\"og:image\" content=\"https:\/\/malatyaarti.com\/wp-content\/uploads\/2023\/12\/DAHUA-IPC-HDBW1230E-S-0280B-2MP-2.8MM-DWDR-IR-DOME-H.265-POE-IP-KAMERA.jpg\" \/>\n\t<meta property=\"og:image:width\" content=\"500\" \/>\n\t<meta property=\"og:image:height\" content=\"466\" \/>\n\t<meta property=\"og:image:type\" content=\"image\/jpeg\" \/>\n<meta name=\"twitter:card\" content=\"summary_large_image\" \/>\n<meta name=\"twitter:label1\" content=\"Tahmini okuma s\u00fcresi\" \/>\n\t<meta name=\"twitter:data1\" content=\"1 dakika\" \/>\n<script type=\"application\/ld+json\" class=\"yoast-schema-graph\">{\"@context\":\"https:\\\/\\\/schema.org\",\"@graph\":[{\"@type\":\"WebPage\",\"@id\":\"https:\\\/\\\/malatyaarti.com\\\/index.php\\\/urun\\\/dahua-ipc-hdbw1230e-s-0280b-2mp-2-8mm-dwdr-ir-dome-h-265-poe-ip-kamera\\\/\",\"url\":\"https:\\\/\\\/malatyaarti.com\\\/index.php\\\/urun\\\/dahua-ipc-hdbw1230e-s-0280b-2mp-2-8mm-dwdr-ir-dome-h-265-poe-ip-kamera\\\/\",\"name\":\"DAHUA IPC-HDBW1230E-S-0280B 2MP 2.8MM DWDR IR DOME H.265+ POE IP KAMERA - Malatya Art\u0131 Bilgisayar &ndash; FortiGate, G&uuml;venlik Kameras\u0131 ve A\u011f &Ccedil;&ouml;z&uuml;mleri\",\"isPartOf\":{\"@id\":\"https:\\\/\\\/malatyaarti.com\\\/#website\"},\"primaryImageOfPage\":{\"@id\":\"https:\\\/\\\/malatyaarti.com\\\/index.php\\\/urun\\\/dahua-ipc-hdbw1230e-s-0280b-2mp-2-8mm-dwdr-ir-dome-h-265-poe-ip-kamera\\\/#primaryimage\"},\"image\":{\"@id\":\"https:\\\/\\\/malatyaarti.com\\\/index.php\\\/urun\\\/dahua-ipc-hdbw1230e-s-0280b-2mp-2-8mm-dwdr-ir-dome-h-265-poe-ip-kamera\\\/#primaryimage\"},\"thumbnailUrl\":\"https:\\\/\\\/malatyaarti.com\\\/wp-content\\\/uploads\\\/2023\\\/12\\\/DAHUA-IPC-HDBW1230E-S-0280B-2MP-2.8MM-DWDR-IR-DOME-H.265-POE-IP-KAMERA.jpg\",\"datePublished\":\"2023-12-20T12:51:03+00:00\",\"breadcrumb\":{\"@id\":\"https:\\\/\\\/malatyaarti.com\\\/index.php\\\/urun\\\/dahua-ipc-hdbw1230e-s-0280b-2mp-2-8mm-dwdr-ir-dome-h-265-poe-ip-kamera\\\/#breadcrumb\"},\"inLanguage\":\"tr\",\"potentialAction\":[{\"@type\":\"ReadAction\",\"target\":[\"https:\\\/\\\/malatyaarti.com\\\/index.php\\\/urun\\\/dahua-ipc-hdbw1230e-s-0280b-2mp-2-8mm-dwdr-ir-dome-h-265-poe-ip-kamera\\\/\"]}]},{\"@type\":\"ImageObject\",\"inLanguage\":\"tr\",\"@id\":\"https:\\\/\\\/malatyaarti.com\\\/index.php\\\/urun\\\/dahua-ipc-hdbw1230e-s-0280b-2mp-2-8mm-dwdr-ir-dome-h-265-poe-ip-kamera\\\/#primaryimage\",\"url\":\"https:\\\/\\\/malatyaarti.com\\\/wp-content\\\/uploads\\\/2023\\\/12\\\/DAHUA-IPC-HDBW1230E-S-0280B-2MP-2.8MM-DWDR-IR-DOME-H.265-POE-IP-KAMERA.jpg\",\"contentUrl\":\"https:\\\/\\\/malatyaarti.com\\\/wp-content\\\/uploads\\\/2023\\\/12\\\/DAHUA-IPC-HDBW1230E-S-0280B-2MP-2.8MM-DWDR-IR-DOME-H.265-POE-IP-KAMERA.jpg\",\"width\":500,\"height\":466},{\"@type\":\"BreadcrumbList\",\"@id\":\"https:\\\/\\\/malatyaarti.com\\\/index.php\\\/urun\\\/dahua-ipc-hdbw1230e-s-0280b-2mp-2-8mm-dwdr-ir-dome-h-265-poe-ip-kamera\\\/#breadcrumb\",\"itemListElement\":[{\"@type\":\"ListItem\",\"position\":1,\"name\":\"Anasayfa\",\"item\":\"https:\\\/\\\/malatyaarti.com\\\/\"},{\"@type\":\"ListItem\",\"position\":2,\"name\":\"\u00dcr\u00fcnler\",\"item\":\"https:\\\/\\\/malatyaarti.com\\\/index.php\\\/shop\\\/\"},{\"@type\":\"ListItem\",\"position\":3,\"name\":\"DAHUA IPC-HDBW1230E-S-0280B 2MP 2.8MM DWDR IR DOME H.265+ POE IP KAMERA\"}]},{\"@type\":\"WebSite\",\"@id\":\"https:\\\/\\\/malatyaarti.com\\\/#website\",\"url\":\"https:\\\/\\\/malatyaarti.com\\\/\",\"name\":\"Malatya Art\u0131 Bilgisayar \u2013 FortiGate, G\u00fcvenlik Kameras\u0131 ve A\u011f \u00c7\u00f6z\u00fcmleri\",\"description\":\"Malatya&rsquo;da FortiGate Firewall, G&uuml;venlik Kameras\u0131 ve A\u011f &Ccedil;&ouml;z&uuml;mlerinde Profesyonel Hizmet!\",\"publisher\":{\"@id\":\"https:\\\/\\\/malatyaarti.com\\\/#organization\"},\"potentialAction\":[{\"@type\":\"SearchAction\",\"target\":{\"@type\":\"EntryPoint\",\"urlTemplate\":\"https:\\\/\\\/malatyaarti.com\\\/?s={search_term_string}\"},\"query-input\":{\"@type\":\"PropertyValueSpecification\",\"valueRequired\":true,\"valueName\":\"search_term_string\"}}],\"inLanguage\":\"tr\"},{\"@type\":\"Organization\",\"@id\":\"https:\\\/\\\/malatyaarti.com\\\/#organization\",\"name\":\"Malatya Art\u0131 Bilgisayar \u2013 FortiGate, G\u00fcvenlik Kameras\u0131 ve A\u011f \u00c7\u00f6z\u00fcmleri\",\"url\":\"https:\\\/\\\/malatyaarti.com\\\/\",\"logo\":{\"@type\":\"ImageObject\",\"inLanguage\":\"tr\",\"@id\":\"https:\\\/\\\/malatyaarti.com\\\/#\\\/schema\\\/logo\\\/image\\\/\",\"url\":\"https:\\\/\\\/malatyaarti.com\\\/wp-content\\\/uploads\\\/2025\\\/03\\\/malatya-arti-bilgisayar-fortigate-firewall-guvelik-kamerasi-sunucu-server.webp\",\"contentUrl\":\"https:\\\/\\\/malatyaarti.com\\\/wp-content\\\/uploads\\\/2025\\\/03\\\/malatya-arti-bilgisayar-fortigate-firewall-guvelik-kamerasi-sunucu-server.webp\",\"width\":700,\"height\":700,\"caption\":\"Malatya Art\u0131 Bilgisayar \u2013 FortiGate, G\u00fcvenlik Kameras\u0131 ve A\u011f \u00c7\u00f6z\u00fcmleri\"},\"image\":{\"@id\":\"https:\\\/\\\/malatyaarti.com\\\/#\\\/schema\\\/logo\\\/image\\\/\"},\"sameAs\":[\"https:\\\/\\\/www.facebook.com\\\/malatyaarti\"]}]}<\/script>\n<!-- \/ Yoast SEO plugin. -->","yoast_head_json":{"title":"DAHUA IPC-HDBW1230E-S-0280B 2MP 2.8MM DWDR IR DOME H.265+ POE IP KAMERA - Malatya Art\u0131 Bilgisayar &ndash; FortiGate, G&uuml;venlik Kameras\u0131 ve A\u011f &Ccedil;&ouml;z&uuml;mleri","robots":{"index":"index","follow":"follow","max-snippet":"max-snippet:-1","max-image-preview":"max-image-preview:large","max-video-preview":"max-video-preview:-1"},"canonical":"https:\/\/malatyaarti.com\/index.php\/urun\/dahua-ipc-hdbw1230e-s-0280b-2mp-2-8mm-dwdr-ir-dome-h-265-poe-ip-kamera\/","og_locale":"tr_TR","og_type":"article","og_title":"DAHUA IPC-HDBW1230E-S-0280B 2MP 2.8MM DWDR IR DOME H.265+ POE IP KAMERA - Malatya Art\u0131 Bilgisayar &ndash; FortiGate, G&uuml;venlik Kameras\u0131 ve A\u011f &Ccedil;&ouml;z&uuml;mleri","og_description":"STOK NO 68342 MARKA DAHUA GARANT\u0130 S\u00dcRES\u0130 24 SENS\u00d6R T\u0130P\u0130 1\/2.8\u201d 2Megapiksel progresif CMOS MAKS\u0130MUM \u00c7\u00d6Z\u00dcN\u00dcRL\u00dcK 2 MP LENS 2.8","og_url":"https:\/\/malatyaarti.com\/index.php\/urun\/dahua-ipc-hdbw1230e-s-0280b-2mp-2-8mm-dwdr-ir-dome-h-265-poe-ip-kamera\/","og_site_name":"Malatya Art\u0131 Bilgisayar &ndash; FortiGate, G&uuml;venlik Kameras\u0131 ve A\u011f &Ccedil;&ouml;z&uuml;mleri","article_publisher":"https:\/\/www.facebook.com\/malatyaarti","og_image":[{"width":500,"height":466,"url":"https:\/\/malatyaarti.com\/wp-content\/uploads\/2023\/12\/DAHUA-IPC-HDBW1230E-S-0280B-2MP-2.8MM-DWDR-IR-DOME-H.265-POE-IP-KAMERA.jpg","type":"image\/jpeg"}],"twitter_card":"summary_large_image","twitter_misc":{"Tahmini okuma s\u00fcresi":"1 dakika"},"schema":{"@context":"https:\/\/schema.org","@graph":[{"@type":"WebPage","@id":"https:\/\/malatyaarti.com\/index.php\/urun\/dahua-ipc-hdbw1230e-s-0280b-2mp-2-8mm-dwdr-ir-dome-h-265-poe-ip-kamera\/","url":"https:\/\/malatyaarti.com\/index.php\/urun\/dahua-ipc-hdbw1230e-s-0280b-2mp-2-8mm-dwdr-ir-dome-h-265-poe-ip-kamera\/","name":"DAHUA IPC-HDBW1230E-S-0280B 2MP 2.8MM DWDR IR DOME H.265+ POE IP KAMERA - Malatya Art\u0131 Bilgisayar &ndash; FortiGate, G&uuml;venlik Kameras\u0131 ve A\u011f &Ccedil;&ouml;z&uuml;mleri","isPartOf":{"@id":"https:\/\/malatyaarti.com\/#website"},"primaryImageOfPage":{"@id":"https:\/\/malatyaarti.com\/index.php\/urun\/dahua-ipc-hdbw1230e-s-0280b-2mp-2-8mm-dwdr-ir-dome-h-265-poe-ip-kamera\/#primaryimage"},"image":{"@id":"https:\/\/malatyaarti.com\/index.php\/urun\/dahua-ipc-hdbw1230e-s-0280b-2mp-2-8mm-dwdr-ir-dome-h-265-poe-ip-kamera\/#primaryimage"},"thumbnailUrl":"https:\/\/malatyaarti.com\/wp-content\/uploads\/2023\/12\/DAHUA-IPC-HDBW1230E-S-0280B-2MP-2.8MM-DWDR-IR-DOME-H.265-POE-IP-KAMERA.jpg","datePublished":"2023-12-20T12:51:03+00:00","breadcrumb":{"@id":"https:\/\/malatyaarti.com\/index.php\/urun\/dahua-ipc-hdbw1230e-s-0280b-2mp-2-8mm-dwdr-ir-dome-h-265-poe-ip-kamera\/#breadcrumb"},"inLanguage":"tr","potentialAction":[{"@type":"ReadAction","target":["https:\/\/malatyaarti.com\/index.php\/urun\/dahua-ipc-hdbw1230e-s-0280b-2mp-2-8mm-dwdr-ir-dome-h-265-poe-ip-kamera\/"]}]},{"@type":"ImageObject","inLanguage":"tr","@id":"https:\/\/malatyaarti.com\/index.php\/urun\/dahua-ipc-hdbw1230e-s-0280b-2mp-2-8mm-dwdr-ir-dome-h-265-poe-ip-kamera\/#primaryimage","url":"https:\/\/malatyaarti.com\/wp-content\/uploads\/2023\/12\/DAHUA-IPC-HDBW1230E-S-0280B-2MP-2.8MM-DWDR-IR-DOME-H.265-POE-IP-KAMERA.jpg","contentUrl":"https:\/\/malatyaarti.com\/wp-content\/uploads\/2023\/12\/DAHUA-IPC-HDBW1230E-S-0280B-2MP-2.8MM-DWDR-IR-DOME-H.265-POE-IP-KAMERA.jpg","width":500,"height":466},{"@type":"BreadcrumbList","@id":"https:\/\/malatyaarti.com\/index.php\/urun\/dahua-ipc-hdbw1230e-s-0280b-2mp-2-8mm-dwdr-ir-dome-h-265-poe-ip-kamera\/#breadcrumb","itemListElement":[{"@type":"ListItem","position":1,"name":"Anasayfa","item":"https:\/\/malatyaarti.com\/"},{"@type":"ListItem","position":2,"name":"\u00dcr\u00fcnler","item":"https:\/\/malatyaarti.com\/index.php\/shop\/"},{"@type":"ListItem","position":3,"name":"DAHUA IPC-HDBW1230E-S-0280B 2MP 2.8MM DWDR IR DOME H.265+ POE IP KAMERA"}]},{"@type":"WebSite","@id":"https:\/\/malatyaarti.com\/#website","url":"https:\/\/malatyaarti.com\/","name":"Malatya Art\u0131 Bilgisayar \u2013 FortiGate, G\u00fcvenlik Kameras\u0131 ve A\u011f \u00c7\u00f6z\u00fcmleri","description":"Malatya&rsquo;da FortiGate Firewall, G&uuml;venlik Kameras\u0131 ve A\u011f &Ccedil;&ouml;z&uuml;mlerinde Profesyonel Hizmet!","publisher":{"@id":"https:\/\/malatyaarti.com\/#organization"},"potentialAction":[{"@type":"SearchAction","target":{"@type":"EntryPoint","urlTemplate":"https:\/\/malatyaarti.com\/?s={search_term_string}"},"query-input":{"@type":"PropertyValueSpecification","valueRequired":true,"valueName":"search_term_string"}}],"inLanguage":"tr"},{"@type":"Organization","@id":"https:\/\/malatyaarti.com\/#organization","name":"Malatya Art\u0131 Bilgisayar \u2013 FortiGate, G\u00fcvenlik Kameras\u0131 ve A\u011f \u00c7\u00f6z\u00fcmleri","url":"https:\/\/malatyaarti.com\/","logo":{"@type":"ImageObject","inLanguage":"tr","@id":"https:\/\/malatyaarti.com\/#\/schema\/logo\/image\/","url":"https:\/\/malatyaarti.com\/wp-content\/uploads\/2025\/03\/malatya-arti-bilgisayar-fortigate-firewall-guvelik-kamerasi-sunucu-server.webp","contentUrl":"https:\/\/malatyaarti.com\/wp-content\/uploads\/2025\/03\/malatya-arti-bilgisayar-fortigate-firewall-guvelik-kamerasi-sunucu-server.webp","width":700,"height":700,"caption":"Malatya Art\u0131 Bilgisayar \u2013 FortiGate, G\u00fcvenlik Kameras\u0131 ve A\u011f \u00c7\u00f6z\u00fcmleri"},"image":{"@id":"https:\/\/malatyaarti.com\/#\/schema\/logo\/image\/"},"sameAs":["https:\/\/www.facebook.com\/malatyaarti"]}]}},"_links":{"self":[{"href":"https:\/\/malatyaarti.com\/index.php\/wp-json\/wp\/v2\/product\/15787","targetHints":{"allow":["GET"]}}],"collection":[{"href":"https:\/\/malatyaarti.com\/index.php\/wp-json\/wp\/v2\/product"}],"about":[{"href":"https:\/\/malatyaarti.com\/index.php\/wp-json\/wp\/v2\/types\/product"}],"replies":[{"embeddable":true,"href":"https:\/\/malatyaarti.com\/index.php\/wp-json\/wp\/v2\/comments?post=15787"}],"version-history":[{"count":1,"href":"https:\/\/malatyaarti.com\/index.php\/wp-json\/wp\/v2\/product\/15787\/revisions"}],"predecessor-version":[{"id":15796,"href":"https:\/\/malatyaarti.com\/index.php\/wp-json\/wp\/v2\/product\/15787\/revisions\/15796"}],"wp:featuredmedia":[{"embeddable":true,"href":"https:\/\/malatyaarti.com\/index.php\/wp-json\/wp\/v2\/media\/15795"}],"wp:attachment":[{"href":"https:\/\/malatyaarti.com\/index.php\/wp-json\/wp\/v2\/media?parent=15787"}],"wp:term":[{"taxonomy":"product_brand","embeddable":true,"href":"https:\/\/malatyaarti.com\/index.php\/wp-json\/wp\/v2\/product_brand?post=15787"},{"taxonomy":"product_cat","embeddable":true,"href":"https:\/\/malatyaarti.com\/index.php\/wp-json\/wp\/v2\/product_cat?post=15787"},{"taxonomy":"product_tag","embeddable":true,"href":"https:\/\/malatyaarti.com\/index.php\/wp-json\/wp\/v2\/product_tag?post=15787"}],"curies":[{"name":"wp","href":"https:\/\/api.w.org\/{rel}","templated":true}]}}