{"id":15783,"date":"2023-12-20T12:45:19","date_gmt":"2023-12-20T12:45:19","guid":{"rendered":"https:\/\/malatyaarti.com\/?post_type=product&#038;p=15783"},"modified":"2023-12-20T12:45:19","modified_gmt":"2023-12-20T12:45:19","slug":"dahua-ipc-hfw1230s-s-0360b-s4-2mp-3-6mm-starlight-sdkartli-ir-bullet-poe-ip-kame","status":"publish","type":"product","link":"https:\/\/malatyaarti.com\/index.php\/urun\/dahua-ipc-hfw1230s-s-0360b-s4-2mp-3-6mm-starlight-sdkartli-ir-bullet-poe-ip-kame\/","title":{"rendered":"DAHUA IPC-HFW1230S-S-0360B-S4 2MP 3.6MM STARLIGHT SDKARTLI IR BULLET POE IP KAME"},"content":{"rendered":"<table style=\"height: 895px;\" width=\"700\">\n<tbody>\n<tr>\n<td class=\"text\">STOK NO<\/td>\n<td>72011<\/td>\n<\/tr>\n<tr>\n<td class=\"text\">MARKA<\/td>\n<td>DAHUA<\/td>\n<\/tr>\n<tr>\n<td class=\"text\">GARANT\u0130 S\u00dcRES\u0130<\/td>\n<td>24<\/td>\n<\/tr>\n<tr>\n<td class=\"text\">EAN<\/td>\n<td>6923172524645<\/td>\n<\/tr>\n<tr>\n<td class=\"text\">SENS\u00d6R T\u0130P\u0130<\/td>\n<td>1\/2.7\u201d 2Megapixel progresive CMOS<\/td>\n<\/tr>\n<tr>\n<td class=\"text\">MAKS\u0130MUM \u00c7\u00d6Z\u00dcN\u00dcRL\u00dcK<\/td>\n<td>1080P(1920\u00d71080)\/1.3M(1280\u00d7960)\/<br \/>\n720P(1280\u00d7720)\/D1(704\u00d7576\/704\u00d7480)\/<br \/>\nVGA(640\u00d7480)\/CIF(352\u00d7288\/352\u00d7240)<\/td>\n<\/tr>\n<tr>\n<td class=\"text\">LENS<\/td>\n<td>3.6 MM<\/td>\n<\/tr>\n<tr>\n<td class=\"text\">LENS MONTAJI<\/td>\n<td>Board in<\/td>\n<\/tr>\n<tr>\n<td class=\"text\">M\u0130NUMUM AYDINLATMA<\/td>\n<td>0.08Lux\/F2.0( Color,1\/3s,30IRE)<br \/>\n0.3Lux\/F2.0( Color,1\/30s,30IRE)<br \/>\n0Lux\/F2.0(IR on)<\/td>\n<\/tr>\n<tr>\n<td class=\"text\">OBJEKT\u0130F HIZI<\/td>\n<td>Auto\/Manual, 1\/3~1\/100000s<\/td>\n<\/tr>\n<tr>\n<td class=\"text\">GECE &amp; G\u00dcND\u00dcZ<\/td>\n<td>Auto(ICR) \/ Color \/ B\/W<\/td>\n<\/tr>\n<tr>\n<td class=\"text\">D\u0130J\u0130TAL G\u00dcR\u00dcLT\u00dc AZALTMA<\/td>\n<td>3D DNR<\/td>\n<\/tr>\n<tr>\n<td class=\"text\">GEN\u0130\u015e D\u0130NAM\u0130K ALAN<\/td>\n<td>DWDR<\/td>\n<\/tr>\n<tr>\n<td class=\"text\">V\u0130DEO SIKI\u015eTIRMA<\/td>\n<td>H.265\/H.264H\/MJPEG(Sub Stream)<\/td>\n<\/tr>\n<tr>\n<td class=\"text\">V\u0130DEO HIZI<\/td>\n<td>H.265: 12K ~ 6400Kbps<br \/>\nH.264: 32K ~ 10240Kbps<\/td>\n<\/tr>\n<tr>\n<td class=\"text\">RES\u0130M AYARLARI<\/td>\n<td>Main Stream: 1080P(1 ~ 25\/30fps)<br \/>\nSub Stream: D1(1 ~ 25\/30fps)<\/td>\n<\/tr>\n<tr>\n<td class=\"text\">A\u011e DEPOLAMA ALANI<\/td>\n<td>NAS<br \/>\nLocal PC for instant recording<\/td>\n<\/tr>\n<tr>\n<td class=\"text\">ALARM TET\u0130KLEY\u0130C\u0130<\/td>\n<td>Yok<\/td>\n<\/tr>\n<tr>\n<td class=\"text\">PORTLAR<\/td>\n<td>RJ-45 (10\/100Base-T)<\/td>\n<\/tr>\n<tr>\n<td class=\"text\">PROTOKOLLER<\/td>\n<td>HTTP;HTTPs;TCP;ARP;RTSP;RTP;RTCP;UDP;SMTP;<br \/>\nFTP;DHCP;DNS;DDNS;PPPoE;IPv4\/v6;QoS;UPnP;<br \/>\nNTP;Bonjour;IEEE 802.1x;Multicast;ICMP;IGMP;<br \/>\nTLS<\/td>\n<\/tr>\n<tr>\n<td class=\"text\">GECE G\u00d6R\u00dc MESAFES\u0130<\/td>\n<td>Max IR LEDs Length 30m<\/td>\n<\/tr>\n<tr>\n<td class=\"text\">G\u00dc\u00c7 GEREKS\u0130N\u0130M\u0130<\/td>\n<td>&lt;5.5W<\/td>\n<\/tr>\n<\/tbody>\n<\/table>\n","protected":false},"excerpt":{"rendered":"<p>STOK NO 72011 MARKA DAHUA GARANT\u0130 S\u00dcRES\u0130 24 EAN 6923172524645 SENS\u00d6R T\u0130P\u0130 1\/2.7\u201d 2Megapixel progresive CMOS MAKS\u0130MUM \u00c7\u00d6Z\u00dcN\u00dcRL\u00dcK 1080P(1920\u00d71080)\/1.3M(1280\u00d7960)\/ 720P(1280\u00d7720)\/D1(704\u00d7576\/704\u00d7480)\/<\/p>\n","protected":false},"featured_media":15784,"comment_status":"open","ping_status":"closed","template":"","meta":[],"product_brand":[],"product_cat":[73],"product_tag":[],"class_list":{"0":"post-15783","1":"product","2":"type-product","3":"status-publish","4":"has-post-thumbnail","6":"product_cat-guvenlik-urunleri","8":"first","9":"instock","10":"shipping-taxable","11":"product-type-simple"},"yoast_head":"<!-- This site is optimized with the Yoast SEO plugin v27.5 - https:\/\/yoast.com\/product\/yoast-seo-wordpress\/ -->\n<title>DAHUA IPC-HFW1230S-S-0360B-S4 2MP 3.6MM STARLIGHT SDKARTLI IR BULLET POE IP KAME - Malatya Art\u0131 Bilgisayar &ndash; FortiGate, G&uuml;venlik Kameras\u0131 ve A\u011f &Ccedil;&ouml;z&uuml;mleri<\/title>\n<meta name=\"robots\" content=\"index, follow, max-snippet:-1, max-image-preview:large, max-video-preview:-1\" \/>\n<link rel=\"canonical\" href=\"https:\/\/malatyaarti.com\/index.php\/urun\/dahua-ipc-hfw1230s-s-0360b-s4-2mp-3-6mm-starlight-sdkartli-ir-bullet-poe-ip-kame\/\" \/>\n<meta property=\"og:locale\" content=\"tr_TR\" \/>\n<meta property=\"og:type\" content=\"article\" \/>\n<meta property=\"og:title\" content=\"DAHUA IPC-HFW1230S-S-0360B-S4 2MP 3.6MM STARLIGHT SDKARTLI IR BULLET POE IP KAME - Malatya Art\u0131 Bilgisayar &ndash; FortiGate, G&uuml;venlik Kameras\u0131 ve A\u011f &Ccedil;&ouml;z&uuml;mleri\" \/>\n<meta property=\"og:description\" content=\"STOK NO 72011 MARKA DAHUA GARANT\u0130 S\u00dcRES\u0130 24 EAN 6923172524645 SENS\u00d6R T\u0130P\u0130 1\/2.7\u201d 2Megapixel progresive CMOS MAKS\u0130MUM \u00c7\u00d6Z\u00dcN\u00dcRL\u00dcK 1080P(1920\u00d71080)\/1.3M(1280\u00d7960)\/ 720P(1280\u00d7720)\/D1(704\u00d7576\/704\u00d7480)\/\" \/>\n<meta property=\"og:url\" content=\"https:\/\/malatyaarti.com\/index.php\/urun\/dahua-ipc-hfw1230s-s-0360b-s4-2mp-3-6mm-starlight-sdkartli-ir-bullet-poe-ip-kame\/\" \/>\n<meta property=\"og:site_name\" content=\"Malatya Art\u0131 Bilgisayar &ndash; FortiGate, G&uuml;venlik Kameras\u0131 ve A\u011f &Ccedil;&ouml;z&uuml;mleri\" \/>\n<meta property=\"article:publisher\" content=\"https:\/\/www.facebook.com\/malatyaarti\" \/>\n<meta property=\"og:image\" content=\"https:\/\/malatyaarti.com\/wp-content\/uploads\/2023\/12\/DAHUA-IPC-HFW1230S-S-0360B-S4.jpg\" \/>\n\t<meta property=\"og:image:width\" content=\"2250\" \/>\n\t<meta property=\"og:image:height\" content=\"1500\" \/>\n\t<meta property=\"og:image:type\" content=\"image\/jpeg\" \/>\n<meta name=\"twitter:card\" content=\"summary_large_image\" \/>\n<meta name=\"twitter:label1\" content=\"Tahmini okuma s\u00fcresi\" \/>\n\t<meta name=\"twitter:data1\" content=\"1 dakika\" \/>\n<script type=\"application\/ld+json\" class=\"yoast-schema-graph\">{\"@context\":\"https:\\\/\\\/schema.org\",\"@graph\":[{\"@type\":\"WebPage\",\"@id\":\"https:\\\/\\\/malatyaarti.com\\\/index.php\\\/urun\\\/dahua-ipc-hfw1230s-s-0360b-s4-2mp-3-6mm-starlight-sdkartli-ir-bullet-poe-ip-kame\\\/\",\"url\":\"https:\\\/\\\/malatyaarti.com\\\/index.php\\\/urun\\\/dahua-ipc-hfw1230s-s-0360b-s4-2mp-3-6mm-starlight-sdkartli-ir-bullet-poe-ip-kame\\\/\",\"name\":\"DAHUA IPC-HFW1230S-S-0360B-S4 2MP 3.6MM STARLIGHT SDKARTLI IR BULLET POE IP KAME - Malatya Art\u0131 Bilgisayar &ndash; FortiGate, G&uuml;venlik Kameras\u0131 ve A\u011f &Ccedil;&ouml;z&uuml;mleri\",\"isPartOf\":{\"@id\":\"https:\\\/\\\/malatyaarti.com\\\/#website\"},\"primaryImageOfPage\":{\"@id\":\"https:\\\/\\\/malatyaarti.com\\\/index.php\\\/urun\\\/dahua-ipc-hfw1230s-s-0360b-s4-2mp-3-6mm-starlight-sdkartli-ir-bullet-poe-ip-kame\\\/#primaryimage\"},\"image\":{\"@id\":\"https:\\\/\\\/malatyaarti.com\\\/index.php\\\/urun\\\/dahua-ipc-hfw1230s-s-0360b-s4-2mp-3-6mm-starlight-sdkartli-ir-bullet-poe-ip-kame\\\/#primaryimage\"},\"thumbnailUrl\":\"https:\\\/\\\/malatyaarti.com\\\/wp-content\\\/uploads\\\/2023\\\/12\\\/DAHUA-IPC-HFW1230S-S-0360B-S4.jpg\",\"datePublished\":\"2023-12-20T12:45:19+00:00\",\"breadcrumb\":{\"@id\":\"https:\\\/\\\/malatyaarti.com\\\/index.php\\\/urun\\\/dahua-ipc-hfw1230s-s-0360b-s4-2mp-3-6mm-starlight-sdkartli-ir-bullet-poe-ip-kame\\\/#breadcrumb\"},\"inLanguage\":\"tr\",\"potentialAction\":[{\"@type\":\"ReadAction\",\"target\":[\"https:\\\/\\\/malatyaarti.com\\\/index.php\\\/urun\\\/dahua-ipc-hfw1230s-s-0360b-s4-2mp-3-6mm-starlight-sdkartli-ir-bullet-poe-ip-kame\\\/\"]}]},{\"@type\":\"ImageObject\",\"inLanguage\":\"tr\",\"@id\":\"https:\\\/\\\/malatyaarti.com\\\/index.php\\\/urun\\\/dahua-ipc-hfw1230s-s-0360b-s4-2mp-3-6mm-starlight-sdkartli-ir-bullet-poe-ip-kame\\\/#primaryimage\",\"url\":\"https:\\\/\\\/malatyaarti.com\\\/wp-content\\\/uploads\\\/2023\\\/12\\\/DAHUA-IPC-HFW1230S-S-0360B-S4.jpg\",\"contentUrl\":\"https:\\\/\\\/malatyaarti.com\\\/wp-content\\\/uploads\\\/2023\\\/12\\\/DAHUA-IPC-HFW1230S-S-0360B-S4.jpg\",\"width\":2250,\"height\":1500},{\"@type\":\"BreadcrumbList\",\"@id\":\"https:\\\/\\\/malatyaarti.com\\\/index.php\\\/urun\\\/dahua-ipc-hfw1230s-s-0360b-s4-2mp-3-6mm-starlight-sdkartli-ir-bullet-poe-ip-kame\\\/#breadcrumb\",\"itemListElement\":[{\"@type\":\"ListItem\",\"position\":1,\"name\":\"Anasayfa\",\"item\":\"https:\\\/\\\/malatyaarti.com\\\/\"},{\"@type\":\"ListItem\",\"position\":2,\"name\":\"\u00dcr\u00fcnler\",\"item\":\"https:\\\/\\\/malatyaarti.com\\\/index.php\\\/shop\\\/\"},{\"@type\":\"ListItem\",\"position\":3,\"name\":\"DAHUA IPC-HFW1230S-S-0360B-S4 2MP 3.6MM STARLIGHT SDKARTLI IR BULLET POE IP KAME\"}]},{\"@type\":\"WebSite\",\"@id\":\"https:\\\/\\\/malatyaarti.com\\\/#website\",\"url\":\"https:\\\/\\\/malatyaarti.com\\\/\",\"name\":\"Malatya Art\u0131 Bilgisayar \u2013 FortiGate, G\u00fcvenlik Kameras\u0131 ve A\u011f \u00c7\u00f6z\u00fcmleri\",\"description\":\"Malatya&rsquo;da FortiGate Firewall, G&uuml;venlik Kameras\u0131 ve A\u011f &Ccedil;&ouml;z&uuml;mlerinde Profesyonel Hizmet!\",\"publisher\":{\"@id\":\"https:\\\/\\\/malatyaarti.com\\\/#organization\"},\"potentialAction\":[{\"@type\":\"SearchAction\",\"target\":{\"@type\":\"EntryPoint\",\"urlTemplate\":\"https:\\\/\\\/malatyaarti.com\\\/?s={search_term_string}\"},\"query-input\":{\"@type\":\"PropertyValueSpecification\",\"valueRequired\":true,\"valueName\":\"search_term_string\"}}],\"inLanguage\":\"tr\"},{\"@type\":\"Organization\",\"@id\":\"https:\\\/\\\/malatyaarti.com\\\/#organization\",\"name\":\"Malatya Art\u0131 Bilgisayar \u2013 FortiGate, G\u00fcvenlik Kameras\u0131 ve A\u011f \u00c7\u00f6z\u00fcmleri\",\"url\":\"https:\\\/\\\/malatyaarti.com\\\/\",\"logo\":{\"@type\":\"ImageObject\",\"inLanguage\":\"tr\",\"@id\":\"https:\\\/\\\/malatyaarti.com\\\/#\\\/schema\\\/logo\\\/image\\\/\",\"url\":\"https:\\\/\\\/malatyaarti.com\\\/wp-content\\\/uploads\\\/2025\\\/03\\\/malatya-arti-bilgisayar-fortigate-firewall-guvelik-kamerasi-sunucu-server.webp\",\"contentUrl\":\"https:\\\/\\\/malatyaarti.com\\\/wp-content\\\/uploads\\\/2025\\\/03\\\/malatya-arti-bilgisayar-fortigate-firewall-guvelik-kamerasi-sunucu-server.webp\",\"width\":700,\"height\":700,\"caption\":\"Malatya Art\u0131 Bilgisayar \u2013 FortiGate, G\u00fcvenlik Kameras\u0131 ve A\u011f \u00c7\u00f6z\u00fcmleri\"},\"image\":{\"@id\":\"https:\\\/\\\/malatyaarti.com\\\/#\\\/schema\\\/logo\\\/image\\\/\"},\"sameAs\":[\"https:\\\/\\\/www.facebook.com\\\/malatyaarti\"]}]}<\/script>\n<!-- \/ Yoast SEO plugin. -->","yoast_head_json":{"title":"DAHUA IPC-HFW1230S-S-0360B-S4 2MP 3.6MM STARLIGHT SDKARTLI IR BULLET POE IP KAME - Malatya Art\u0131 Bilgisayar &ndash; FortiGate, G&uuml;venlik Kameras\u0131 ve A\u011f &Ccedil;&ouml;z&uuml;mleri","robots":{"index":"index","follow":"follow","max-snippet":"max-snippet:-1","max-image-preview":"max-image-preview:large","max-video-preview":"max-video-preview:-1"},"canonical":"https:\/\/malatyaarti.com\/index.php\/urun\/dahua-ipc-hfw1230s-s-0360b-s4-2mp-3-6mm-starlight-sdkartli-ir-bullet-poe-ip-kame\/","og_locale":"tr_TR","og_type":"article","og_title":"DAHUA IPC-HFW1230S-S-0360B-S4 2MP 3.6MM STARLIGHT SDKARTLI IR BULLET POE IP KAME - Malatya Art\u0131 Bilgisayar &ndash; FortiGate, G&uuml;venlik Kameras\u0131 ve A\u011f &Ccedil;&ouml;z&uuml;mleri","og_description":"STOK NO 72011 MARKA DAHUA GARANT\u0130 S\u00dcRES\u0130 24 EAN 6923172524645 SENS\u00d6R T\u0130P\u0130 1\/2.7\u201d 2Megapixel progresive CMOS MAKS\u0130MUM \u00c7\u00d6Z\u00dcN\u00dcRL\u00dcK 1080P(1920\u00d71080)\/1.3M(1280\u00d7960)\/ 720P(1280\u00d7720)\/D1(704\u00d7576\/704\u00d7480)\/","og_url":"https:\/\/malatyaarti.com\/index.php\/urun\/dahua-ipc-hfw1230s-s-0360b-s4-2mp-3-6mm-starlight-sdkartli-ir-bullet-poe-ip-kame\/","og_site_name":"Malatya Art\u0131 Bilgisayar &ndash; FortiGate, G&uuml;venlik Kameras\u0131 ve A\u011f &Ccedil;&ouml;z&uuml;mleri","article_publisher":"https:\/\/www.facebook.com\/malatyaarti","og_image":[{"width":2250,"height":1500,"url":"https:\/\/malatyaarti.com\/wp-content\/uploads\/2023\/12\/DAHUA-IPC-HFW1230S-S-0360B-S4.jpg","type":"image\/jpeg"}],"twitter_card":"summary_large_image","twitter_misc":{"Tahmini okuma s\u00fcresi":"1 dakika"},"schema":{"@context":"https:\/\/schema.org","@graph":[{"@type":"WebPage","@id":"https:\/\/malatyaarti.com\/index.php\/urun\/dahua-ipc-hfw1230s-s-0360b-s4-2mp-3-6mm-starlight-sdkartli-ir-bullet-poe-ip-kame\/","url":"https:\/\/malatyaarti.com\/index.php\/urun\/dahua-ipc-hfw1230s-s-0360b-s4-2mp-3-6mm-starlight-sdkartli-ir-bullet-poe-ip-kame\/","name":"DAHUA IPC-HFW1230S-S-0360B-S4 2MP 3.6MM STARLIGHT SDKARTLI IR BULLET POE IP KAME - Malatya Art\u0131 Bilgisayar &ndash; FortiGate, G&uuml;venlik Kameras\u0131 ve A\u011f &Ccedil;&ouml;z&uuml;mleri","isPartOf":{"@id":"https:\/\/malatyaarti.com\/#website"},"primaryImageOfPage":{"@id":"https:\/\/malatyaarti.com\/index.php\/urun\/dahua-ipc-hfw1230s-s-0360b-s4-2mp-3-6mm-starlight-sdkartli-ir-bullet-poe-ip-kame\/#primaryimage"},"image":{"@id":"https:\/\/malatyaarti.com\/index.php\/urun\/dahua-ipc-hfw1230s-s-0360b-s4-2mp-3-6mm-starlight-sdkartli-ir-bullet-poe-ip-kame\/#primaryimage"},"thumbnailUrl":"https:\/\/malatyaarti.com\/wp-content\/uploads\/2023\/12\/DAHUA-IPC-HFW1230S-S-0360B-S4.jpg","datePublished":"2023-12-20T12:45:19+00:00","breadcrumb":{"@id":"https:\/\/malatyaarti.com\/index.php\/urun\/dahua-ipc-hfw1230s-s-0360b-s4-2mp-3-6mm-starlight-sdkartli-ir-bullet-poe-ip-kame\/#breadcrumb"},"inLanguage":"tr","potentialAction":[{"@type":"ReadAction","target":["https:\/\/malatyaarti.com\/index.php\/urun\/dahua-ipc-hfw1230s-s-0360b-s4-2mp-3-6mm-starlight-sdkartli-ir-bullet-poe-ip-kame\/"]}]},{"@type":"ImageObject","inLanguage":"tr","@id":"https:\/\/malatyaarti.com\/index.php\/urun\/dahua-ipc-hfw1230s-s-0360b-s4-2mp-3-6mm-starlight-sdkartli-ir-bullet-poe-ip-kame\/#primaryimage","url":"https:\/\/malatyaarti.com\/wp-content\/uploads\/2023\/12\/DAHUA-IPC-HFW1230S-S-0360B-S4.jpg","contentUrl":"https:\/\/malatyaarti.com\/wp-content\/uploads\/2023\/12\/DAHUA-IPC-HFW1230S-S-0360B-S4.jpg","width":2250,"height":1500},{"@type":"BreadcrumbList","@id":"https:\/\/malatyaarti.com\/index.php\/urun\/dahua-ipc-hfw1230s-s-0360b-s4-2mp-3-6mm-starlight-sdkartli-ir-bullet-poe-ip-kame\/#breadcrumb","itemListElement":[{"@type":"ListItem","position":1,"name":"Anasayfa","item":"https:\/\/malatyaarti.com\/"},{"@type":"ListItem","position":2,"name":"\u00dcr\u00fcnler","item":"https:\/\/malatyaarti.com\/index.php\/shop\/"},{"@type":"ListItem","position":3,"name":"DAHUA IPC-HFW1230S-S-0360B-S4 2MP 3.6MM STARLIGHT SDKARTLI IR BULLET POE IP KAME"}]},{"@type":"WebSite","@id":"https:\/\/malatyaarti.com\/#website","url":"https:\/\/malatyaarti.com\/","name":"Malatya Art\u0131 Bilgisayar \u2013 FortiGate, G\u00fcvenlik Kameras\u0131 ve A\u011f \u00c7\u00f6z\u00fcmleri","description":"Malatya&rsquo;da FortiGate Firewall, G&uuml;venlik Kameras\u0131 ve A\u011f &Ccedil;&ouml;z&uuml;mlerinde Profesyonel Hizmet!","publisher":{"@id":"https:\/\/malatyaarti.com\/#organization"},"potentialAction":[{"@type":"SearchAction","target":{"@type":"EntryPoint","urlTemplate":"https:\/\/malatyaarti.com\/?s={search_term_string}"},"query-input":{"@type":"PropertyValueSpecification","valueRequired":true,"valueName":"search_term_string"}}],"inLanguage":"tr"},{"@type":"Organization","@id":"https:\/\/malatyaarti.com\/#organization","name":"Malatya Art\u0131 Bilgisayar \u2013 FortiGate, G\u00fcvenlik Kameras\u0131 ve A\u011f \u00c7\u00f6z\u00fcmleri","url":"https:\/\/malatyaarti.com\/","logo":{"@type":"ImageObject","inLanguage":"tr","@id":"https:\/\/malatyaarti.com\/#\/schema\/logo\/image\/","url":"https:\/\/malatyaarti.com\/wp-content\/uploads\/2025\/03\/malatya-arti-bilgisayar-fortigate-firewall-guvelik-kamerasi-sunucu-server.webp","contentUrl":"https:\/\/malatyaarti.com\/wp-content\/uploads\/2025\/03\/malatya-arti-bilgisayar-fortigate-firewall-guvelik-kamerasi-sunucu-server.webp","width":700,"height":700,"caption":"Malatya Art\u0131 Bilgisayar \u2013 FortiGate, G\u00fcvenlik Kameras\u0131 ve A\u011f \u00c7\u00f6z\u00fcmleri"},"image":{"@id":"https:\/\/malatyaarti.com\/#\/schema\/logo\/image\/"},"sameAs":["https:\/\/www.facebook.com\/malatyaarti"]}]}},"_links":{"self":[{"href":"https:\/\/malatyaarti.com\/index.php\/wp-json\/wp\/v2\/product\/15783","targetHints":{"allow":["GET"]}}],"collection":[{"href":"https:\/\/malatyaarti.com\/index.php\/wp-json\/wp\/v2\/product"}],"about":[{"href":"https:\/\/malatyaarti.com\/index.php\/wp-json\/wp\/v2\/types\/product"}],"replies":[{"embeddable":true,"href":"https:\/\/malatyaarti.com\/index.php\/wp-json\/wp\/v2\/comments?post=15783"}],"version-history":[{"count":1,"href":"https:\/\/malatyaarti.com\/index.php\/wp-json\/wp\/v2\/product\/15783\/revisions"}],"predecessor-version":[{"id":15785,"href":"https:\/\/malatyaarti.com\/index.php\/wp-json\/wp\/v2\/product\/15783\/revisions\/15785"}],"wp:featuredmedia":[{"embeddable":true,"href":"https:\/\/malatyaarti.com\/index.php\/wp-json\/wp\/v2\/media\/15784"}],"wp:attachment":[{"href":"https:\/\/malatyaarti.com\/index.php\/wp-json\/wp\/v2\/media?parent=15783"}],"wp:term":[{"taxonomy":"product_brand","embeddable":true,"href":"https:\/\/malatyaarti.com\/index.php\/wp-json\/wp\/v2\/product_brand?post=15783"},{"taxonomy":"product_cat","embeddable":true,"href":"https:\/\/malatyaarti.com\/index.php\/wp-json\/wp\/v2\/product_cat?post=15783"},{"taxonomy":"product_tag","embeddable":true,"href":"https:\/\/malatyaarti.com\/index.php\/wp-json\/wp\/v2\/product_tag?post=15783"}],"curies":[{"name":"wp","href":"https:\/\/api.w.org\/{rel}","templated":true}]}}