{"id":16354,"date":"2024-10-10T08:56:16","date_gmt":"2024-10-10T08:56:16","guid":{"rendered":"https:\/\/malatyaarti.com\/?page_id=16354"},"modified":"2024-10-10T08:56:18","modified_gmt":"2024-10-10T08:56:18","slug":"cerez-politikamiz","status":"publish","type":"page","link":"https:\/\/malatyaarti.com\/index.php\/cerez-politikamiz\/","title":{"rendered":"\u00c7erez Politikam\u0131z"},"content":{"rendered":"\n<p>Bu \u00c7erez Politikas\u0131, <strong>Art\u0131 Bili\u015fim Bilgisayar ve G\u00fcvenlik Sistemleri<\/strong> web sitesini ziyaret etti\u011finizde taray\u0131c\u0131n\u0131za yerle\u015ftirilen \u00e7erezlerin nas\u0131l kullan\u0131ld\u0131\u011f\u0131n\u0131 a\u00e7\u0131klamaktad\u0131r. \u00c7erezler, kullan\u0131c\u0131 deneyimini geli\u015ftirmek, hizmetlerimizi optimize etmek ve ki\u015fiselle\u015ftirilmi\u015f i\u00e7erik sa\u011flamak amac\u0131yla kullan\u0131lmaktad\u0131r. Web sitemizi kullanarak \u00e7erezlerin kullan\u0131lmas\u0131n\u0131 kabul etmi\u015f olursunuz.<\/p>\n\n\n\n<h3 class=\"wp-block-heading\">\u00c7erez Nedir?<\/h3>\n\n\n\n<p>\u00c7erezler, web sitesi sunucusu taraf\u0131ndan taray\u0131c\u0131n\u0131za g\u00f6nderilen ve bilgisayar\u0131n\u0131za veya mobil cihaz\u0131n\u0131za kaydedilen k\u00fc\u00e7\u00fck veri dosyalar\u0131d\u0131r. Bu dosyalar, web sitesinin sizi tan\u0131mas\u0131na ve kullan\u0131c\u0131 tercihlerinizi hat\u0131rlamas\u0131na olanak tan\u0131r, b\u00f6ylece siteyi daha verimli ve kullan\u0131c\u0131 dostu bir \u015fekilde kullanabilirsiniz.<\/p>\n\n\n\n<h3 class=\"wp-block-heading\">Kulland\u0131\u011f\u0131m\u0131z \u00c7erez T\u00fcrleri<\/h3>\n\n\n\n<p><strong>Art\u0131 Bili\u015fim Bilgisayar ve G\u00fcvenlik Sistemleri<\/strong> web sitesinde a\u015fa\u011f\u0131daki \u00e7erez t\u00fcrleri kullan\u0131lmaktad\u0131r:<\/p>\n\n\n\n<ul class=\"wp-block-list\">\n<li><strong>Zorunlu \u00c7erezler:<\/strong> Web sitemizin d\u00fczg\u00fcn \u00e7al\u0131\u015fabilmesi i\u00e7in bu \u00e7erezler gereklidir. Bu \u00e7erezler, site g\u00fcvenli\u011fini ve temel i\u015flevlerini sa\u011flamak amac\u0131yla kullan\u0131l\u0131r ve devre d\u0131\u015f\u0131 b\u0131rak\u0131lamaz.<\/li>\n\n\n\n<li><strong>\u0130\u015flevsel \u00c7erezler:<\/strong> Bu \u00e7erezler, tercihlerinizi (\u00f6rne\u011fin dil veya b\u00f6lge tercihleri) hat\u0131rlayarak siteyi daha ki\u015fiselle\u015ftirilmi\u015f bir \u015fekilde kullanman\u0131z\u0131 sa\u011flar.<\/li>\n\n\n\n<li><strong>Analitik \u00c7erezler:<\/strong> Web sitemizi nas\u0131l kulland\u0131\u011f\u0131n\u0131z\u0131 anlamam\u0131za yard\u0131mc\u0131 olmak i\u00e7in kullan\u0131lan bu \u00e7erezler, site performans\u0131n\u0131 analiz etmemizi ve iyile\u015ftirmemizi sa\u011flar.<\/li>\n\n\n\n<li><strong>Reklam \u00c7erezleri:<\/strong> Ki\u015fiselle\u015ftirilmi\u015f reklamlar sunmak ve reklam kampanyalar\u0131n\u0131n etkinli\u011fini \u00f6l\u00e7mek i\u00e7in kullan\u0131lan bu \u00e7erezler, taray\u0131c\u0131n\u0131zda gezinme al\u0131\u015fkanl\u0131klar\u0131n\u0131z\u0131 izler.<\/li>\n<\/ul>\n\n\n\n<h3 class=\"wp-block-heading\">\u00c7erezlerin Kullan\u0131m Ama\u00e7lar\u0131<\/h3>\n\n\n\n<p>Web sitemizde \u00e7erezleri \u015fu ama\u00e7larla kullan\u0131yoruz:<\/p>\n\n\n\n<ul class=\"wp-block-list\">\n<li>Web sitemizin g\u00fcvenli\u011fini sa\u011flamak ve performans\u0131n\u0131 iyile\u015ftirmek<\/li>\n\n\n\n<li>Kullan\u0131c\u0131 deneyimini geli\u015ftirmek<\/li>\n\n\n\n<li>Sitenin do\u011fru \u00e7al\u0131\u015fmas\u0131n\u0131 sa\u011flamak<\/li>\n\n\n\n<li>Kullan\u0131c\u0131 tercihlerinizi ve site ayarlar\u0131n\u0131z\u0131 hat\u0131rlamak<\/li>\n\n\n\n<li>Web sitesi trafi\u011fini analiz etmek<\/li>\n\n\n\n<li>Size ki\u015fiselle\u015ftirilmi\u015f i\u00e7erik ve reklamlar sunmak<\/li>\n<\/ul>\n\n\n\n<h3 class=\"wp-block-heading\">\u00dc\u00e7\u00fcnc\u00fc Taraf \u00c7erezleri<\/h3>\n\n\n\n<p>Web sitemizde, <strong>Google Analytics<\/strong> gibi \u00fc\u00e7\u00fcnc\u00fc taraf hizmet sa\u011flay\u0131c\u0131lar\u0131 taraf\u0131ndan yerle\u015ftirilen \u00e7erezler kullan\u0131lmaktad\u0131r. Bu \u00e7erezler, web sitesinin performans\u0131n\u0131 analiz etmek ve ziyaret\u00e7ilerin siteyi nas\u0131l kulland\u0131klar\u0131n\u0131 anlamak amac\u0131yla kullan\u0131labilir. \u00dc\u00e7\u00fcnc\u00fc taraf \u00e7erezleri, kullan\u0131c\u0131lar hakk\u0131nda toplu ve anonim bilgiler toplar.<\/p>\n\n\n\n<h3 class=\"wp-block-heading\">\u00c7erezlerin Y\u00f6netilmesi<\/h3>\n\n\n\n<p>\u00c7erezleri kabul etmek ya da reddetmek tamamen sizin tercihinizdir. Taray\u0131c\u0131 ayarlar\u0131n\u0131zdan \u00e7erezleri y\u00f6netebilir, engelleyebilir veya silebilirsiniz. Ancak, \u00e7erezlerin devre d\u0131\u015f\u0131 b\u0131rak\u0131lmas\u0131 web sitemizin baz\u0131 \u00f6zelliklerinin d\u00fczg\u00fcn \u00e7al\u0131\u015fmamas\u0131na neden olabilir.<\/p>\n\n\n\n<p>\u00c7erez ayarlar\u0131n\u0131z\u0131 y\u00f6netmek i\u00e7in a\u015fa\u011f\u0131daki taray\u0131c\u0131lar\u0131n yard\u0131m sayfalar\u0131n\u0131 ziyaret edebilirsiniz:<\/p>\n\n\n\n<ul class=\"wp-block-list\">\n<li><a href=\"https:\/\/support.google.com\/accounts\/answer\/61416?co=GENIE.Platform%3DDesktop&amp;hl=tr\">Google Chrome<\/a><\/li>\n\n\n\n<li><a href=\"https:\/\/support.mozilla.org\/tr\/kb\/cerezler-web-sitelerinin-bilgisayarinizda-depoladigi-bilgiler\">Mozilla Firefox<\/a><\/li>\n\n\n\n<li><a href=\"https:\/\/support.microsoft.com\/tr-tr\/microsoft-edge\/c%C3%A9rezler-ve-microsoft-edge-%C3%A7erezleri-y%C3%B6netme-b83f4e3e-ef0e-45da-887f-90f2fa2c70c5\">Microsoft Edge<\/a><\/li>\n<\/ul>\n\n\n\n<h3 class=\"wp-block-heading\">\u00c7erez Politikas\u0131 G\u00fcncellemeleri<\/h3>\n\n\n\n<p>\u00c7erez Politikam\u0131z zaman zaman de\u011fi\u015ftirilebilir. \u00c7erezlerle ilgili g\u00fcncellemeler bu sayfada yay\u0131nlanacakt\u0131r. En g\u00fcncel bilgilere ula\u015fmak i\u00e7in bu sayfay\u0131 d\u00fczenli olarak ziyaret edebilirsiniz.<\/p>\n\n\n\n<p><strong>Son G\u00fcncelleme:<\/strong> 10 Ekim 2024<\/p>\n","protected":false},"excerpt":{"rendered":"<p>Bu \u00c7erez Politikas\u0131, Art\u0131 Bili\u015fim Bilgisayar ve G\u00fcvenlik Sistemleri web sitesini ziyaret etti\u011finizde taray\u0131c\u0131n\u0131za yerle\u015ftirilen \u00e7erezlerin nas\u0131l kullan\u0131ld\u0131\u011f\u0131n\u0131 a\u00e7\u0131klamaktad\u0131r. \u00c7erezler,<\/p>\n","protected":false},"author":1,"featured_media":0,"parent":0,"menu_order":0,"comment_status":"closed","ping_status":"closed","template":"","meta":{"footnotes":""},"class_list":["post-16354","page","type-page","status-publish","hentry"],"yoast_head":"<!-- This site is optimized with the Yoast SEO plugin v27.4 - https:\/\/yoast.com\/product\/yoast-seo-wordpress\/ -->\n<title>Malatya Art\u0131 Bilgisayar &ndash; FortiGate, G&uuml;venlik Kameras\u0131 ve A\u011f &Ccedil;&ouml;z&uuml;mleri<\/title>\n<meta name=\"description\" content=\"Malatya Art\u0131 Bilgisayar, Malatya\u2019da FortiGate firewall, g\u00fcvenlik kameras\u0131, sunucu ve a\u011f \u00e7\u00f6z\u00fcmleriyle i\u015fletmelere kesintisiz g\u00fcvenlik ve performans sunar. Profesyonel IT deste\u011fi i\u00e7in bizimle ileti\u015fime ge\u00e7in!\" \/>\n<meta name=\"robots\" content=\"index, follow, max-snippet:-1, max-image-preview:large, max-video-preview:-1\" \/>\n<link rel=\"canonical\" href=\"https:\/\/malatyaarti.com\/index.php\/cerez-politikamiz\/\" \/>\n<meta property=\"og:locale\" content=\"tr_TR\" \/>\n<meta property=\"og:type\" content=\"article\" \/>\n<meta property=\"og:title\" content=\"Malatya Art\u0131 Bilgisayar &ndash; FortiGate, G&uuml;venlik Kameras\u0131 ve A\u011f &Ccedil;&ouml;z&uuml;mleri\" \/>\n<meta property=\"og:description\" content=\"Malatya Art\u0131 Bilgisayar, Malatya\u2019da FortiGate firewall, g\u00fcvenlik kameras\u0131, sunucu ve a\u011f \u00e7\u00f6z\u00fcmleriyle i\u015fletmelere kesintisiz g\u00fcvenlik ve performans sunar. Profesyonel IT deste\u011fi i\u00e7in bizimle ileti\u015fime ge\u00e7in!\" \/>\n<meta property=\"og:url\" content=\"https:\/\/malatyaarti.com\/index.php\/cerez-politikamiz\/\" \/>\n<meta property=\"og:site_name\" content=\"Malatya Art\u0131 Bilgisayar &ndash; FortiGate, G&uuml;venlik Kameras\u0131 ve A\u011f &Ccedil;&ouml;z&uuml;mleri\" \/>\n<meta property=\"article:publisher\" content=\"https:\/\/www.facebook.com\/malatyaarti\" \/>\n<meta property=\"article:modified_time\" content=\"2024-10-10T08:56:18+00:00\" \/>\n<meta property=\"og:image\" content=\"https:\/\/malatyaarti.com\/wp-content\/uploads\/2025\/03\/malatya-arti-bilgisayar-fortigate-firewall-guvelik-kamerasi-sunucu-server.webp\" \/>\n\t<meta property=\"og:image:width\" content=\"700\" \/>\n\t<meta property=\"og:image:height\" content=\"700\" \/>\n\t<meta property=\"og:image:type\" content=\"image\/webp\" \/>\n<meta name=\"twitter:card\" content=\"summary_large_image\" \/>\n<meta name=\"twitter:label1\" content=\"Tahmini okuma s\u00fcresi\" \/>\n\t<meta name=\"twitter:data1\" content=\"3 dakika\" \/>\n<script type=\"application\/ld+json\" class=\"yoast-schema-graph\">{\"@context\":\"https:\\\/\\\/schema.org\",\"@graph\":[{\"@type\":\"WebPage\",\"@id\":\"https:\\\/\\\/malatyaarti.com\\\/index.php\\\/cerez-politikamiz\\\/\",\"url\":\"https:\\\/\\\/malatyaarti.com\\\/index.php\\\/cerez-politikamiz\\\/\",\"name\":\"Malatya Art\u0131 Bilgisayar &ndash; FortiGate, G&uuml;venlik Kameras\u0131 ve A\u011f &Ccedil;&ouml;z&uuml;mleri\",\"isPartOf\":{\"@id\":\"https:\\\/\\\/malatyaarti.com\\\/#website\"},\"datePublished\":\"2024-10-10T08:56:16+00:00\",\"dateModified\":\"2024-10-10T08:56:18+00:00\",\"description\":\"Malatya Art\u0131 Bilgisayar, Malatya\u2019da FortiGate firewall, g\u00fcvenlik kameras\u0131, sunucu ve a\u011f \u00e7\u00f6z\u00fcmleriyle i\u015fletmelere kesintisiz g\u00fcvenlik ve performans sunar. Profesyonel IT deste\u011fi i\u00e7in bizimle ileti\u015fime ge\u00e7in!\",\"breadcrumb\":{\"@id\":\"https:\\\/\\\/malatyaarti.com\\\/index.php\\\/cerez-politikamiz\\\/#breadcrumb\"},\"inLanguage\":\"tr\",\"potentialAction\":[{\"@type\":\"ReadAction\",\"target\":[\"https:\\\/\\\/malatyaarti.com\\\/index.php\\\/cerez-politikamiz\\\/\"]}]},{\"@type\":\"BreadcrumbList\",\"@id\":\"https:\\\/\\\/malatyaarti.com\\\/index.php\\\/cerez-politikamiz\\\/#breadcrumb\",\"itemListElement\":[{\"@type\":\"ListItem\",\"position\":1,\"name\":\"Anasayfa\",\"item\":\"https:\\\/\\\/malatyaarti.com\\\/\"},{\"@type\":\"ListItem\",\"position\":2,\"name\":\"\u00c7erez Politikam\u0131z\"}]},{\"@type\":\"WebSite\",\"@id\":\"https:\\\/\\\/malatyaarti.com\\\/#website\",\"url\":\"https:\\\/\\\/malatyaarti.com\\\/\",\"name\":\"Malatya Art\u0131 Bilgisayar \u2013 FortiGate, G\u00fcvenlik Kameras\u0131 ve A\u011f \u00c7\u00f6z\u00fcmleri\",\"description\":\"Malatya&rsquo;da FortiGate Firewall, G&uuml;venlik Kameras\u0131 ve A\u011f &Ccedil;&ouml;z&uuml;mlerinde Profesyonel Hizmet!\",\"publisher\":{\"@id\":\"https:\\\/\\\/malatyaarti.com\\\/#organization\"},\"potentialAction\":[{\"@type\":\"SearchAction\",\"target\":{\"@type\":\"EntryPoint\",\"urlTemplate\":\"https:\\\/\\\/malatyaarti.com\\\/?s={search_term_string}\"},\"query-input\":{\"@type\":\"PropertyValueSpecification\",\"valueRequired\":true,\"valueName\":\"search_term_string\"}}],\"inLanguage\":\"tr\"},{\"@type\":\"Organization\",\"@id\":\"https:\\\/\\\/malatyaarti.com\\\/#organization\",\"name\":\"Malatya Art\u0131 Bilgisayar \u2013 FortiGate, G\u00fcvenlik Kameras\u0131 ve A\u011f \u00c7\u00f6z\u00fcmleri\",\"url\":\"https:\\\/\\\/malatyaarti.com\\\/\",\"logo\":{\"@type\":\"ImageObject\",\"inLanguage\":\"tr\",\"@id\":\"https:\\\/\\\/malatyaarti.com\\\/#\\\/schema\\\/logo\\\/image\\\/\",\"url\":\"https:\\\/\\\/malatyaarti.com\\\/wp-content\\\/uploads\\\/2025\\\/03\\\/malatya-arti-bilgisayar-fortigate-firewall-guvelik-kamerasi-sunucu-server.webp\",\"contentUrl\":\"https:\\\/\\\/malatyaarti.com\\\/wp-content\\\/uploads\\\/2025\\\/03\\\/malatya-arti-bilgisayar-fortigate-firewall-guvelik-kamerasi-sunucu-server.webp\",\"width\":700,\"height\":700,\"caption\":\"Malatya Art\u0131 Bilgisayar \u2013 FortiGate, G\u00fcvenlik Kameras\u0131 ve A\u011f \u00c7\u00f6z\u00fcmleri\"},\"image\":{\"@id\":\"https:\\\/\\\/malatyaarti.com\\\/#\\\/schema\\\/logo\\\/image\\\/\"},\"sameAs\":[\"https:\\\/\\\/www.facebook.com\\\/malatyaarti\"]}]}<\/script>\n<!-- \/ Yoast SEO plugin. -->","yoast_head_json":{"title":"Malatya Art\u0131 Bilgisayar &ndash; FortiGate, G&uuml;venlik Kameras\u0131 ve A\u011f &Ccedil;&ouml;z&uuml;mleri","description":"Malatya Art\u0131 Bilgisayar, Malatya\u2019da FortiGate firewall, g\u00fcvenlik kameras\u0131, sunucu ve a\u011f \u00e7\u00f6z\u00fcmleriyle i\u015fletmelere kesintisiz g\u00fcvenlik ve performans sunar. Profesyonel IT deste\u011fi i\u00e7in bizimle ileti\u015fime ge\u00e7in!","robots":{"index":"index","follow":"follow","max-snippet":"max-snippet:-1","max-image-preview":"max-image-preview:large","max-video-preview":"max-video-preview:-1"},"canonical":"https:\/\/malatyaarti.com\/index.php\/cerez-politikamiz\/","og_locale":"tr_TR","og_type":"article","og_title":"Malatya Art\u0131 Bilgisayar &ndash; FortiGate, G&uuml;venlik Kameras\u0131 ve A\u011f &Ccedil;&ouml;z&uuml;mleri","og_description":"Malatya Art\u0131 Bilgisayar, Malatya\u2019da FortiGate firewall, g\u00fcvenlik kameras\u0131, sunucu ve a\u011f \u00e7\u00f6z\u00fcmleriyle i\u015fletmelere kesintisiz g\u00fcvenlik ve performans sunar. Profesyonel IT deste\u011fi i\u00e7in bizimle ileti\u015fime ge\u00e7in!","og_url":"https:\/\/malatyaarti.com\/index.php\/cerez-politikamiz\/","og_site_name":"Malatya Art\u0131 Bilgisayar &ndash; FortiGate, G&uuml;venlik Kameras\u0131 ve A\u011f &Ccedil;&ouml;z&uuml;mleri","article_publisher":"https:\/\/www.facebook.com\/malatyaarti","article_modified_time":"2024-10-10T08:56:18+00:00","og_image":[{"width":700,"height":700,"url":"https:\/\/malatyaarti.com\/wp-content\/uploads\/2025\/03\/malatya-arti-bilgisayar-fortigate-firewall-guvelik-kamerasi-sunucu-server.webp","type":"image\/webp"}],"twitter_card":"summary_large_image","twitter_misc":{"Tahmini okuma s\u00fcresi":"3 dakika"},"schema":{"@context":"https:\/\/schema.org","@graph":[{"@type":"WebPage","@id":"https:\/\/malatyaarti.com\/index.php\/cerez-politikamiz\/","url":"https:\/\/malatyaarti.com\/index.php\/cerez-politikamiz\/","name":"Malatya Art\u0131 Bilgisayar &ndash; FortiGate, G&uuml;venlik Kameras\u0131 ve A\u011f &Ccedil;&ouml;z&uuml;mleri","isPartOf":{"@id":"https:\/\/malatyaarti.com\/#website"},"datePublished":"2024-10-10T08:56:16+00:00","dateModified":"2024-10-10T08:56:18+00:00","description":"Malatya Art\u0131 Bilgisayar, Malatya\u2019da FortiGate firewall, g\u00fcvenlik kameras\u0131, sunucu ve a\u011f \u00e7\u00f6z\u00fcmleriyle i\u015fletmelere kesintisiz g\u00fcvenlik ve performans sunar. Profesyonel IT deste\u011fi i\u00e7in bizimle ileti\u015fime ge\u00e7in!","breadcrumb":{"@id":"https:\/\/malatyaarti.com\/index.php\/cerez-politikamiz\/#breadcrumb"},"inLanguage":"tr","potentialAction":[{"@type":"ReadAction","target":["https:\/\/malatyaarti.com\/index.php\/cerez-politikamiz\/"]}]},{"@type":"BreadcrumbList","@id":"https:\/\/malatyaarti.com\/index.php\/cerez-politikamiz\/#breadcrumb","itemListElement":[{"@type":"ListItem","position":1,"name":"Anasayfa","item":"https:\/\/malatyaarti.com\/"},{"@type":"ListItem","position":2,"name":"\u00c7erez Politikam\u0131z"}]},{"@type":"WebSite","@id":"https:\/\/malatyaarti.com\/#website","url":"https:\/\/malatyaarti.com\/","name":"Malatya Art\u0131 Bilgisayar \u2013 FortiGate, G\u00fcvenlik Kameras\u0131 ve A\u011f \u00c7\u00f6z\u00fcmleri","description":"Malatya&rsquo;da FortiGate Firewall, G&uuml;venlik Kameras\u0131 ve A\u011f &Ccedil;&ouml;z&uuml;mlerinde Profesyonel Hizmet!","publisher":{"@id":"https:\/\/malatyaarti.com\/#organization"},"potentialAction":[{"@type":"SearchAction","target":{"@type":"EntryPoint","urlTemplate":"https:\/\/malatyaarti.com\/?s={search_term_string}"},"query-input":{"@type":"PropertyValueSpecification","valueRequired":true,"valueName":"search_term_string"}}],"inLanguage":"tr"},{"@type":"Organization","@id":"https:\/\/malatyaarti.com\/#organization","name":"Malatya Art\u0131 Bilgisayar \u2013 FortiGate, G\u00fcvenlik Kameras\u0131 ve A\u011f \u00c7\u00f6z\u00fcmleri","url":"https:\/\/malatyaarti.com\/","logo":{"@type":"ImageObject","inLanguage":"tr","@id":"https:\/\/malatyaarti.com\/#\/schema\/logo\/image\/","url":"https:\/\/malatyaarti.com\/wp-content\/uploads\/2025\/03\/malatya-arti-bilgisayar-fortigate-firewall-guvelik-kamerasi-sunucu-server.webp","contentUrl":"https:\/\/malatyaarti.com\/wp-content\/uploads\/2025\/03\/malatya-arti-bilgisayar-fortigate-firewall-guvelik-kamerasi-sunucu-server.webp","width":700,"height":700,"caption":"Malatya Art\u0131 Bilgisayar \u2013 FortiGate, G\u00fcvenlik Kameras\u0131 ve A\u011f \u00c7\u00f6z\u00fcmleri"},"image":{"@id":"https:\/\/malatyaarti.com\/#\/schema\/logo\/image\/"},"sameAs":["https:\/\/www.facebook.com\/malatyaarti"]}]}},"_links":{"self":[{"href":"https:\/\/malatyaarti.com\/index.php\/wp-json\/wp\/v2\/pages\/16354","targetHints":{"allow":["GET"]}}],"collection":[{"href":"https:\/\/malatyaarti.com\/index.php\/wp-json\/wp\/v2\/pages"}],"about":[{"href":"https:\/\/malatyaarti.com\/index.php\/wp-json\/wp\/v2\/types\/page"}],"author":[{"embeddable":true,"href":"https:\/\/malatyaarti.com\/index.php\/wp-json\/wp\/v2\/users\/1"}],"replies":[{"embeddable":true,"href":"https:\/\/malatyaarti.com\/index.php\/wp-json\/wp\/v2\/comments?post=16354"}],"version-history":[{"count":1,"href":"https:\/\/malatyaarti.com\/index.php\/wp-json\/wp\/v2\/pages\/16354\/revisions"}],"predecessor-version":[{"id":16355,"href":"https:\/\/malatyaarti.com\/index.php\/wp-json\/wp\/v2\/pages\/16354\/revisions\/16355"}],"wp:attachment":[{"href":"https:\/\/malatyaarti.com\/index.php\/wp-json\/wp\/v2\/media?parent=16354"}],"curies":[{"name":"wp","href":"https:\/\/api.w.org\/{rel}","templated":true}]}}