{"id":15670,"date":"2023-12-20T10:25:42","date_gmt":"2023-12-20T10:25:42","guid":{"rendered":"https:\/\/malatyaarti.com\/?page_id=15670"},"modified":"2024-08-15T06:33:19","modified_gmt":"2024-08-15T06:33:19","slug":"yazilim-cozumleri","status":"publish","type":"page","link":"https:\/\/malatyaarti.com\/index.php\/yazilim-cozumleri\/","title":{"rendered":"Yaz\u0131l\u0131m \u00c7\u00f6z\u00fcmleri"},"content":{"rendered":"\t\t<div data-elementor-type=\"wp-page\" data-elementor-id=\"15670\" class=\"elementor elementor-15670\">\n\t\t\t\t<div class=\"elementor-element elementor-element-5f3d6da e-con-full e-flex wpr-particle-no wpr-jarallax-no wpr-parallax-no wpr-sticky-section-no wpr-equal-height-no e-con e-parent\" data-id=\"5f3d6da\" data-element_type=\"container\" data-e-type=\"container\" data-settings=\"{&quot;background_background&quot;:&quot;classic&quot;}\">\n\t\t\t\t<div class=\"elementor-element elementor-element-d4cf8f4 wpr-flip-pagination-after elementor-widget elementor-widget-wpr-flip-carousel\" data-id=\"d4cf8f4\" data-element_type=\"widget\" data-e-type=\"widget\" data-widget_type=\"wpr-flip-carousel.default\">\n\t\t\t\t<div class=\"elementor-widget-container\">\n\t\t\t\t\t<div class=\"wpr-flip-carousel-wrapper\"><div class=\"wpr-flip-carousel\" data-settings=\"{&quot;starts_from_center&quot;:&quot;yes&quot;,&quot;carousel_type&quot;:&quot;coverflow&quot;,&quot;loop&quot;:&quot;yes&quot;,&quot;autoplay&quot;:false,&quot;autoplay_milliseconds&quot;:0,&quot;pause_on_hover&quot;:false,&quot;play_on_click&quot;:&quot;yes&quot;,&quot;play_on_scroll&quot;:&quot;yes&quot;,&quot;pagination_position&quot;:&quot;after&quot;,&quot;spacing&quot;:-0.6,&quot;button_prev&quot;:&quot;&quot;,&quot;button_next&quot;:&quot;&quot;,&quot;pagination_bg_color_hover&quot;:&quot;#605BE5&quot;}\"><ul class=\"wpr-flip-items-wrapper\"><li class=\"wpr-flip-item\" data-flip-title=\"\"><figure><img decoding=\"async\" alt=\"\" src=\"https:\/\/malatyaarti.com\/wp-content\/uploads\/2023\/12\/futuristic-smart-city-with-5g-global-network-technology-768x512.jpg\" \/><\/figure><\/li><li class=\"wpr-flip-item\" data-flip-title=\"\"><figure><img decoding=\"async\" alt=\"\" src=\"https:\/\/malatyaarti.com\/wp-content\/uploads\/2023\/12\/pexels-lukas-574071-768x509.jpg\" \/><\/figure><\/li><li class=\"wpr-flip-item\" data-flip-title=\"\"><figure><img decoding=\"async\" alt=\"\" src=\"https:\/\/malatyaarti.com\/wp-content\/uploads\/2023\/12\/pexels-pixabay-60504-768x512.jpg\" \/><\/figure><\/li><li class=\"wpr-flip-item\" data-flip-title=\"\"><figure><img decoding=\"async\" alt=\"\" src=\"https:\/\/malatyaarti.com\/wp-content\/uploads\/2023\/12\/rpa-concept-with-blurry-hand-touching-screen-768x512.jpg\" \/><\/figure><\/li><\/ul><\/div><\/div>\t\t\t\t<\/div>\n\t\t\t\t<\/div>\n\t\t<div class=\"wd-negative-gap elementor-element elementor-element-90b64e3 e-flex e-con-boxed wpr-particle-no wpr-jarallax-no wpr-parallax-no wpr-sticky-section-no wpr-equal-height-no e-con e-child\" data-id=\"90b64e3\" data-element_type=\"container\" data-e-type=\"container\">\n\t\t\t\t\t<div class=\"e-con-inner\">\n\t\t\t\t<div class=\"elementor-element elementor-element-2456b8c elementor-widget elementor-widget-wd_text_block\" data-id=\"2456b8c\" data-element_type=\"widget\" data-e-type=\"widget\" data-widget_type=\"wd_text_block.default\">\n\t\t\t\t<div class=\"elementor-widget-container\">\n\t\t\t\t\t\t\t<div class=\"wd-text-block reset-last-child text-left\">\n\t\t\t\n\t\t\t<pre><span style=\"color: #ff0000;\"><strong>Microsoft Yaz\u0131l\u0131m ve Lisanlama \u00c7\u00f6z\u00fcmleri<\/strong><\/span><br \/><br \/>Microsoft OEM Lisanslama<br \/><br \/>Microsoft OPEN Lisanslama<br \/><br \/>Microsoft ONLINE Lisanslama<br \/><br \/>Microsoft KUTU Lisanslama<br \/><br \/>\u015eirketlerin lisansl\u0131 yaz\u0131l\u0131m kullanmalar\u0131 i\u015f ak\u0131\u015f\u0131n\u0131n h\u0131zlanmas\u0131, g\u00fcncel bilgilerin edinilmesi i\u00e7in \u00f6nemli bir fakt\u00f6rd\u00fcr. Lisanss\u0131z yaz\u0131l\u0131m kullanmakla \u015firketinizi b\u00fcy\u00fck bir riske att\u0131\u011f\u0131n\u0131z\u0131 biliyor musunuz?<br \/><br \/><strong><span style=\"color: #ff0000;\">Microsoft Bulut \u00c7\u00f6z\u00fcmleri<\/span><\/strong><br \/><br \/>Office 365 ve Microsoft Azure \u00fcr\u00fcnlerinin sat\u0131\u015f\u0131, kurulumu yap\u0131land\u0131rma ve sat\u0131\u015f sonras\u0131 destek veriyoruz.<br \/><br \/>Microsoft Office 365<br \/><br \/>Kurulu\u015funuzun sa\u011flam g\u00fcvenlik, g\u00fcvenilirlik ve kullan\u0131c\u0131 verimlili\u011fi gereksinimlerini kar\u015f\u0131lamaya yard\u0131mc\u0131 olmak i\u00e7in tasarlanm\u0131\u015f, bulut tabanl\u0131 bir hizmettir.<br \/><br \/>Microsoft Azure<br \/><br \/>Kurulu\u015funuzun i\u015f zorluklar\u0131n\u0131 a\u015fmas\u0131na yard\u0131mc\u0131 olacak \u015fekilde tasarlanm\u0131\u015f, say\u0131s\u0131 her ge\u00e7en g\u00fcn artan bulut hizmetlerinden olu\u015fur. En sevdi\u011finiz ara\u00e7lar\u0131 ve \u00e7er\u00e7eveleri kullanarak \u00e7ok b\u00fcy\u00fck, k\u00fcresel bir a\u011fda uygulama olu\u015fturma, y\u00f6netme ve da\u011f\u0131tma \u00f6zg\u00fcrl\u00fc\u011f\u00fc sunar.<br \/><br \/><span style=\"color: #ff0000;\"><strong>Antivir\u00fcs \u00c7\u00f6z\u00fcmleri (Eset, Kaspersky)<\/strong><\/span><br \/><br \/>Dosya Sunucusu G\u00fcvenli\u011fi<br \/><br \/>T\u00fcm a\u011f dosya depolama, genel sunucular ve \u00e7ok ama\u00e7l\u0131 sunucular i\u00e7in geli\u015fmi\u015f koruma sa\u011flar. Sunucular\u0131n kararl\u0131 ve anla\u015f\u0131lmaz olmas\u0131n\u0131 sa\u011flar. \u0130\u015f s\u00fcreklili\u011fini sa\u011flamak i\u00e7in s\u0131n\u0131rlar yeniden ba\u015flat\u0131l\u0131r ve bak\u0131m pencereleri en aza indirilir.<br \/><br \/>Mail G\u00fcvenli\u011fi<br \/><br \/>Kullan\u0131c\u0131lar\u0131n posta kutular\u0131na ula\u015fmadan \u00f6nce t\u00fcm spam ve k\u00f6t\u00fc ama\u00e7l\u0131 yaz\u0131l\u0131mlar\u0131 filtreler. A\u011f\u0131n\u0131z\u0131n g\u00fcvenli\u011fini tamamlayan ilk savunma hatt\u0131d\u0131r.<br \/><br \/><br \/>U\u00e7 Nokta g\u00fcvenli\u011fi<br \/><br \/>kurum i\u00e7i ve t\u00fcm \u015firket d\u0131\u015f\u0131 bir konsol arac\u0131l\u0131\u011f\u0131yla t\u00fcm kurum i\u00e7i ve kurum d\u0131\u015f\u0131 u\u00e7 noktalar\u0131n\u0131z\u0131n ger\u00e7ek zamanl\u0131 bir \u00f6zetini sunar. T\u00fcm i\u015fletim sistemleri i\u00e7in eksiksiz raporlama ve g\u00fcvenlik y\u00f6netiminden yararlan\u0131n.<\/pre>\n\t\t\t\t\t<\/div>\n\t\t\t\t\t\t<\/div>\n\t\t\t\t<\/div>\n\t\t\t\t\t<\/div>\n\t\t\t\t<\/div>\n\t\t\t\t<\/div>\n\t\t\t\t<\/div>\n\t\t","protected":false},"excerpt":{"rendered":"<p>Microsoft Yaz\u0131l\u0131m ve Lisanlama \u00c7\u00f6z\u00fcmleriMicrosoft OEM LisanslamaMicrosoft OPEN LisanslamaMicrosoft ONLINE LisanslamaMicrosoft KUTU Lisanslama\u015eirketlerin lisansl\u0131 yaz\u0131l\u0131m kullanmalar\u0131 i\u015f ak\u0131\u015f\u0131n\u0131n h\u0131zlanmas\u0131, g\u00fcncel<\/p>\n","protected":false},"author":1,"featured_media":0,"parent":0,"menu_order":0,"comment_status":"closed","ping_status":"closed","template":"","meta":{"footnotes":""},"class_list":["post-15670","page","type-page","status-publish","hentry"],"yoast_head":"<!-- This site is optimized with the Yoast SEO plugin v27.4 - https:\/\/yoast.com\/product\/yoast-seo-wordpress\/ -->\n<title>Malatya Art\u0131 Bilgisayar &ndash; FortiGate, G&uuml;venlik Kameras\u0131 ve A\u011f &Ccedil;&ouml;z&uuml;mleri<\/title>\n<meta name=\"description\" content=\"Malatya Art\u0131 Bilgisayar Profesyonel g\u00fcvenlik ve bili\u015fim \u00e7\u00f6z\u00fcmleri ,Kablolamadan dijital ihtiya\u00e7lar\u0131n\u0131za kadar g\u00fcvenilir hizmetler sa\u011fl\u0131yoruz.\" \/>\n<meta name=\"robots\" content=\"index, follow, max-snippet:-1, max-image-preview:large, max-video-preview:-1\" \/>\n<link rel=\"canonical\" href=\"https:\/\/malatyaarti.com\/index.php\/yazilim-cozumleri\/\" \/>\n<meta property=\"og:locale\" content=\"tr_TR\" \/>\n<meta property=\"og:type\" content=\"article\" \/>\n<meta property=\"og:title\" content=\"Malatya Art\u0131 Bilgisayar &ndash; FortiGate, G&uuml;venlik Kameras\u0131 ve A\u011f &Ccedil;&ouml;z&uuml;mleri\" \/>\n<meta property=\"og:description\" content=\"Malatya Art\u0131 Bilgisayar Profesyonel g\u00fcvenlik ve bili\u015fim \u00e7\u00f6z\u00fcmleri ,Kablolamadan dijital ihtiya\u00e7lar\u0131n\u0131za kadar g\u00fcvenilir hizmetler sa\u011fl\u0131yoruz.\" \/>\n<meta property=\"og:url\" content=\"https:\/\/malatyaarti.com\/index.php\/yazilim-cozumleri\/\" \/>\n<meta property=\"og:site_name\" content=\"Malatya Art\u0131 Bilgisayar &ndash; FortiGate, G&uuml;venlik Kameras\u0131 ve A\u011f &Ccedil;&ouml;z&uuml;mleri\" \/>\n<meta property=\"article:publisher\" content=\"https:\/\/www.facebook.com\/malatyaarti\" \/>\n<meta property=\"article:modified_time\" content=\"2024-08-15T06:33:19+00:00\" \/>\n<meta property=\"og:image\" content=\"https:\/\/malatyaarti.com\/wp-content\/uploads\/2023\/12\/futuristic-smart-city-with-5g-global-network-technology-768x512.jpg\" \/>\n<meta name=\"twitter:card\" content=\"summary_large_image\" \/>\n<meta name=\"twitter:label1\" content=\"Tahmini okuma s\u00fcresi\" \/>\n\t<meta name=\"twitter:data1\" content=\"1 dakika\" \/>\n<script type=\"application\/ld+json\" class=\"yoast-schema-graph\">{\"@context\":\"https:\\\/\\\/schema.org\",\"@graph\":[{\"@type\":\"WebPage\",\"@id\":\"https:\\\/\\\/malatyaarti.com\\\/index.php\\\/yazilim-cozumleri\\\/\",\"url\":\"https:\\\/\\\/malatyaarti.com\\\/index.php\\\/yazilim-cozumleri\\\/\",\"name\":\"Malatya Art\u0131 Bilgisayar &ndash; FortiGate, G&uuml;venlik Kameras\u0131 ve A\u011f &Ccedil;&ouml;z&uuml;mleri\",\"isPartOf\":{\"@id\":\"https:\\\/\\\/malatyaarti.com\\\/#website\"},\"primaryImageOfPage\":{\"@id\":\"https:\\\/\\\/malatyaarti.com\\\/index.php\\\/yazilim-cozumleri\\\/#primaryimage\"},\"image\":{\"@id\":\"https:\\\/\\\/malatyaarti.com\\\/index.php\\\/yazilim-cozumleri\\\/#primaryimage\"},\"thumbnailUrl\":\"https:\\\/\\\/malatyaarti.com\\\/wp-content\\\/uploads\\\/2023\\\/12\\\/futuristic-smart-city-with-5g-global-network-technology-768x512.jpg\",\"datePublished\":\"2023-12-20T10:25:42+00:00\",\"dateModified\":\"2024-08-15T06:33:19+00:00\",\"description\":\"Malatya Art\u0131 Bilgisayar Profesyonel g\u00fcvenlik ve bili\u015fim \u00e7\u00f6z\u00fcmleri ,Kablolamadan dijital ihtiya\u00e7lar\u0131n\u0131za kadar g\u00fcvenilir hizmetler sa\u011fl\u0131yoruz.\",\"breadcrumb\":{\"@id\":\"https:\\\/\\\/malatyaarti.com\\\/index.php\\\/yazilim-cozumleri\\\/#breadcrumb\"},\"inLanguage\":\"tr\",\"potentialAction\":[{\"@type\":\"ReadAction\",\"target\":[\"https:\\\/\\\/malatyaarti.com\\\/index.php\\\/yazilim-cozumleri\\\/\"]}]},{\"@type\":\"ImageObject\",\"inLanguage\":\"tr\",\"@id\":\"https:\\\/\\\/malatyaarti.com\\\/index.php\\\/yazilim-cozumleri\\\/#primaryimage\",\"url\":\"https:\\\/\\\/malatyaarti.com\\\/wp-content\\\/uploads\\\/2023\\\/12\\\/futuristic-smart-city-with-5g-global-network-technology-scaled.jpg\",\"contentUrl\":\"https:\\\/\\\/malatyaarti.com\\\/wp-content\\\/uploads\\\/2023\\\/12\\\/futuristic-smart-city-with-5g-global-network-technology-scaled.jpg\",\"width\":2560,\"height\":1706,\"caption\":\"Futuristic smart city with 5G global network technology\"},{\"@type\":\"BreadcrumbList\",\"@id\":\"https:\\\/\\\/malatyaarti.com\\\/index.php\\\/yazilim-cozumleri\\\/#breadcrumb\",\"itemListElement\":[{\"@type\":\"ListItem\",\"position\":1,\"name\":\"Anasayfa\",\"item\":\"https:\\\/\\\/malatyaarti.com\\\/\"},{\"@type\":\"ListItem\",\"position\":2,\"name\":\"Yaz\u0131l\u0131m \u00c7\u00f6z\u00fcmleri\"}]},{\"@type\":\"WebSite\",\"@id\":\"https:\\\/\\\/malatyaarti.com\\\/#website\",\"url\":\"https:\\\/\\\/malatyaarti.com\\\/\",\"name\":\"Malatya Art\u0131 Bilgisayar \u2013 FortiGate, G\u00fcvenlik Kameras\u0131 ve A\u011f \u00c7\u00f6z\u00fcmleri\",\"description\":\"Malatya&rsquo;da FortiGate Firewall, G&uuml;venlik Kameras\u0131 ve A\u011f &Ccedil;&ouml;z&uuml;mlerinde Profesyonel Hizmet!\",\"publisher\":{\"@id\":\"https:\\\/\\\/malatyaarti.com\\\/#organization\"},\"potentialAction\":[{\"@type\":\"SearchAction\",\"target\":{\"@type\":\"EntryPoint\",\"urlTemplate\":\"https:\\\/\\\/malatyaarti.com\\\/?s={search_term_string}\"},\"query-input\":{\"@type\":\"PropertyValueSpecification\",\"valueRequired\":true,\"valueName\":\"search_term_string\"}}],\"inLanguage\":\"tr\"},{\"@type\":\"Organization\",\"@id\":\"https:\\\/\\\/malatyaarti.com\\\/#organization\",\"name\":\"Malatya Art\u0131 Bilgisayar \u2013 FortiGate, G\u00fcvenlik Kameras\u0131 ve A\u011f \u00c7\u00f6z\u00fcmleri\",\"url\":\"https:\\\/\\\/malatyaarti.com\\\/\",\"logo\":{\"@type\":\"ImageObject\",\"inLanguage\":\"tr\",\"@id\":\"https:\\\/\\\/malatyaarti.com\\\/#\\\/schema\\\/logo\\\/image\\\/\",\"url\":\"https:\\\/\\\/malatyaarti.com\\\/wp-content\\\/uploads\\\/2025\\\/03\\\/malatya-arti-bilgisayar-fortigate-firewall-guvelik-kamerasi-sunucu-server.webp\",\"contentUrl\":\"https:\\\/\\\/malatyaarti.com\\\/wp-content\\\/uploads\\\/2025\\\/03\\\/malatya-arti-bilgisayar-fortigate-firewall-guvelik-kamerasi-sunucu-server.webp\",\"width\":700,\"height\":700,\"caption\":\"Malatya Art\u0131 Bilgisayar \u2013 FortiGate, G\u00fcvenlik Kameras\u0131 ve A\u011f \u00c7\u00f6z\u00fcmleri\"},\"image\":{\"@id\":\"https:\\\/\\\/malatyaarti.com\\\/#\\\/schema\\\/logo\\\/image\\\/\"},\"sameAs\":[\"https:\\\/\\\/www.facebook.com\\\/malatyaarti\"]}]}<\/script>\n<!-- \/ Yoast SEO plugin. -->","yoast_head_json":{"title":"Malatya Art\u0131 Bilgisayar &ndash; FortiGate, G&uuml;venlik Kameras\u0131 ve A\u011f &Ccedil;&ouml;z&uuml;mleri","description":"Malatya Art\u0131 Bilgisayar Profesyonel g\u00fcvenlik ve bili\u015fim \u00e7\u00f6z\u00fcmleri ,Kablolamadan dijital ihtiya\u00e7lar\u0131n\u0131za kadar g\u00fcvenilir hizmetler sa\u011fl\u0131yoruz.","robots":{"index":"index","follow":"follow","max-snippet":"max-snippet:-1","max-image-preview":"max-image-preview:large","max-video-preview":"max-video-preview:-1"},"canonical":"https:\/\/malatyaarti.com\/index.php\/yazilim-cozumleri\/","og_locale":"tr_TR","og_type":"article","og_title":"Malatya Art\u0131 Bilgisayar &ndash; FortiGate, G&uuml;venlik Kameras\u0131 ve A\u011f &Ccedil;&ouml;z&uuml;mleri","og_description":"Malatya Art\u0131 Bilgisayar Profesyonel g\u00fcvenlik ve bili\u015fim \u00e7\u00f6z\u00fcmleri ,Kablolamadan dijital ihtiya\u00e7lar\u0131n\u0131za kadar g\u00fcvenilir hizmetler sa\u011fl\u0131yoruz.","og_url":"https:\/\/malatyaarti.com\/index.php\/yazilim-cozumleri\/","og_site_name":"Malatya Art\u0131 Bilgisayar &ndash; FortiGate, G&uuml;venlik Kameras\u0131 ve A\u011f &Ccedil;&ouml;z&uuml;mleri","article_publisher":"https:\/\/www.facebook.com\/malatyaarti","article_modified_time":"2024-08-15T06:33:19+00:00","og_image":[{"url":"https:\/\/malatyaarti.com\/wp-content\/uploads\/2023\/12\/futuristic-smart-city-with-5g-global-network-technology-768x512.jpg","type":"","width":"","height":""}],"twitter_card":"summary_large_image","twitter_misc":{"Tahmini okuma s\u00fcresi":"1 dakika"},"schema":{"@context":"https:\/\/schema.org","@graph":[{"@type":"WebPage","@id":"https:\/\/malatyaarti.com\/index.php\/yazilim-cozumleri\/","url":"https:\/\/malatyaarti.com\/index.php\/yazilim-cozumleri\/","name":"Malatya Art\u0131 Bilgisayar &ndash; FortiGate, G&uuml;venlik Kameras\u0131 ve A\u011f &Ccedil;&ouml;z&uuml;mleri","isPartOf":{"@id":"https:\/\/malatyaarti.com\/#website"},"primaryImageOfPage":{"@id":"https:\/\/malatyaarti.com\/index.php\/yazilim-cozumleri\/#primaryimage"},"image":{"@id":"https:\/\/malatyaarti.com\/index.php\/yazilim-cozumleri\/#primaryimage"},"thumbnailUrl":"https:\/\/malatyaarti.com\/wp-content\/uploads\/2023\/12\/futuristic-smart-city-with-5g-global-network-technology-768x512.jpg","datePublished":"2023-12-20T10:25:42+00:00","dateModified":"2024-08-15T06:33:19+00:00","description":"Malatya Art\u0131 Bilgisayar Profesyonel g\u00fcvenlik ve bili\u015fim \u00e7\u00f6z\u00fcmleri ,Kablolamadan dijital ihtiya\u00e7lar\u0131n\u0131za kadar g\u00fcvenilir hizmetler sa\u011fl\u0131yoruz.","breadcrumb":{"@id":"https:\/\/malatyaarti.com\/index.php\/yazilim-cozumleri\/#breadcrumb"},"inLanguage":"tr","potentialAction":[{"@type":"ReadAction","target":["https:\/\/malatyaarti.com\/index.php\/yazilim-cozumleri\/"]}]},{"@type":"ImageObject","inLanguage":"tr","@id":"https:\/\/malatyaarti.com\/index.php\/yazilim-cozumleri\/#primaryimage","url":"https:\/\/malatyaarti.com\/wp-content\/uploads\/2023\/12\/futuristic-smart-city-with-5g-global-network-technology-scaled.jpg","contentUrl":"https:\/\/malatyaarti.com\/wp-content\/uploads\/2023\/12\/futuristic-smart-city-with-5g-global-network-technology-scaled.jpg","width":2560,"height":1706,"caption":"Futuristic smart city with 5G global network technology"},{"@type":"BreadcrumbList","@id":"https:\/\/malatyaarti.com\/index.php\/yazilim-cozumleri\/#breadcrumb","itemListElement":[{"@type":"ListItem","position":1,"name":"Anasayfa","item":"https:\/\/malatyaarti.com\/"},{"@type":"ListItem","position":2,"name":"Yaz\u0131l\u0131m \u00c7\u00f6z\u00fcmleri"}]},{"@type":"WebSite","@id":"https:\/\/malatyaarti.com\/#website","url":"https:\/\/malatyaarti.com\/","name":"Malatya Art\u0131 Bilgisayar \u2013 FortiGate, G\u00fcvenlik Kameras\u0131 ve A\u011f \u00c7\u00f6z\u00fcmleri","description":"Malatya&rsquo;da FortiGate Firewall, G&uuml;venlik Kameras\u0131 ve A\u011f &Ccedil;&ouml;z&uuml;mlerinde Profesyonel Hizmet!","publisher":{"@id":"https:\/\/malatyaarti.com\/#organization"},"potentialAction":[{"@type":"SearchAction","target":{"@type":"EntryPoint","urlTemplate":"https:\/\/malatyaarti.com\/?s={search_term_string}"},"query-input":{"@type":"PropertyValueSpecification","valueRequired":true,"valueName":"search_term_string"}}],"inLanguage":"tr"},{"@type":"Organization","@id":"https:\/\/malatyaarti.com\/#organization","name":"Malatya Art\u0131 Bilgisayar \u2013 FortiGate, G\u00fcvenlik Kameras\u0131 ve A\u011f \u00c7\u00f6z\u00fcmleri","url":"https:\/\/malatyaarti.com\/","logo":{"@type":"ImageObject","inLanguage":"tr","@id":"https:\/\/malatyaarti.com\/#\/schema\/logo\/image\/","url":"https:\/\/malatyaarti.com\/wp-content\/uploads\/2025\/03\/malatya-arti-bilgisayar-fortigate-firewall-guvelik-kamerasi-sunucu-server.webp","contentUrl":"https:\/\/malatyaarti.com\/wp-content\/uploads\/2025\/03\/malatya-arti-bilgisayar-fortigate-firewall-guvelik-kamerasi-sunucu-server.webp","width":700,"height":700,"caption":"Malatya Art\u0131 Bilgisayar \u2013 FortiGate, G\u00fcvenlik Kameras\u0131 ve A\u011f \u00c7\u00f6z\u00fcmleri"},"image":{"@id":"https:\/\/malatyaarti.com\/#\/schema\/logo\/image\/"},"sameAs":["https:\/\/www.facebook.com\/malatyaarti"]}]}},"_links":{"self":[{"href":"https:\/\/malatyaarti.com\/index.php\/wp-json\/wp\/v2\/pages\/15670","targetHints":{"allow":["GET"]}}],"collection":[{"href":"https:\/\/malatyaarti.com\/index.php\/wp-json\/wp\/v2\/pages"}],"about":[{"href":"https:\/\/malatyaarti.com\/index.php\/wp-json\/wp\/v2\/types\/page"}],"author":[{"embeddable":true,"href":"https:\/\/malatyaarti.com\/index.php\/wp-json\/wp\/v2\/users\/1"}],"replies":[{"embeddable":true,"href":"https:\/\/malatyaarti.com\/index.php\/wp-json\/wp\/v2\/comments?post=15670"}],"version-history":[{"count":4,"href":"https:\/\/malatyaarti.com\/index.php\/wp-json\/wp\/v2\/pages\/15670\/revisions"}],"predecessor-version":[{"id":16240,"href":"https:\/\/malatyaarti.com\/index.php\/wp-json\/wp\/v2\/pages\/15670\/revisions\/16240"}],"wp:attachment":[{"href":"https:\/\/malatyaarti.com\/index.php\/wp-json\/wp\/v2\/media?parent=15670"}],"curies":[{"name":"wp","href":"https:\/\/api.w.org\/{rel}","templated":true}]}}