{"id":15667,"date":"2023-12-20T10:25:10","date_gmt":"2023-12-20T10:25:10","guid":{"rendered":"https:\/\/malatyaarti.com\/?page_id=15667"},"modified":"2024-08-15T06:33:01","modified_gmt":"2024-08-15T06:33:01","slug":"teknik-servis-cozumleri","status":"publish","type":"page","link":"https:\/\/malatyaarti.com\/index.php\/teknik-servis-cozumleri\/","title":{"rendered":"Teknik Servis \u00c7\u00f6z\u00fcmleri"},"content":{"rendered":"\t\t<div data-elementor-type=\"wp-page\" data-elementor-id=\"15667\" class=\"elementor elementor-15667\">\n\t\t\t\t<div class=\"elementor-element elementor-element-3ce6736 e-con-full e-flex wpr-particle-no wpr-jarallax-no wpr-parallax-no wpr-sticky-section-no wpr-equal-height-no e-con e-parent\" data-id=\"3ce6736\" data-element_type=\"container\" data-e-type=\"container\" data-settings=\"{&quot;background_background&quot;:&quot;classic&quot;}\">\n\t\t\t\t<div class=\"elementor-element elementor-element-0cac0bf wpr-flip-pagination-after elementor-widget elementor-widget-wpr-flip-carousel\" data-id=\"0cac0bf\" data-element_type=\"widget\" data-e-type=\"widget\" data-widget_type=\"wpr-flip-carousel.default\">\n\t\t\t\t<div class=\"elementor-widget-container\">\n\t\t\t\t\t<div class=\"wpr-flip-carousel-wrapper\"><div class=\"wpr-flip-carousel\" data-settings=\"{&quot;starts_from_center&quot;:&quot;yes&quot;,&quot;carousel_type&quot;:&quot;coverflow&quot;,&quot;loop&quot;:&quot;yes&quot;,&quot;autoplay&quot;:false,&quot;autoplay_milliseconds&quot;:0,&quot;pause_on_hover&quot;:false,&quot;play_on_click&quot;:&quot;yes&quot;,&quot;play_on_scroll&quot;:&quot;yes&quot;,&quot;pagination_position&quot;:&quot;after&quot;,&quot;spacing&quot;:-0.6,&quot;button_prev&quot;:&quot;&quot;,&quot;button_next&quot;:&quot;&quot;,&quot;pagination_bg_color_hover&quot;:&quot;#605BE5&quot;}\"><ul class=\"wpr-flip-items-wrapper\"><li class=\"wpr-flip-item\" data-flip-title=\"\"><figure><img decoding=\"async\" alt=\"\" src=\"https:\/\/malatyaarti.com\/wp-content\/uploads\/2023\/12\/pexels-willquezada-11679115-768x512.jpg\" \/><\/figure><\/li><li class=\"wpr-flip-item\" data-flip-title=\"\"><figure><img decoding=\"async\" alt=\"\" src=\"https:\/\/malatyaarti.com\/wp-content\/uploads\/2023\/12\/pexels-anete-lusina-4792719-768x513.jpg\" \/><\/figure><\/li><li class=\"wpr-flip-item\" data-flip-title=\"\"><figure><img decoding=\"async\" alt=\"\" src=\"https:\/\/malatyaarti.com\/wp-content\/uploads\/2023\/12\/pexels-athena-2582931-768x512.jpg\" \/><\/figure><\/li><li class=\"wpr-flip-item\" data-flip-title=\"\"><figure><img decoding=\"async\" alt=\"\" src=\"https:\/\/malatyaarti.com\/wp-content\/uploads\/2023\/12\/pexels-miguel-a-padrinan-3520694-768x511.jpg\" \/><\/figure><\/li><\/ul><\/div><\/div>\t\t\t\t<\/div>\n\t\t\t\t<\/div>\n\t\t<div class=\"wd-negative-gap elementor-element elementor-element-f548bbe e-flex e-con-boxed wpr-particle-no wpr-jarallax-no wpr-parallax-no wpr-sticky-section-no wpr-equal-height-no e-con e-child\" data-id=\"f548bbe\" data-element_type=\"container\" data-e-type=\"container\">\n\t\t\t\t\t<div class=\"e-con-inner\">\n\t\t\t\t<div class=\"elementor-element elementor-element-e6b6c03 elementor-widget elementor-widget-wd_text_block\" data-id=\"e6b6c03\" data-element_type=\"widget\" data-e-type=\"widget\" data-widget_type=\"wd_text_block.default\">\n\t\t\t\t<div class=\"elementor-widget-container\">\n\t\t\t\t\t\t\t<div class=\"wd-text-block reset-last-child text-left\">\n\t\t\t\n\t\t\t<pre><span style=\"color: #ff0000;\"><strong>Kurumsal IT Destek ve Bilgisayar Bak\u0131m<\/strong><\/span><br \/><br \/><span style=\"color: #000000;\">Kurumsal IT destek ile m\u00fc\u015fterilerimize profesyonel hizmet vermeye devam ediyoruz. Sekt\u00f6r i\u00e7erisinde bulunan firmalar aras\u0131ndan kendimizi, profesyonelli\u011fimiz ile \u00f6n plana \u00e7\u0131kart\u0131yoruz. Uzman destek kadromuz ile bilgisayarlar\u0131n\u0131zdaki sorunlar\u0131 ortadan kald\u0131r\u0131yor ve tekrar meydana geldi\u011finde sizlerin yan\u0131nda oluyoruz. Bilgisayarlar\u0131n ihtiya\u00e7 duydu\u011fu b\u00fct\u00fcn bak\u0131m hizmetini sizlerin yan\u0131nda sa\u011fl\u0131yoruz.<\/span><br \/><br \/><span style=\"color: #000000;\">Sorunlara h\u0131zl\u0131 bir \u015fekilde \u00e7\u00f6z\u00fcm bulan ekip arkada\u015flar\u0131m\u0131z bunu IT Destek ile sa\u011fl\u0131yor 7 g\u00fcn 24 saat boyunca bizlerden bu hizmeti temin edebiliriniz. Hizmeti, alan\u0131nda profesyonel olan ekip arkada\u015flar\u0131m\u0131z taraf\u0131ndan yap\u0131lmaktad\u0131r. Yap\u0131lm\u0131\u015f olan anla\u015fma kapsam\u0131nda sizlere 7 g\u00fcn 24 saat boyunca hizmet veriyoruz. Verdi\u011fimiz hizmet i\u00e7erisinde fiziksel bilgisayar temizli\u011fi, yedekleme hizmeti, g\u00fcvenlik hizmeti gibi, pek \u00e7ok hizmeti sizlere sunmaktad\u0131r.<\/span><br \/><br \/><span style=\"color: #000000;\">Hizmetimizin ve kurumsal y\u0131ll\u0131k server teknik servis \u00fccretini merak ediyor olabilirsiniz. Ancak fiyatlar\u0131m\u0131z hakk\u0131nda detayl\u0131 bilgi i\u00e7in bizlere ula\u015fman\u0131z gerekiyor. Fiyatlar\u0131m\u0131z, sekt\u00f6r i\u00e7erisine k\u0131yasla son derece uygun oldu\u011funu belirtebiliriz. Fiyatlar, \u00e7e\u015fitli etmenlere ba\u011fl\u0131 olarak de\u011fi\u015fece\u011fi i\u00e7in, m\u00fc\u015fterilerimizin bilgisayarlar\u0131na g\u00f6re \u00e7e\u015fitli ayarlamalar ve fiyatland\u0131rmalar yap\u0131lmaktad\u0131r.<\/span><br \/><br \/><span style=\"color: #000000;\">IT Destek Bak\u0131m Anla\u015fmas\u0131 Hakk\u0131nda<\/span><br \/><br \/><span style=\"color: #000000;\">Bir firmada y\u00f6netici konumunda \u00e7al\u0131\u015f\u0131yorsan\u0131z ve alt\u0131n\u0131zda \u00e7ok fazla elektronik cihaz bar\u0131nd\u0131r\u0131yorsa, sorumluluklar\u0131n\u0131z\u0131n \u00e7ok fazla oldu\u011funu belirtebiliriz. Sistem i\u00e7erisinde meydana gelen bu ar\u0131zalanmalar i\u00e7in, \u00e7e\u015fitli bilgisayar tamircisi \u00e7a\u011f\u0131rabilirsiniz. Ancak bu tamircilerin sizlere sunmu\u015f oldu\u011fu hizmet ve fiyatlar sizi memnun etmeyebilir. Alaca\u011f\u0131n\u0131z hizmetleri Kurumsal IT bak\u0131m anla\u015fmas\u0131 ile teminat alt\u0131na almak istemez misiniz? Bizce kesinlikle istersiniz! Ar\u0131zalar zaman zaman olduk\u00e7a maliyetli olabilir. Bizler de bunun bilincinde olarak m\u00fc\u015fterilerimize en uygun fiyatlarda hizmet verdi\u011fimizi s\u00f6ylemek istiyoruz. Vermi\u015f oldu\u011fumuz hizmetler, sekt\u00f6r i\u00e7erisinde en uygun fiyatlara sahiptir. Sizler de bu uygun fiyatl\u0131 hizmeti, anla\u015fma ve s\u00f6zle\u015fme ile teminat alt\u0131na alabilirsiniz.<\/span><br \/><br \/><span style=\"color: #000000;\">Ancak \u015funu belirtebiliriz. Fiyatlar a\u015fa\u011f\u0131daki etmenlere ba\u011fl\u0131 olarak de\u011fi\u015fiyor:<\/span><br \/><br \/><span style=\"color: #000000;\">- Firmada olan bilgisayarlar\u0131n say\u0131s\u0131<\/span><br \/><br \/><span style=\"color: #000000;\">- Bulunan sunucular\u0131n say\u0131s\u0131<\/span><br \/><br \/><span style=\"color: #000000;\">- Yaz\u0131lar, taray\u0131c\u0131lar, fax makineleri, laptop vb. ara\u00e7lar<\/span><br \/><br \/><span style=\"color: #000000;\">Bunlar\u0131n d\u0131\u015f\u0131nda, incelenen sistemler, ekip arkada\u015flar\u0131m\u0131z taraf\u0131ndan de\u011ferlenme al\u0131na al\u0131n\u0131yor. Bu \u015fekilde fiyatlar belirlenmektedir. E\u015fyalar\u0131n\u0131z\u0131 ve elektronik cihazlar\u0131n\u0131z\u0131 hi\u00e7bir \u015fekilde yerinden kald\u0131rmadan tamir ediyor ve sonuca ula\u015ft\u0131r\u0131yoruz. Yapm\u0131\u015f oldu\u011fumuz anla\u015fma sonucunda, olu\u015fabilecek ya da olu\u015fan hatalar\u0131 da belirliyoruz. Bu \u015fekilde sizleri maddi bir zarardan kurtar\u0131yoruz. Bu da i\u015f hayat\u0131n\u0131zda ya\u015fanabilecek olumsuzluklar\u0131n \u00f6n\u00fcne ge\u00e7menizi sa\u011flamaktad\u0131r. \u0130\u015f kayb\u0131na u\u011framamak ve en uygun fiyatlardan hizmet almak i\u00e7in bizimle ileti\u015fime ge\u00e7in! Ekip arkada\u015flar\u0131m\u0131zla beraber ayr\u0131nt\u0131l\u0131 hizmet alabilirsiniz!<\/span><br \/><br \/><span style=\"color: #000000;\">IT Hizmet \u0130\u00e7erisinde Hangi Hizmetler Bulunuyor?<\/span><br \/><br \/><span style=\"color: #000000;\">IT Destek i\u00e7erisinde hangi hizmetlerin oldu\u011funu merak ediyor olabilirsiniz. Bizler de bu noktada sizlere merak edilenleri a\u00e7\u0131kl\u0131yoruz. IT Destek hizmeti ald\u0131\u011f\u0131n\u0131zda asl\u0131nda \u015fu hizmeti alm\u0131\u015f oluyorsunuz:<\/span><br \/><br \/><span style=\"color: #000000;\">- Kurumsal e-mail hizmeti<\/span><br \/><br \/><span style=\"color: #000000;\">- E-posta kurulum hizmeti<\/span><br \/><br \/><span style=\"color: #000000;\">- Y\u00fcksek kapasiteli olan hosting\u2019ler<\/span><br \/><br \/><span style=\"color: #000000;\">- B\u00fct\u00fcn bilgisayarlar i\u00e7in hem bak\u0131m hem de ar\u0131za onar\u0131m\u0131<\/span><br \/><br \/><span style=\"color: #000000;\">- Otomatik yedekleme<\/span><br \/><br \/><span style=\"color: #000000;\">- Bilgisayarlar\u0131n g\u00fcvenli\u011finin sa\u011flanmas\u0131 (Veri g\u00fcvenli\u011fi)<\/span><br \/><br \/><span style=\"color: #000000;\">- Siber sald\u0131r\u0131lara kar\u015f\u0131 koruma hizmeti<\/span><br \/><br \/><span style=\"color: #000000;\">- Teknik destek i\u015flemleri<\/span><br \/><br \/><span style=\"color: #000000;\">- Bilgisayar sistemlerinin kurulumu ve teknik destek (Windows 10 vb)<\/span><br \/><br \/><span style=\"color: #000000;\">Belirtilen bu hizmetler, sizlere en uygun fiyatlardan sunulmaktad\u0131r. Bak\u0131m anla\u015fmas\u0131 imzalad\u0131\u011f\u0131n\u0131zda, s\u00fcre bitene kadar bilgisayarlar\u0131n\u0131z, firmam\u0131z taraf\u0131ndan g\u00fcvence alt\u0131na al\u0131nmaktad\u0131r. \u00c7e\u015fitli projeleriniz ve bak\u0131m hizmetleriniz i\u00e7in bizleri arayabilirsiniz! Bizler i\u00e7in b\u00fct\u00fcn bilgisayarlar \u00f6nemlidir. Ancak firmam\u0131z ile IT Destek anla\u015fmas\u0131 ve kurumsal bilgisayar bak\u0131m anla\u015fmas\u0131 imzalayan firmalar \u00e7ok daha \u00f6ndedir. Bu \u015fekilde, daha \u00f6ncelikli hizmet temin edebilirsiniz. \u0130\u015flemlerimiz, profesyonel \u00e7al\u0131\u015fma arkada\u015flar\u0131 taraf\u0131ndan yap\u0131lmaktad\u0131r. S\u00f6zle\u015fme kapsam\u0131 i\u00e7erisinde, yukar\u0131da belirtti\u011fimiz ve daha fazlas\u0131 olan hizmetleri sat\u0131n alabilirsiniz.<\/span><br \/><br \/><\/pre>\n\t\t\t\t\t<\/div>\n\t\t\t\t\t\t<\/div>\n\t\t\t\t<\/div>\n\t\t\t\t\t<\/div>\n\t\t\t\t<\/div>\n\t\t\t\t<\/div>\n\t\t\t\t<\/div>\n\t\t","protected":false},"excerpt":{"rendered":"<p>Kurumsal IT Destek ve Bilgisayar Bak\u0131mKurumsal IT destek ile m\u00fc\u015fterilerimize profesyonel hizmet vermeye devam ediyoruz. Sekt\u00f6r i\u00e7erisinde bulunan firmalar aras\u0131ndan<\/p>\n","protected":false},"author":1,"featured_media":0,"parent":0,"menu_order":0,"comment_status":"closed","ping_status":"closed","template":"","meta":{"footnotes":""},"class_list":["post-15667","page","type-page","status-publish","hentry"],"yoast_head":"<!-- This site is optimized with the Yoast SEO plugin v27.4 - https:\/\/yoast.com\/product\/yoast-seo-wordpress\/ -->\n<title>Malatya Art\u0131 Bilgisayar &ndash; FortiGate, G&uuml;venlik Kameras\u0131 ve A\u011f &Ccedil;&ouml;z&uuml;mleri<\/title>\n<meta name=\"description\" content=\"Malatya Art\u0131 Bilgisayar Profesyonel g\u00fcvenlik ve bili\u015fim \u00e7\u00f6z\u00fcmleri ,Kablolamadan dijital ihtiya\u00e7lar\u0131n\u0131za kadar g\u00fcvenilir hizmetler sa\u011fl\u0131yoruz.\" \/>\n<meta name=\"robots\" content=\"index, follow, max-snippet:-1, max-image-preview:large, max-video-preview:-1\" \/>\n<link rel=\"canonical\" href=\"https:\/\/malatyaarti.com\/index.php\/teknik-servis-cozumleri\/\" \/>\n<meta property=\"og:locale\" content=\"tr_TR\" \/>\n<meta property=\"og:type\" content=\"article\" \/>\n<meta property=\"og:title\" content=\"Malatya Art\u0131 Bilgisayar &ndash; FortiGate, G&uuml;venlik Kameras\u0131 ve A\u011f &Ccedil;&ouml;z&uuml;mleri\" \/>\n<meta property=\"og:description\" content=\"Malatya Art\u0131 Bilgisayar Profesyonel g\u00fcvenlik ve bili\u015fim \u00e7\u00f6z\u00fcmleri ,Kablolamadan dijital ihtiya\u00e7lar\u0131n\u0131za kadar g\u00fcvenilir hizmetler sa\u011fl\u0131yoruz.\" \/>\n<meta property=\"og:url\" content=\"https:\/\/malatyaarti.com\/index.php\/teknik-servis-cozumleri\/\" \/>\n<meta property=\"og:site_name\" content=\"Malatya Art\u0131 Bilgisayar &ndash; FortiGate, G&uuml;venlik Kameras\u0131 ve A\u011f &Ccedil;&ouml;z&uuml;mleri\" \/>\n<meta property=\"article:publisher\" content=\"https:\/\/www.facebook.com\/malatyaarti\" \/>\n<meta property=\"article:modified_time\" content=\"2024-08-15T06:33:01+00:00\" \/>\n<meta property=\"og:image\" content=\"https:\/\/malatyaarti.com\/wp-content\/uploads\/2023\/12\/pexels-willquezada-11679115-768x512.jpg\" \/>\n<meta name=\"twitter:card\" content=\"summary_large_image\" \/>\n<meta name=\"twitter:label1\" content=\"Tahmini okuma s\u00fcresi\" \/>\n\t<meta name=\"twitter:data1\" content=\"1 dakika\" \/>\n<script type=\"application\/ld+json\" class=\"yoast-schema-graph\">{\"@context\":\"https:\\\/\\\/schema.org\",\"@graph\":[{\"@type\":\"WebPage\",\"@id\":\"https:\\\/\\\/malatyaarti.com\\\/index.php\\\/teknik-servis-cozumleri\\\/\",\"url\":\"https:\\\/\\\/malatyaarti.com\\\/index.php\\\/teknik-servis-cozumleri\\\/\",\"name\":\"Malatya Art\u0131 Bilgisayar &ndash; FortiGate, G&uuml;venlik Kameras\u0131 ve A\u011f &Ccedil;&ouml;z&uuml;mleri\",\"isPartOf\":{\"@id\":\"https:\\\/\\\/malatyaarti.com\\\/#website\"},\"primaryImageOfPage\":{\"@id\":\"https:\\\/\\\/malatyaarti.com\\\/index.php\\\/teknik-servis-cozumleri\\\/#primaryimage\"},\"image\":{\"@id\":\"https:\\\/\\\/malatyaarti.com\\\/index.php\\\/teknik-servis-cozumleri\\\/#primaryimage\"},\"thumbnailUrl\":\"https:\\\/\\\/malatyaarti.com\\\/wp-content\\\/uploads\\\/2023\\\/12\\\/pexels-willquezada-11679115-768x512.jpg\",\"datePublished\":\"2023-12-20T10:25:10+00:00\",\"dateModified\":\"2024-08-15T06:33:01+00:00\",\"description\":\"Malatya Art\u0131 Bilgisayar Profesyonel g\u00fcvenlik ve bili\u015fim \u00e7\u00f6z\u00fcmleri ,Kablolamadan dijital ihtiya\u00e7lar\u0131n\u0131za kadar g\u00fcvenilir hizmetler sa\u011fl\u0131yoruz.\",\"breadcrumb\":{\"@id\":\"https:\\\/\\\/malatyaarti.com\\\/index.php\\\/teknik-servis-cozumleri\\\/#breadcrumb\"},\"inLanguage\":\"tr\",\"potentialAction\":[{\"@type\":\"ReadAction\",\"target\":[\"https:\\\/\\\/malatyaarti.com\\\/index.php\\\/teknik-servis-cozumleri\\\/\"]}]},{\"@type\":\"ImageObject\",\"inLanguage\":\"tr\",\"@id\":\"https:\\\/\\\/malatyaarti.com\\\/index.php\\\/teknik-servis-cozumleri\\\/#primaryimage\",\"url\":\"https:\\\/\\\/malatyaarti.com\\\/wp-content\\\/uploads\\\/2023\\\/12\\\/pexels-willquezada-11679115-scaled.jpg\",\"contentUrl\":\"https:\\\/\\\/malatyaarti.com\\\/wp-content\\\/uploads\\\/2023\\\/12\\\/pexels-willquezada-11679115-scaled.jpg\",\"width\":2560,\"height\":1707},{\"@type\":\"BreadcrumbList\",\"@id\":\"https:\\\/\\\/malatyaarti.com\\\/index.php\\\/teknik-servis-cozumleri\\\/#breadcrumb\",\"itemListElement\":[{\"@type\":\"ListItem\",\"position\":1,\"name\":\"Anasayfa\",\"item\":\"https:\\\/\\\/malatyaarti.com\\\/\"},{\"@type\":\"ListItem\",\"position\":2,\"name\":\"Teknik Servis \u00c7\u00f6z\u00fcmleri\"}]},{\"@type\":\"WebSite\",\"@id\":\"https:\\\/\\\/malatyaarti.com\\\/#website\",\"url\":\"https:\\\/\\\/malatyaarti.com\\\/\",\"name\":\"Malatya Art\u0131 Bilgisayar \u2013 FortiGate, G\u00fcvenlik Kameras\u0131 ve A\u011f \u00c7\u00f6z\u00fcmleri\",\"description\":\"Malatya&rsquo;da FortiGate Firewall, G&uuml;venlik Kameras\u0131 ve A\u011f &Ccedil;&ouml;z&uuml;mlerinde Profesyonel Hizmet!\",\"publisher\":{\"@id\":\"https:\\\/\\\/malatyaarti.com\\\/#organization\"},\"potentialAction\":[{\"@type\":\"SearchAction\",\"target\":{\"@type\":\"EntryPoint\",\"urlTemplate\":\"https:\\\/\\\/malatyaarti.com\\\/?s={search_term_string}\"},\"query-input\":{\"@type\":\"PropertyValueSpecification\",\"valueRequired\":true,\"valueName\":\"search_term_string\"}}],\"inLanguage\":\"tr\"},{\"@type\":\"Organization\",\"@id\":\"https:\\\/\\\/malatyaarti.com\\\/#organization\",\"name\":\"Malatya Art\u0131 Bilgisayar \u2013 FortiGate, G\u00fcvenlik Kameras\u0131 ve A\u011f \u00c7\u00f6z\u00fcmleri\",\"url\":\"https:\\\/\\\/malatyaarti.com\\\/\",\"logo\":{\"@type\":\"ImageObject\",\"inLanguage\":\"tr\",\"@id\":\"https:\\\/\\\/malatyaarti.com\\\/#\\\/schema\\\/logo\\\/image\\\/\",\"url\":\"https:\\\/\\\/malatyaarti.com\\\/wp-content\\\/uploads\\\/2025\\\/03\\\/malatya-arti-bilgisayar-fortigate-firewall-guvelik-kamerasi-sunucu-server.webp\",\"contentUrl\":\"https:\\\/\\\/malatyaarti.com\\\/wp-content\\\/uploads\\\/2025\\\/03\\\/malatya-arti-bilgisayar-fortigate-firewall-guvelik-kamerasi-sunucu-server.webp\",\"width\":700,\"height\":700,\"caption\":\"Malatya Art\u0131 Bilgisayar \u2013 FortiGate, G\u00fcvenlik Kameras\u0131 ve A\u011f \u00c7\u00f6z\u00fcmleri\"},\"image\":{\"@id\":\"https:\\\/\\\/malatyaarti.com\\\/#\\\/schema\\\/logo\\\/image\\\/\"},\"sameAs\":[\"https:\\\/\\\/www.facebook.com\\\/malatyaarti\"]}]}<\/script>\n<!-- \/ Yoast SEO plugin. -->","yoast_head_json":{"title":"Malatya Art\u0131 Bilgisayar &ndash; FortiGate, G&uuml;venlik Kameras\u0131 ve A\u011f &Ccedil;&ouml;z&uuml;mleri","description":"Malatya Art\u0131 Bilgisayar Profesyonel g\u00fcvenlik ve bili\u015fim \u00e7\u00f6z\u00fcmleri ,Kablolamadan dijital ihtiya\u00e7lar\u0131n\u0131za kadar g\u00fcvenilir hizmetler sa\u011fl\u0131yoruz.","robots":{"index":"index","follow":"follow","max-snippet":"max-snippet:-1","max-image-preview":"max-image-preview:large","max-video-preview":"max-video-preview:-1"},"canonical":"https:\/\/malatyaarti.com\/index.php\/teknik-servis-cozumleri\/","og_locale":"tr_TR","og_type":"article","og_title":"Malatya Art\u0131 Bilgisayar &ndash; FortiGate, G&uuml;venlik Kameras\u0131 ve A\u011f &Ccedil;&ouml;z&uuml;mleri","og_description":"Malatya Art\u0131 Bilgisayar Profesyonel g\u00fcvenlik ve bili\u015fim \u00e7\u00f6z\u00fcmleri ,Kablolamadan dijital ihtiya\u00e7lar\u0131n\u0131za kadar g\u00fcvenilir hizmetler sa\u011fl\u0131yoruz.","og_url":"https:\/\/malatyaarti.com\/index.php\/teknik-servis-cozumleri\/","og_site_name":"Malatya Art\u0131 Bilgisayar &ndash; FortiGate, G&uuml;venlik Kameras\u0131 ve A\u011f &Ccedil;&ouml;z&uuml;mleri","article_publisher":"https:\/\/www.facebook.com\/malatyaarti","article_modified_time":"2024-08-15T06:33:01+00:00","og_image":[{"url":"https:\/\/malatyaarti.com\/wp-content\/uploads\/2023\/12\/pexels-willquezada-11679115-768x512.jpg","type":"","width":"","height":""}],"twitter_card":"summary_large_image","twitter_misc":{"Tahmini okuma s\u00fcresi":"1 dakika"},"schema":{"@context":"https:\/\/schema.org","@graph":[{"@type":"WebPage","@id":"https:\/\/malatyaarti.com\/index.php\/teknik-servis-cozumleri\/","url":"https:\/\/malatyaarti.com\/index.php\/teknik-servis-cozumleri\/","name":"Malatya Art\u0131 Bilgisayar &ndash; FortiGate, G&uuml;venlik Kameras\u0131 ve A\u011f &Ccedil;&ouml;z&uuml;mleri","isPartOf":{"@id":"https:\/\/malatyaarti.com\/#website"},"primaryImageOfPage":{"@id":"https:\/\/malatyaarti.com\/index.php\/teknik-servis-cozumleri\/#primaryimage"},"image":{"@id":"https:\/\/malatyaarti.com\/index.php\/teknik-servis-cozumleri\/#primaryimage"},"thumbnailUrl":"https:\/\/malatyaarti.com\/wp-content\/uploads\/2023\/12\/pexels-willquezada-11679115-768x512.jpg","datePublished":"2023-12-20T10:25:10+00:00","dateModified":"2024-08-15T06:33:01+00:00","description":"Malatya Art\u0131 Bilgisayar Profesyonel g\u00fcvenlik ve bili\u015fim \u00e7\u00f6z\u00fcmleri ,Kablolamadan dijital ihtiya\u00e7lar\u0131n\u0131za kadar g\u00fcvenilir hizmetler sa\u011fl\u0131yoruz.","breadcrumb":{"@id":"https:\/\/malatyaarti.com\/index.php\/teknik-servis-cozumleri\/#breadcrumb"},"inLanguage":"tr","potentialAction":[{"@type":"ReadAction","target":["https:\/\/malatyaarti.com\/index.php\/teknik-servis-cozumleri\/"]}]},{"@type":"ImageObject","inLanguage":"tr","@id":"https:\/\/malatyaarti.com\/index.php\/teknik-servis-cozumleri\/#primaryimage","url":"https:\/\/malatyaarti.com\/wp-content\/uploads\/2023\/12\/pexels-willquezada-11679115-scaled.jpg","contentUrl":"https:\/\/malatyaarti.com\/wp-content\/uploads\/2023\/12\/pexels-willquezada-11679115-scaled.jpg","width":2560,"height":1707},{"@type":"BreadcrumbList","@id":"https:\/\/malatyaarti.com\/index.php\/teknik-servis-cozumleri\/#breadcrumb","itemListElement":[{"@type":"ListItem","position":1,"name":"Anasayfa","item":"https:\/\/malatyaarti.com\/"},{"@type":"ListItem","position":2,"name":"Teknik Servis \u00c7\u00f6z\u00fcmleri"}]},{"@type":"WebSite","@id":"https:\/\/malatyaarti.com\/#website","url":"https:\/\/malatyaarti.com\/","name":"Malatya Art\u0131 Bilgisayar \u2013 FortiGate, G\u00fcvenlik Kameras\u0131 ve A\u011f \u00c7\u00f6z\u00fcmleri","description":"Malatya&rsquo;da FortiGate Firewall, G&uuml;venlik Kameras\u0131 ve A\u011f &Ccedil;&ouml;z&uuml;mlerinde Profesyonel Hizmet!","publisher":{"@id":"https:\/\/malatyaarti.com\/#organization"},"potentialAction":[{"@type":"SearchAction","target":{"@type":"EntryPoint","urlTemplate":"https:\/\/malatyaarti.com\/?s={search_term_string}"},"query-input":{"@type":"PropertyValueSpecification","valueRequired":true,"valueName":"search_term_string"}}],"inLanguage":"tr"},{"@type":"Organization","@id":"https:\/\/malatyaarti.com\/#organization","name":"Malatya Art\u0131 Bilgisayar \u2013 FortiGate, G\u00fcvenlik Kameras\u0131 ve A\u011f \u00c7\u00f6z\u00fcmleri","url":"https:\/\/malatyaarti.com\/","logo":{"@type":"ImageObject","inLanguage":"tr","@id":"https:\/\/malatyaarti.com\/#\/schema\/logo\/image\/","url":"https:\/\/malatyaarti.com\/wp-content\/uploads\/2025\/03\/malatya-arti-bilgisayar-fortigate-firewall-guvelik-kamerasi-sunucu-server.webp","contentUrl":"https:\/\/malatyaarti.com\/wp-content\/uploads\/2025\/03\/malatya-arti-bilgisayar-fortigate-firewall-guvelik-kamerasi-sunucu-server.webp","width":700,"height":700,"caption":"Malatya Art\u0131 Bilgisayar \u2013 FortiGate, G\u00fcvenlik Kameras\u0131 ve A\u011f \u00c7\u00f6z\u00fcmleri"},"image":{"@id":"https:\/\/malatyaarti.com\/#\/schema\/logo\/image\/"},"sameAs":["https:\/\/www.facebook.com\/malatyaarti"]}]}},"_links":{"self":[{"href":"https:\/\/malatyaarti.com\/index.php\/wp-json\/wp\/v2\/pages\/15667","targetHints":{"allow":["GET"]}}],"collection":[{"href":"https:\/\/malatyaarti.com\/index.php\/wp-json\/wp\/v2\/pages"}],"about":[{"href":"https:\/\/malatyaarti.com\/index.php\/wp-json\/wp\/v2\/types\/page"}],"author":[{"embeddable":true,"href":"https:\/\/malatyaarti.com\/index.php\/wp-json\/wp\/v2\/users\/1"}],"replies":[{"embeddable":true,"href":"https:\/\/malatyaarti.com\/index.php\/wp-json\/wp\/v2\/comments?post=15667"}],"version-history":[{"count":4,"href":"https:\/\/malatyaarti.com\/index.php\/wp-json\/wp\/v2\/pages\/15667\/revisions"}],"predecessor-version":[{"id":16233,"href":"https:\/\/malatyaarti.com\/index.php\/wp-json\/wp\/v2\/pages\/15667\/revisions\/16233"}],"wp:attachment":[{"href":"https:\/\/malatyaarti.com\/index.php\/wp-json\/wp\/v2\/media?parent=15667"}],"curies":[{"name":"wp","href":"https:\/\/api.w.org\/{rel}","templated":true}]}}