{"id":15660,"date":"2023-12-20T10:23:00","date_gmt":"2023-12-20T10:23:00","guid":{"rendered":"https:\/\/malatyaarti.com\/?page_id=15660"},"modified":"2024-08-15T05:58:26","modified_gmt":"2024-08-15T05:58:26","slug":"guvenlik-cozumleri","status":"publish","type":"page","link":"https:\/\/malatyaarti.com\/index.php\/guvenlik-cozumleri\/","title":{"rendered":"G\u00fcvenlik \u00c7\u00f6z\u00fcmleri"},"content":{"rendered":"\t\t<div data-elementor-type=\"wp-page\" data-elementor-id=\"15660\" class=\"elementor elementor-15660\">\n\t\t\t\t<div class=\"elementor-element elementor-element-e5bdf69 e-con-full e-flex wpr-particle-no wpr-jarallax-no wpr-parallax-no wpr-sticky-section-no wpr-equal-height-no e-con e-parent\" data-id=\"e5bdf69\" data-element_type=\"container\" data-e-type=\"container\" data-settings=\"{&quot;background_background&quot;:&quot;classic&quot;}\">\n\t\t\t\t<div class=\"elementor-element elementor-element-d9c01ec wpr-flip-pagination-after elementor-widget elementor-widget-wpr-flip-carousel\" data-id=\"d9c01ec\" data-element_type=\"widget\" data-e-type=\"widget\" data-widget_type=\"wpr-flip-carousel.default\">\n\t\t\t\t<div class=\"elementor-widget-container\">\n\t\t\t\t\t<div class=\"wpr-flip-carousel-wrapper\"><div class=\"wpr-flip-carousel\" data-settings=\"{&quot;starts_from_center&quot;:&quot;yes&quot;,&quot;carousel_type&quot;:&quot;coverflow&quot;,&quot;loop&quot;:&quot;yes&quot;,&quot;autoplay&quot;:false,&quot;autoplay_milliseconds&quot;:0,&quot;pause_on_hover&quot;:false,&quot;play_on_click&quot;:&quot;yes&quot;,&quot;play_on_scroll&quot;:&quot;yes&quot;,&quot;pagination_position&quot;:&quot;after&quot;,&quot;spacing&quot;:-0.6,&quot;button_prev&quot;:&quot;&quot;,&quot;button_next&quot;:&quot;&quot;,&quot;pagination_bg_color_hover&quot;:&quot;#605BE5&quot;}\"><ul class=\"wpr-flip-items-wrapper\"><li class=\"wpr-flip-item\" data-flip-title=\"\"><figure><img decoding=\"async\" alt=\"\" src=\"https:\/\/malatyaarti.com\/wp-content\/uploads\/2023\/12\/cctv-security-camera-768x513.jpg\" \/><\/figure><\/li><li class=\"wpr-flip-item\" data-flip-title=\"\"><figure><img decoding=\"async\" alt=\"\" src=\"https:\/\/malatyaarti.com\/wp-content\/uploads\/2023\/12\/set-security-cameras-768x576.jpg\" \/><\/figure><\/li><li class=\"wpr-flip-item\" data-flip-title=\"\"><figure><img decoding=\"async\" alt=\"\" src=\"https:\/\/malatyaarti.com\/wp-content\/uploads\/2023\/12\/cctv-security-camera-ceiling-768x512.jpg\" \/><\/figure><\/li><li class=\"wpr-flip-item\" data-flip-title=\"\"><figure><a ><img decoding=\"async\" alt=\"\" src=\"https:\/\/malatyaarti.com\/wp-content\/uploads\/2023\/12\/neutron-alarm-1-768x533.png\" \/><\/a><\/figure><\/li><\/ul><\/div><\/div>\t\t\t\t<\/div>\n\t\t\t\t<\/div>\n\t\t\t\t<\/div>\n\t\t<div class=\"wd-negative-gap elementor-element elementor-element-348ff84 e-flex e-con-boxed wpr-particle-no wpr-jarallax-no wpr-parallax-no wpr-sticky-section-no wpr-equal-height-no e-con e-parent\" data-id=\"348ff84\" data-element_type=\"container\" data-e-type=\"container\">\n\t\t\t\t\t<div class=\"e-con-inner\">\n\t\t\t\t<div class=\"elementor-element elementor-element-4199af8 elementor-widget elementor-widget-wd_text_block\" data-id=\"4199af8\" data-element_type=\"widget\" data-e-type=\"widget\" data-widget_type=\"wd_text_block.default\">\n\t\t\t\t<div class=\"elementor-widget-container\">\n\t\t\t\t\t\t\t<div class=\"wd-text-block reset-last-child text-left\">\n\t\t\t\n\t\t\t<pre><span style=\"color: #ff0000;\"><strong>G\u00fcvenlik \u00c7\u00f6z\u00fcmlerimiz;<\/strong><\/span><\/pre><ul><li><span style=\"color: #ff0000;\"><strong>Kamera Sistemleri ile G\u00fcvenlik \u00c7\u00f6z\u00fcmleri<\/strong><\/span><\/li><li><span style=\"color: #ff0000;\"><strong>Alarm Sistemleri<\/strong><\/span><\/li><li><span style=\"color: #ff0000;\"><strong>Yang\u0131n Sistemleri<\/strong><\/span><\/li><\/ul><pre><span style=\"color: #ff0000;\"><strong>Kamera Sistemleri ile G\u00fcvenlik \u00c7\u00f6z\u00fcmleri<\/strong><\/span><\/pre><p><strong>Ba\u015fta Dahua, Neutron, UNV, Uniwiev ve Hikvision olmak \u00fczere sekt\u00f6r\u00fcn en iyileri ile \u00e7\u00f6z\u00fcm ortakl\u0131\u011f\u0131 yap\u0131yoruz.<\/strong><\/p><p>IP Kameralar<\/p><p>Alan g\u00fcvenli\u011finin sa\u011flanmas\u0131nda b\u00fcy\u00fck rol oynayan IP Kameralar, istenilen yerleri uzaktan izlemek ve kay\u0131t alt\u0131na almak i\u00e7in internet veya network ba\u011flant\u0131s\u0131ndan yararlan\u0131larak kablolu veya kablosuz olarak kullan\u0131labilen bir kamera t\u00fcr\u00fcd\u00fcr. IP Kameralar programlanabilme, g\u00f6r\u00fcnt\u00fc kaydedebilme ve alarm-hareket alg\u0131layabilme, gibi bir\u00e7ok \u00f6zelli\u011fe sahiptirler.<\/p><p>Harekete Duyarl\u0131 Kablosuz Kameralar,<\/p><p>GSM, internet gibi ileti\u015fim a\u011flar\u0131n\u0131n veya elektrik ba\u011flant\u0131s\u0131n\u0131n olmad\u0131\u011f\u0131, ula\u015f\u0131lmas\u0131 zor b\u00f6lgeleri izlemeye olanak sa\u011flayan geli\u015fmi\u015f bir g\u00f6r\u00fcnt\u00fcleme arac\u0131d\u0131r. Kamera bir hareket ile tetiklendi\u011finde resim veya video \u00e7eker. Yeterli \u0131\u015f\u0131\u011f\u0131n olmad\u0131\u011f\u0131 durumda infrared fla\u015fl\u0131 siyah beyaz resim \u00e7eker. Infrared fla\u015f tamamen g\u00f6r\u00fcnmezdir ve sessiz \u00e7al\u0131\u015fmaktad\u0131r. Tek bir \u015farj ile 3000\u2019den fazla foto\u011fraf \u00e7ekebilmektedir.<\/p><p>Uzun Menzilli Kameralar,<\/p><p>Geni\u015f a\u00e7\u0131k alanlarda meydana gelen g\u00fcvenlik ihlalleri hakk\u0131nda yapt\u0131klar\u0131 anl\u0131k bildirimle ger\u00e7ek zamanl\u0131, \u00f6nleyici g\u00fcvenlik hizmeti sunarlar. Termal g\u00f6r\u00fcnt\u00fcleyicilerin hassasiyetindeki son ilerlemeler ileri g\u00f6r\u00fcnt\u00fc i\u015fleme ile birle\u015ftirildi\u011finde, termal kameralar\u0131n ya\u011fmur, nem, sis ve parlak g\u00fcne\u015f \u0131\u015f\u0131\u011f\u0131ndan etkilenmeksizin \u00e7ok net g\u00f6r\u00fcnt\u00fc vermesine olanak tan\u0131maktad\u0131r. G\u00f6r\u00fcnt\u00fc i\u015fleme ihlallerin tespitini r\u00fczg\u00e2rdan ve k\u00fc\u00e7\u00fck hayvanlardan etkilenmeksizin y\u00fcksek do\u011frulukla yapmaktad\u0131r.<\/p><p>Termal Kameralar,<\/p><p>Objelerden yay\u0131lan termal enerjiyi \u00f6l\u00e7meye yarayan lenslerden ve alg\u0131lay\u0131c\u0131lardan olu\u015fmaktad\u0131r. Bu y\u00fcksek teknoloji cihazlar, k\u0131z\u0131l\u00f6tesi dalga boyu spektrumunda, ekipmanla do\u011frudan temas ger\u00e7ekle\u015ftirmeksizin s\u0131cakl\u0131k modellerini alg\u0131layan bir cihazd\u0131r. \u00d6zellikle \u0131s\u0131ya g\u00fcd\u00fcml\u00fc f\u00fcze, gece g\u00f6r\u00fc\u015f sistemleri ve benzeri askeri tekniklerin geli\u015fmesi ile \u00f6nemi artm\u0131\u015ft\u0131r. S\u0131n\u0131r g\u00f6zetlemeleri, kararg\u00e2h, askeri tesis ve karakollar\u0131n korunmas\u0131, k\u0131y\u0131-liman g\u00f6zetlemeleri, petrol platformu, boru hatt\u0131 ve baraj gibi sivil tesislerin korunmas\u0131nda termal kameralar s\u0131kl\u0131kla kullan\u0131lmaktad\u0131r.<\/p><p>Gece G\u00f6r\u00fc\u015f Kameralar\u0131,<\/p><p>\u00dczerindeki \u0131\u015f\u0131k alg\u0131lay\u0131c\u0131 sens\u00f6rler sayesinde \u0131\u015f\u0131\u011f\u0131n belli bir seviyenin alt\u0131na indi\u011fi ortamlarda, IR ayd\u0131nlatma ledleri devreye girer. Karanl\u0131k ortamda cisimlerin \u00fczerine k\u0131z\u0131l\u00f6tesi \u0131\u015f\u0131nlar g\u00f6nderir.<\/p><p>\u00a0<\/p><ul><li><pre style=\"font-size: 14px; font-style: normal; font-variant-ligatures: normal; font-variant-caps: normal; font-weight: 400; color: #777777;\"><strong style=\"color: #ff0000; font-size: 14px; background-color: var(--wd-main-bgcolor);\">Alarm Sistemleri<\/strong><\/pre><\/li><\/ul><p><strong>Ba\u015fta Paradox, Neutron ve Dahua olmak \u00fczere sekt\u00f6r\u00fcn en iyileri ile \u00e7\u00f6z\u00fcm ortakl\u0131\u011f\u0131 yap\u0131yoruz.\u00a0<\/strong><\/p><p>Alarm Sistemleri ile ev veya i\u015fyerinizde kullanabilece\u011finiz g\u00fcvenilir \u00e7\u00f6z\u00fcmler sunar. T\u00fcm sistem ekipmanlar\u0131n\u0131n kablosuz olmas\u0131 kolay kurulum ve kullan\u0131m kolay\u0131\u011f\u0131 sa\u011flar. Sistem i\u00e7erisinde P\u0131r Hareket Dedekt\u00f6rleri, Kap\u0131 Pencere Manyetik Dedekt\u00f6rler, Duman Dedekt\u00f6rleri, Su Bask\u0131n ve \u015eok dedekt\u00f6rleri gibi alg\u0131lama ekipmanlar\u0131 bulunur. G\u00fcvenli kablosuz teknoloji kullan\u0131r ve her dedekt\u00f6r ile ba\u011flant\u0131s\u0131 s\u00fcrekli kontrol edilir. T\u00fcm sistem Cloud ortamdan y\u00f6netildi\u011fi i\u00e7in nerede olursan\u0131z olun alarm sisteminizi uzaktan kontrol edebilirsiniz.<\/p><ul><li><pre style=\"font-size: 14px; font-style: normal; font-variant-ligatures: normal; font-variant-caps: normal; font-weight: 400; color: #777777;\"><strong style=\"color: #ff0000; font-size: 14px; background-color: var(--wd-main-bgcolor);\">Yang\u0131n Sistemleri<\/strong><\/pre><\/li><\/ul><p><strong>Ba\u015fta ALFAMax , code ve Teknim olmak \u00fczere sekt\u00f6r\u00fcn en iyileri ile \u00e7\u00f6z\u00fcm ortakl\u0131\u011f\u0131 yap\u0131yoruz.<\/strong><\/p><p>g\u0131n Alarm sistemlerinin sa\u011fl\u0131kl\u0131 bir \u015fekilde \u00e7al\u0131\u015fmas\u0131 ve g\u00f6revini yerine getirmesi direkt olarak insan hayat\u0131na etki etti\u011finden, belirli standartlarda \u00fcretilmesi gerekmektedir. Bir yang\u0131n alarm sisteminin gerekli standartlarda \u00fcretildi\u011fi, sahip oldu\u011fu sertifikalardan anla\u015f\u0131labilmektedir. Bu sertifikalar ba\u011f\u0131ms\u0131z kurulu\u015flar ve\u00a0 laboratuvarlar\u0131 taraf\u0131ndan test edilerek verilmektedir. \u00dclkemiz, Avrupa Birli\u011fi taraf\u0131ndan belirlenmi\u015f olan Yang\u0131n alg\u0131lama ve ihbar sistemleri i\u00e7in haz\u0131rlanm\u0131\u015f\u00a0<strong>EN54<\/strong>\u00a0ba\u015fl\u0131\u011f\u0131 alt\u0131ndaki kalite standartlar\u0131na g\u00f6redir.<\/p><p><strong>YANGIN ALGILAMA\u00a0 PRENS\u0130B\u0130;<\/strong>\u00e7al\u0131\u015fma \u015fekli ve fonksiyonelli\u011fi a\u00e7\u0131s\u0131ndan iki farkl\u0131 t\u00fcrde \u00fcretilmektedir. Bunlardan bir tanesi Adresli di\u011feri de Konvansiyonel tipte yang\u0131n alarm sistemleridir.<\/p><p><strong>ADRESL\u0130 YANGIN ALARM S\u0130STEMLER\u0130;\u00a0<\/strong>\u00f6zellikle orta ve b\u00fcy\u00fck tipte i\u015fletme veya yap\u0131lar i\u00e7in, yang\u0131n\u0131n nereden geldi\u011fini noktasal bazda belirleyebilmek i\u00e7in kullan\u0131l\u0131r. Bu tip b\u00fcy\u00fck boyutlardaki yap\u0131larda, yang\u0131n\u0131n hangi dedekt\u00f6r veya detekt\u00f6rlerden geldi\u011fini h\u0131zl\u0131 bir \u015fekilde belirlemek ve buna uygun aksiyon almak hayati \u00f6nem ta\u015f\u0131r. Adresli yang\u0131n alarm sistemlerinin en temel \u00f6zelli\u011fi; sistemde kullan\u0131lan t\u00fcm bile\u015fenlerin her birinin \u00f6zel bir adrese sahip olmas\u0131 ve ana kontrol paneli ile devaml\u0131 haberle\u015fiyor olmas\u0131d\u0131r. Bu sayede sistemde t\u00fcm dedekt\u00f6rlerin anl\u0131k durumu ile ilgili bilgi al\u0131nabilir. Fonksiyonellik a\u00e7\u0131s\u0131ndan da adresli yang\u0131n alarm sistemleri, konvansiyonel \u00fcr\u00fcnlere g\u00f6re \u00e7ok daha esnektir ve farkl\u0131 senaryolar ile sistem tasarlamaya imk\u00e2n verir.<\/p><p><strong>KONVANS\u0130YONEL YANGIN ALGILAMA S\u0130STEM\u0130 ;<\/strong>\u00a0Adresli sistemler kadar esnek bir projelendirme imkan\u0131na sahip olmasalar da hem uygun maliyetleri hem de kolay kurulum ve kullan\u0131mlar\u0131 sayesinde \u00f6zellikle daha ufak yap\u0131larda tercih edilmektedir. Sistem dedekt\u00f6r baz\u0131nda de\u011fil b\u00f6lge (zone) baz\u0131nda uyar\u0131 verir.<\/p><p><strong>\u00a0<\/strong><\/p><p>\u00a0<\/p>\n\t\t\t\t\t<\/div>\n\t\t\t\t\t\t<\/div>\n\t\t\t\t<\/div>\n\t\t\t\t\t<\/div>\n\t\t\t\t<\/div>\n\t\t\t\t<\/div>\n\t\t","protected":false},"excerpt":{"rendered":"<p>G\u00fcvenlik \u00c7\u00f6z\u00fcmlerimiz; Kamera Sistemleri ile G\u00fcvenlik \u00c7\u00f6z\u00fcmleri Alarm Sistemleri Yang\u0131n Sistemleri Kamera Sistemleri ile G\u00fcvenlik \u00c7\u00f6z\u00fcmleri Ba\u015fta Dahua, Neutron, UNV,<\/p>\n","protected":false},"author":1,"featured_media":0,"parent":0,"menu_order":0,"comment_status":"closed","ping_status":"closed","template":"","meta":{"footnotes":""},"class_list":["post-15660","page","type-page","status-publish","hentry"],"yoast_head":"<!-- This site is optimized with the Yoast SEO plugin v27.4 - https:\/\/yoast.com\/product\/yoast-seo-wordpress\/ -->\n<title>Malatya Art\u0131 Bilgisayar &ndash; FortiGate, G&uuml;venlik Kameras\u0131 ve A\u011f &Ccedil;&ouml;z&uuml;mleri<\/title>\n<meta name=\"description\" content=\"Malatya Art\u0131 Bilgisayar Profesyonel g\u00fcvenlik ve bili\u015fim \u00e7\u00f6z\u00fcmleri ,Kablolamadan dijital ihtiya\u00e7lar\u0131n\u0131za kadar g\u00fcvenilir hizmetler sa\u011fl\u0131yoruz.\" \/>\n<meta name=\"robots\" content=\"index, follow, max-snippet:-1, max-image-preview:large, max-video-preview:-1\" \/>\n<link rel=\"canonical\" href=\"https:\/\/malatyaarti.com\/index.php\/guvenlik-cozumleri\/\" \/>\n<meta property=\"og:locale\" content=\"tr_TR\" \/>\n<meta property=\"og:type\" content=\"article\" \/>\n<meta property=\"og:title\" content=\"Malatya Art\u0131 Bilgisayar &ndash; FortiGate, G&uuml;venlik Kameras\u0131 ve A\u011f &Ccedil;&ouml;z&uuml;mleri\" \/>\n<meta property=\"og:description\" content=\"Malatya Art\u0131 Bilgisayar Profesyonel g\u00fcvenlik ve bili\u015fim \u00e7\u00f6z\u00fcmleri ,Kablolamadan dijital ihtiya\u00e7lar\u0131n\u0131za kadar g\u00fcvenilir hizmetler sa\u011fl\u0131yoruz.\" \/>\n<meta property=\"og:url\" content=\"https:\/\/malatyaarti.com\/index.php\/guvenlik-cozumleri\/\" \/>\n<meta property=\"og:site_name\" content=\"Malatya Art\u0131 Bilgisayar &ndash; FortiGate, G&uuml;venlik Kameras\u0131 ve A\u011f &Ccedil;&ouml;z&uuml;mleri\" \/>\n<meta property=\"article:publisher\" content=\"https:\/\/www.facebook.com\/malatyaarti\" \/>\n<meta property=\"article:modified_time\" content=\"2024-08-15T05:58:26+00:00\" \/>\n<meta property=\"og:image\" content=\"https:\/\/malatyaarti.com\/wp-content\/uploads\/2023\/12\/cctv-security-camera-768x513.jpg\" \/>\n<meta name=\"twitter:card\" content=\"summary_large_image\" \/>\n<meta name=\"twitter:label1\" content=\"Tahmini okuma s\u00fcresi\" \/>\n\t<meta name=\"twitter:data1\" content=\"5 dakika\" \/>\n<script type=\"application\/ld+json\" class=\"yoast-schema-graph\">{\"@context\":\"https:\\\/\\\/schema.org\",\"@graph\":[{\"@type\":\"WebPage\",\"@id\":\"https:\\\/\\\/malatyaarti.com\\\/index.php\\\/guvenlik-cozumleri\\\/\",\"url\":\"https:\\\/\\\/malatyaarti.com\\\/index.php\\\/guvenlik-cozumleri\\\/\",\"name\":\"Malatya Art\u0131 Bilgisayar &ndash; FortiGate, G&uuml;venlik Kameras\u0131 ve A\u011f &Ccedil;&ouml;z&uuml;mleri\",\"isPartOf\":{\"@id\":\"https:\\\/\\\/malatyaarti.com\\\/#website\"},\"primaryImageOfPage\":{\"@id\":\"https:\\\/\\\/malatyaarti.com\\\/index.php\\\/guvenlik-cozumleri\\\/#primaryimage\"},\"image\":{\"@id\":\"https:\\\/\\\/malatyaarti.com\\\/index.php\\\/guvenlik-cozumleri\\\/#primaryimage\"},\"thumbnailUrl\":\"https:\\\/\\\/malatyaarti.com\\\/wp-content\\\/uploads\\\/2023\\\/12\\\/cctv-security-camera-768x513.jpg\",\"datePublished\":\"2023-12-20T10:23:00+00:00\",\"dateModified\":\"2024-08-15T05:58:26+00:00\",\"description\":\"Malatya Art\u0131 Bilgisayar Profesyonel g\u00fcvenlik ve bili\u015fim \u00e7\u00f6z\u00fcmleri ,Kablolamadan dijital ihtiya\u00e7lar\u0131n\u0131za kadar g\u00fcvenilir hizmetler sa\u011fl\u0131yoruz.\",\"breadcrumb\":{\"@id\":\"https:\\\/\\\/malatyaarti.com\\\/index.php\\\/guvenlik-cozumleri\\\/#breadcrumb\"},\"inLanguage\":\"tr\",\"potentialAction\":[{\"@type\":\"ReadAction\",\"target\":[\"https:\\\/\\\/malatyaarti.com\\\/index.php\\\/guvenlik-cozumleri\\\/\"]}]},{\"@type\":\"ImageObject\",\"inLanguage\":\"tr\",\"@id\":\"https:\\\/\\\/malatyaarti.com\\\/index.php\\\/guvenlik-cozumleri\\\/#primaryimage\",\"url\":\"https:\\\/\\\/malatyaarti.com\\\/wp-content\\\/uploads\\\/2023\\\/12\\\/cctv-security-camera-scaled.jpg\",\"contentUrl\":\"https:\\\/\\\/malatyaarti.com\\\/wp-content\\\/uploads\\\/2023\\\/12\\\/cctv-security-camera-scaled.jpg\",\"width\":2560,\"height\":1709,\"caption\":\"CCTV security camera in city of China.\"},{\"@type\":\"BreadcrumbList\",\"@id\":\"https:\\\/\\\/malatyaarti.com\\\/index.php\\\/guvenlik-cozumleri\\\/#breadcrumb\",\"itemListElement\":[{\"@type\":\"ListItem\",\"position\":1,\"name\":\"Anasayfa\",\"item\":\"https:\\\/\\\/malatyaarti.com\\\/\"},{\"@type\":\"ListItem\",\"position\":2,\"name\":\"G\u00fcvenlik \u00c7\u00f6z\u00fcmleri\"}]},{\"@type\":\"WebSite\",\"@id\":\"https:\\\/\\\/malatyaarti.com\\\/#website\",\"url\":\"https:\\\/\\\/malatyaarti.com\\\/\",\"name\":\"Malatya Art\u0131 Bilgisayar \u2013 FortiGate, G\u00fcvenlik Kameras\u0131 ve A\u011f \u00c7\u00f6z\u00fcmleri\",\"description\":\"Malatya&rsquo;da FortiGate Firewall, G&uuml;venlik Kameras\u0131 ve A\u011f &Ccedil;&ouml;z&uuml;mlerinde Profesyonel Hizmet!\",\"publisher\":{\"@id\":\"https:\\\/\\\/malatyaarti.com\\\/#organization\"},\"potentialAction\":[{\"@type\":\"SearchAction\",\"target\":{\"@type\":\"EntryPoint\",\"urlTemplate\":\"https:\\\/\\\/malatyaarti.com\\\/?s={search_term_string}\"},\"query-input\":{\"@type\":\"PropertyValueSpecification\",\"valueRequired\":true,\"valueName\":\"search_term_string\"}}],\"inLanguage\":\"tr\"},{\"@type\":\"Organization\",\"@id\":\"https:\\\/\\\/malatyaarti.com\\\/#organization\",\"name\":\"Malatya Art\u0131 Bilgisayar \u2013 FortiGate, G\u00fcvenlik Kameras\u0131 ve A\u011f \u00c7\u00f6z\u00fcmleri\",\"url\":\"https:\\\/\\\/malatyaarti.com\\\/\",\"logo\":{\"@type\":\"ImageObject\",\"inLanguage\":\"tr\",\"@id\":\"https:\\\/\\\/malatyaarti.com\\\/#\\\/schema\\\/logo\\\/image\\\/\",\"url\":\"https:\\\/\\\/malatyaarti.com\\\/wp-content\\\/uploads\\\/2025\\\/03\\\/malatya-arti-bilgisayar-fortigate-firewall-guvelik-kamerasi-sunucu-server.webp\",\"contentUrl\":\"https:\\\/\\\/malatyaarti.com\\\/wp-content\\\/uploads\\\/2025\\\/03\\\/malatya-arti-bilgisayar-fortigate-firewall-guvelik-kamerasi-sunucu-server.webp\",\"width\":700,\"height\":700,\"caption\":\"Malatya Art\u0131 Bilgisayar \u2013 FortiGate, G\u00fcvenlik Kameras\u0131 ve A\u011f \u00c7\u00f6z\u00fcmleri\"},\"image\":{\"@id\":\"https:\\\/\\\/malatyaarti.com\\\/#\\\/schema\\\/logo\\\/image\\\/\"},\"sameAs\":[\"https:\\\/\\\/www.facebook.com\\\/malatyaarti\"]}]}<\/script>\n<!-- \/ Yoast SEO plugin. -->","yoast_head_json":{"title":"Malatya Art\u0131 Bilgisayar &ndash; FortiGate, G&uuml;venlik Kameras\u0131 ve A\u011f &Ccedil;&ouml;z&uuml;mleri","description":"Malatya Art\u0131 Bilgisayar Profesyonel g\u00fcvenlik ve bili\u015fim \u00e7\u00f6z\u00fcmleri ,Kablolamadan dijital ihtiya\u00e7lar\u0131n\u0131za kadar g\u00fcvenilir hizmetler sa\u011fl\u0131yoruz.","robots":{"index":"index","follow":"follow","max-snippet":"max-snippet:-1","max-image-preview":"max-image-preview:large","max-video-preview":"max-video-preview:-1"},"canonical":"https:\/\/malatyaarti.com\/index.php\/guvenlik-cozumleri\/","og_locale":"tr_TR","og_type":"article","og_title":"Malatya Art\u0131 Bilgisayar &ndash; FortiGate, G&uuml;venlik Kameras\u0131 ve A\u011f &Ccedil;&ouml;z&uuml;mleri","og_description":"Malatya Art\u0131 Bilgisayar Profesyonel g\u00fcvenlik ve bili\u015fim \u00e7\u00f6z\u00fcmleri ,Kablolamadan dijital ihtiya\u00e7lar\u0131n\u0131za kadar g\u00fcvenilir hizmetler sa\u011fl\u0131yoruz.","og_url":"https:\/\/malatyaarti.com\/index.php\/guvenlik-cozumleri\/","og_site_name":"Malatya Art\u0131 Bilgisayar &ndash; FortiGate, G&uuml;venlik Kameras\u0131 ve A\u011f &Ccedil;&ouml;z&uuml;mleri","article_publisher":"https:\/\/www.facebook.com\/malatyaarti","article_modified_time":"2024-08-15T05:58:26+00:00","og_image":[{"url":"https:\/\/malatyaarti.com\/wp-content\/uploads\/2023\/12\/cctv-security-camera-768x513.jpg","type":"","width":"","height":""}],"twitter_card":"summary_large_image","twitter_misc":{"Tahmini okuma s\u00fcresi":"5 dakika"},"schema":{"@context":"https:\/\/schema.org","@graph":[{"@type":"WebPage","@id":"https:\/\/malatyaarti.com\/index.php\/guvenlik-cozumleri\/","url":"https:\/\/malatyaarti.com\/index.php\/guvenlik-cozumleri\/","name":"Malatya Art\u0131 Bilgisayar &ndash; FortiGate, G&uuml;venlik Kameras\u0131 ve A\u011f &Ccedil;&ouml;z&uuml;mleri","isPartOf":{"@id":"https:\/\/malatyaarti.com\/#website"},"primaryImageOfPage":{"@id":"https:\/\/malatyaarti.com\/index.php\/guvenlik-cozumleri\/#primaryimage"},"image":{"@id":"https:\/\/malatyaarti.com\/index.php\/guvenlik-cozumleri\/#primaryimage"},"thumbnailUrl":"https:\/\/malatyaarti.com\/wp-content\/uploads\/2023\/12\/cctv-security-camera-768x513.jpg","datePublished":"2023-12-20T10:23:00+00:00","dateModified":"2024-08-15T05:58:26+00:00","description":"Malatya Art\u0131 Bilgisayar Profesyonel g\u00fcvenlik ve bili\u015fim \u00e7\u00f6z\u00fcmleri ,Kablolamadan dijital ihtiya\u00e7lar\u0131n\u0131za kadar g\u00fcvenilir hizmetler sa\u011fl\u0131yoruz.","breadcrumb":{"@id":"https:\/\/malatyaarti.com\/index.php\/guvenlik-cozumleri\/#breadcrumb"},"inLanguage":"tr","potentialAction":[{"@type":"ReadAction","target":["https:\/\/malatyaarti.com\/index.php\/guvenlik-cozumleri\/"]}]},{"@type":"ImageObject","inLanguage":"tr","@id":"https:\/\/malatyaarti.com\/index.php\/guvenlik-cozumleri\/#primaryimage","url":"https:\/\/malatyaarti.com\/wp-content\/uploads\/2023\/12\/cctv-security-camera-scaled.jpg","contentUrl":"https:\/\/malatyaarti.com\/wp-content\/uploads\/2023\/12\/cctv-security-camera-scaled.jpg","width":2560,"height":1709,"caption":"CCTV security camera in city of China."},{"@type":"BreadcrumbList","@id":"https:\/\/malatyaarti.com\/index.php\/guvenlik-cozumleri\/#breadcrumb","itemListElement":[{"@type":"ListItem","position":1,"name":"Anasayfa","item":"https:\/\/malatyaarti.com\/"},{"@type":"ListItem","position":2,"name":"G\u00fcvenlik \u00c7\u00f6z\u00fcmleri"}]},{"@type":"WebSite","@id":"https:\/\/malatyaarti.com\/#website","url":"https:\/\/malatyaarti.com\/","name":"Malatya Art\u0131 Bilgisayar \u2013 FortiGate, G\u00fcvenlik Kameras\u0131 ve A\u011f \u00c7\u00f6z\u00fcmleri","description":"Malatya&rsquo;da FortiGate Firewall, G&uuml;venlik Kameras\u0131 ve A\u011f &Ccedil;&ouml;z&uuml;mlerinde Profesyonel Hizmet!","publisher":{"@id":"https:\/\/malatyaarti.com\/#organization"},"potentialAction":[{"@type":"SearchAction","target":{"@type":"EntryPoint","urlTemplate":"https:\/\/malatyaarti.com\/?s={search_term_string}"},"query-input":{"@type":"PropertyValueSpecification","valueRequired":true,"valueName":"search_term_string"}}],"inLanguage":"tr"},{"@type":"Organization","@id":"https:\/\/malatyaarti.com\/#organization","name":"Malatya Art\u0131 Bilgisayar \u2013 FortiGate, G\u00fcvenlik Kameras\u0131 ve A\u011f \u00c7\u00f6z\u00fcmleri","url":"https:\/\/malatyaarti.com\/","logo":{"@type":"ImageObject","inLanguage":"tr","@id":"https:\/\/malatyaarti.com\/#\/schema\/logo\/image\/","url":"https:\/\/malatyaarti.com\/wp-content\/uploads\/2025\/03\/malatya-arti-bilgisayar-fortigate-firewall-guvelik-kamerasi-sunucu-server.webp","contentUrl":"https:\/\/malatyaarti.com\/wp-content\/uploads\/2025\/03\/malatya-arti-bilgisayar-fortigate-firewall-guvelik-kamerasi-sunucu-server.webp","width":700,"height":700,"caption":"Malatya Art\u0131 Bilgisayar \u2013 FortiGate, G\u00fcvenlik Kameras\u0131 ve A\u011f \u00c7\u00f6z\u00fcmleri"},"image":{"@id":"https:\/\/malatyaarti.com\/#\/schema\/logo\/image\/"},"sameAs":["https:\/\/www.facebook.com\/malatyaarti"]}]}},"_links":{"self":[{"href":"https:\/\/malatyaarti.com\/index.php\/wp-json\/wp\/v2\/pages\/15660","targetHints":{"allow":["GET"]}}],"collection":[{"href":"https:\/\/malatyaarti.com\/index.php\/wp-json\/wp\/v2\/pages"}],"about":[{"href":"https:\/\/malatyaarti.com\/index.php\/wp-json\/wp\/v2\/types\/page"}],"author":[{"embeddable":true,"href":"https:\/\/malatyaarti.com\/index.php\/wp-json\/wp\/v2\/users\/1"}],"replies":[{"embeddable":true,"href":"https:\/\/malatyaarti.com\/index.php\/wp-json\/wp\/v2\/comments?post=15660"}],"version-history":[{"count":22,"href":"https:\/\/malatyaarti.com\/index.php\/wp-json\/wp\/v2\/pages\/15660\/revisions"}],"predecessor-version":[{"id":16253,"href":"https:\/\/malatyaarti.com\/index.php\/wp-json\/wp\/v2\/pages\/15660\/revisions\/16253"}],"wp:attachment":[{"href":"https:\/\/malatyaarti.com\/index.php\/wp-json\/wp\/v2\/media?parent=15660"}],"curies":[{"name":"wp","href":"https:\/\/api.w.org\/{rel}","templated":true}]}}